{"id":257653,"date":"2017-09-08T14:43:46","date_gmt":"2017-09-08T14:43:46","guid":{"rendered":"http:\/\/sanremofestival.info\/de\/tickets-san-remo-festival-2018\/"},"modified":"2025-02-19T11:25:16","modified_gmt":"2025-02-19T11:25:16","slug":"tickets-san-remo-festival","status":"publish","type":"page","link":"https:\/\/sanremofestival.info\/de\/tickets-san-remo-festival\/","title":{"rendered":"Tickets f\u00fcr das San Remo Festival"},"content":{"rendered":"<p>[et_pb_section fb_built=&#8220;1&#8243; _builder_version=&#8220;4.16&#8243; _module_preset=&#8220;default&#8220; global_colors_info=&#8220;{}&#8220;][et_pb_row column_structure=&#8220;3_5,2_5&#8243; _builder_version=&#8220;4.16&#8243; _module_preset=&#8220;default&#8220; global_colors_info=&#8220;{}&#8220;][et_pb_column type=&#8220;3_5&#8243; _builder_version=&#8220;4.16&#8243; _module_preset=&#8220;default&#8220; global_colors_info=&#8220;{}&#8220;][et_pb_text admin_label=&#8220;Text&#8220; _builder_version=&#8220;4.19.5&#8243; background_size=&#8220;initial&#8220; background_position=&#8220;top_left&#8220; background_repeat=&#8220;repeat&#8220; global_colors_info=&#8220;{}&#8220;]<\/p>\n<h3>Alle Informationen, die Sie brauchen, um die Tickets f\u00fcr das San Remo Festival 2024 zu kaufen, um an den 5 Abenden des San Remo Festivals des italienischen Songs teilzunehmen, finden Sie hier.<\/h3>\n<p>Der Kartenverkauf des San Remo Festivals wird von dem RAI, einem italienischen Radio\/TV-Sender, welcher die Veranstaltung organisiert, gef\u00fchrt.<\/p>\n<p>Die f\u00fcr die \u00d6ffentlichkeit verf\u00fcgbaren Pl\u00e4tze im Ariston Theater sind streng limitiert, weil die Publikumsgr\u00f6\u00dfe durch die beeindruckende B\u00fchnengestaltung und durch die Tatsache, dass die meisten Sitze institutionellen G\u00e4sten des staatlichen Fernsehens und der Kommune San Remo vorbehalten sind, begrenzt wird.<\/p>\n<p><strong>Vorverk\u00e4ufe sind nur mit Kaufoptionen f\u00fcr die 5 Abende der Veranstaltung verf\u00fcgbar.<\/strong><\/p>\n<h3>\u00a0<\/h3>\n<h3>HOTEL+TICKET PAKETE<\/h3>\n<p>Eine begrenzte Anzahl von Kaufoptionen sind f\u00fcr Kunden des San Remo Hotels reserviert, die das volle Urlaubs-Paket f\u00fcr die Veranstaltung kaufen.<\/p>\n<p><strong><span style=\"color: #ff0000;\">Kontaktieren Sie uns \u00fcber das &#8222;Kontaktieren Sie uns&#8220;-Formular auf der Webseite, um mehr Informationen zur Verf\u00fcgbarkeit von Urlaubs-Paketen, Hotelunterbringungen + Tickets f\u00fcr die Veranstaltung zu erhalten.<\/span><\/strong><\/p>\n<p>&nbsp;<\/p>\n<h3>RAI KARTENVERKAUF<\/h3>\n<p>In den ersten Tagen im Januar wird RAI einen Kartenverkauf f\u00fcr das Buchen der restlichen Kaufoptionen aktivieren.<br \/>Normalerweise wird eine FAX-Nummer f\u00fcr die Anfrage angegeben.<br \/>Kaufoptionen werden zuf\u00e4llig auf diejenigen verteilt, die eine Anfrage gestellt haben.<br \/>Bitte bedenken Sie, dass die Nachfrage nach Tickets f\u00fcr die Veranstaltung die Kapazit\u00e4ten des Theaters stark \u00fcbersteigt.<br \/>In den vergangenen Jahren wurde die Verf\u00fcgbarkeit von Kaufoptionen in dieser Phase auf den Bereich der Trib\u00fcne im Theater beschr\u00e4nkt.<\/p>\n<p>&nbsp;<\/p>\n<h3>ARISTON THEATER\u00a0KARTNEVERKAUF<\/h3>\n<p>In den Tagen kurz vor der Veranstaltung und w\u00e4hrend des Festivals wird es einen Kartenverkauf im Ariston Theater geben.<br \/>\u00dcblicherweise stehen dort die wenigen Tickets f\u00fcr die Sitze im Bereich des Parketts, die im Voraus gebucht, aber nicht rechtzeitig zur\u00fcckgenommen wurden, und einige Tickets f\u00fcr den Bereich der Trib\u00fcne zum Verkauf.<br \/>Nur in dieser Phase ist es m\u00f6glich, Tickets f\u00fcr einzelne Abende der Veranstaltung zu kaufen.<br \/>Auch in diesem Fall \u00fcbersteigt die Nachfrage nach Tickets das bestehende Angebot, weswegen es fast unm\u00f6glich ist, Tickets zu finden.<\/p>\n<p><strong><span style=\"color: #ff0000;\">Wenn Sie wahre Liebhaber des italienischen Songs sind, empfehlen wir Ihnen rechtzeitig ein Urlaubs-Paket zu buchen. Kontaktieren Sie uns \u00fcber das &#8222;Kontaktieren Sie uns&#8220;-Formular auf der Webseite und wir werden uns freuen, Ihnen weiterzuhelfen.\u00a0<\/span><\/strong><\/p>\n<p>&nbsp;<\/p>\n<p>[\/et_pb_text][et_pb_text admin_label=&#8220;Text&#8220; _builder_version=&#8220;4.16&#8243; background_size=&#8220;initial&#8220; background_position=&#8220;top_left&#8220; background_repeat=&#8220;repeat&#8220; global_colors_info=&#8220;{}&#8220;]<\/p>\n<h3>VERF\u00dcGBARE SITZE<\/h3>\n<p>Die Sitzzuteilung liegt im alleinigen Ermessen des RAI.<br \/>Im folgenden erhalten Sie einen \u00dcberblick \u00fcber die im Vorverkauf verf\u00fcgbaren Sitze.<\/p>\n<table style=\"border-collapse: collapse; width: 100%;\" border=\"1\">\n<caption>ARISTON THEATER<\/caption>\n<tbody>\n<tr>\n<td style=\"width: 20%;\">\u00a0<\/td>\n<td style=\"width: 30%;\">Bereich<\/td>\n<td style=\"width: 70%;\">Verf\u00fcgbarkeit&#8216;<\/td>\n<\/tr>\n<tr>\n<td style=\"width: 20%;\">Rang<\/td>\n<td style=\"width: 30%;\">sector 1\u00b0<\/td>\n<td style=\"width: 70%;\">nur f\u00fcr institutionelle G\u00e4ste<\/td>\n<\/tr>\n<tr>\n<td style=\"width: 20%;\">Rang<\/td>\n<td style=\"width: 30%;\">sector 2\u00b0<\/td>\n<td style=\"width: 70%;\">teilweise verf\u00fcgbar im Vorverkauf<\/td>\n<\/tr>\n<tr>\n<td style=\"width: 20%;\">Trib\u00fcne<\/td>\n<td style=\"width: 30%;\">einzigartiger Bereich<\/td>\n<td style=\"width: 70%;\">teilweise verf\u00fcgbar im Vorverkauf<\/td>\n<\/tr>\n<\/tbody>\n<\/table>\n<p>[\/et_pb_text][et_pb_text admin_label=&#8220;Text&#8220; _builder_version=&#8220;4.19.5&#8243; background_size=&#8220;initial&#8220; background_position=&#8220;top_left&#8220; background_repeat=&#8220;repeat&#8220; global_colors_info=&#8220;{}&#8220;]<\/p>\n<p><strong>SICHERHEITSMA\u00dfNAHMEN<\/strong><\/p>\n<p>Die Veranstaltungstickets sind Namen zugeordnet, also sind zum Kauf die kompletten Angaben des K\u00e4ufers n\u00f6tig.<\/p>\n<p>Wenn Sie ein Urlaubspaket kaufen, das von unserer Agentur angeboten wird, m\u00fcssen Sie sich nicht um die ganze komplizierte B\u00fcrokratie k\u00fcmmern.<\/p>\n<p>[\/et_pb_text][\/et_pb_column][et_pb_column type=&#8220;2_5&#8243; _builder_version=&#8220;4.16&#8243; _module_preset=&#8220;default&#8220; global_colors_info=&#8220;{}&#8220;][et_pb_text _builder_version=&#8220;4.27.4&#8243; _module_preset=&#8220;default&#8220; locked=&#8220;off&#8220; global_colors_info=&#8220;{}&#8220;]<\/p>\n<h3>FORDERN SIE INFORMATIONEN \u00dcBER PAKETE MIT SANREMO-FESTIVAL-TICKETS AN<\/h3>\n\n<div class=\"wpcf7 no-js\" id=\"wpcf7-f443904-o1\" lang=\"it-IT\" dir=\"ltr\" data-wpcf7-id=\"443904\">\n<div class=\"screen-reader-response\"><p role=\"status\" aria-live=\"polite\" aria-atomic=\"true\"><\/p> <ul><\/ul><\/div>\n<form action=\"\/de\/wp-json\/wp\/v2\/pages\/257653#wpcf7-f443904-o1\" method=\"post\" class=\"wpcf7-form init\" aria-label=\"Modulo di contatto\" novalidate=\"novalidate\" data-status=\"init\">\n<div style=\"display: none;\">\n<input type=\"hidden\" name=\"_wpcf7\" value=\"443904\" \/>\n<input type=\"hidden\" name=\"_wpcf7_version\" value=\"6.0.3\" \/>\n<input type=\"hidden\" name=\"_wpcf7_locale\" value=\"it_IT\" \/>\n<input type=\"hidden\" name=\"_wpcf7_unit_tag\" value=\"wpcf7-f443904-o1\" \/>\n<input type=\"hidden\" name=\"_wpcf7_container_post\" value=\"0\" \/>\n<input type=\"hidden\" name=\"_wpcf7_posted_data_hash\" value=\"\" \/>\n<input type=\"hidden\" name=\"_wpcf7_recaptcha_response\" value=\"\" \/>\n<\/div>\n<p>\t\t<div id=\"cf7md-form\" class=\"cf7md-form\">\n\t\t\t<div class=\"mdc-layout-grid\">\n\t\t\t\t<div class=\"mdc-layout-grid__inner\">\n\t\t\t\t\t\t\t\t\t\t\n<\/p>\n\t\t\n\t\t<div class=\"cf7md-item cf7md-text mdc-layout-grid__cell mdc-layout-grid__cell--span-12\">\n\t\t\t<br \/>\n<span class=\"wpcf7-form-control-wrap\" data-name=\"your-name\"><input size=\"40\" maxlength=\"400\" class=\"wpcf7-form-control wpcf7-text wpcf7-validates-as-required\" aria-required=\"true\" aria-invalid=\"false\" value=\"\" type=\"text\" name=\"your-name\" \/><\/span><br \/>\n\t\t\t\t\t\t<div style=\"display: none;\" class=\"cf7md-text-html\">\n\t\t\t\t<div class=\"mdc-text-field \">\n\t\t\t\t\t\n\t\t\t\t\t\t\t\t\t\t\t<label class=\"mdc-floating-label\">Vorname<\/label>\n\t\t\t\t\t\t<div class=\"mdc-line-ripple\"><\/div>\n\t\t\t\t\t\t\t\t\t<\/div>\n\t\t\t<\/div>\n\t\t<\/div>\n\t\t\n\t\t\n\t\t<div class=\"cf7md-item cf7md-text mdc-layout-grid__cell mdc-layout-grid__cell--span-12\">\n\t\t\t<br \/>\n<span class=\"wpcf7-form-control-wrap\" data-name=\"your-email\"><input size=\"40\" maxlength=\"400\" class=\"wpcf7-form-control wpcf7-email wpcf7-validates-as-required wpcf7-text wpcf7-validates-as-email\" aria-required=\"true\" aria-invalid=\"false\" value=\"\" type=\"email\" name=\"your-email\" \/><\/span><br \/>\n\t\t\t\t\t\t<div style=\"display: none;\" class=\"cf7md-text-html\">\n\t\t\t\t<div class=\"mdc-text-field \">\n\t\t\t\t\t\n\t\t\t\t\t\t\t\t\t\t\t<label class=\"mdc-floating-label\">E-mail<\/label>\n\t\t\t\t\t\t<div class=\"mdc-line-ripple\"><\/div>\n\t\t\t\t\t\t\t\t\t<\/div>\n\t\t\t<\/div>\n\t\t<\/div>\n\t\t\n\t\t\n\t\t<div class=\"cf7md-item cf7md-text mdc-layout-grid__cell mdc-layout-grid__cell--span-12\">\n\t\t\t<br \/>\n<span class=\"wpcf7-form-control-wrap\" data-name=\"your-phone\"><input size=\"40\" maxlength=\"400\" class=\"wpcf7-form-control wpcf7-text wpcf7-validates-as-required\" aria-required=\"true\" aria-invalid=\"false\" value=\"\" type=\"text\" name=\"your-phone\" \/><\/span><br \/>\n\t\t\t\t\t\t<div style=\"display: none;\" class=\"cf7md-text-html\">\n\t\t\t\t<div class=\"mdc-text-field \">\n\t\t\t\t\t\n\t\t\t\t\t\t\t\t\t\t\t<label class=\"mdc-floating-label\">Mobiltelefonnummer<\/label>\n\t\t\t\t\t\t<div class=\"mdc-line-ripple\"><\/div>\n\t\t\t\t\t\t\t\t\t<\/div>\n\t\t\t<\/div>\n\t\t<\/div>\n\t\t\n\t\t\n\t\t<div class=\"cf7md-item cf7md-text mdc-layout-grid__cell mdc-layout-grid__cell--span-12\">\n\t\t\t<br \/>\n<span class=\"wpcf7-form-control-wrap\" data-name=\"your-country\"><input size=\"40\" maxlength=\"400\" class=\"wpcf7-form-control wpcf7-text wpcf7-validates-as-required\" aria-required=\"true\" aria-invalid=\"false\" value=\"\" type=\"text\" name=\"your-country\" \/><\/span><br \/>\n\t\t\t\t\t\t<div style=\"display: none;\" class=\"cf7md-text-html\">\n\t\t\t\t<div class=\"mdc-text-field \">\n\t\t\t\t\t\n\t\t\t\t\t\t\t\t\t\t\t<label class=\"mdc-floating-label\">Land<\/label>\n\t\t\t\t\t\t<div class=\"mdc-line-ripple\"><\/div>\n\t\t\t\t\t\t\t\t\t<\/div>\n\t\t\t<\/div>\n\t\t<\/div>\n\t\t\n\t\t<div class=\"cf7md-item cf7md-radio mdc-layout-grid__cell mdc-layout-grid__cell--span-12 cf7md-list cf7md-list__stacked\">\n\t\t\t\t\t\t\t<label class=\"cf7md-label cf7md-label--static\">W\u00e4hlen Sie das Produkt, f\u00fcr das Sie sich interessieren<\/label>\n\t\t\t\t\t\t<br \/>\n<span class=\"wpcf7-form-control-wrap\" data-name=\"radio-671\"><span class=\"wpcf7-form-control wpcf7-radio\"><span class=\"wpcf7-list-item first\"><input type=\"radio\" name=\"radio-671\" value=\"Paket mit Eintrittskarten f\u00fcr die 5 Abende und 5 Hotel\u00fcbernachtungen\" checked=\"checked\" \/><span class=\"wpcf7-list-item-label\">Paket mit Eintrittskarten f\u00fcr die 5 Abende und 5 Hotel\u00fcbernachtungen<\/span><\/span><span class=\"wpcf7-list-item\"><input type=\"radio\" name=\"radio-671\" value=\"Nur den Hotelaufenthalt buchen - ohne Tickets\" \/><span class=\"wpcf7-list-item-label\">Nur den Hotelaufenthalt buchen - ohne Tickets<\/span><\/span><span class=\"wpcf7-list-item\"><input type=\"radio\" name=\"radio-671\" value=\"Eine Wohnung mieten - ohne Tickets\" \/><span class=\"wpcf7-list-item-label\">Eine Wohnung mieten - ohne Tickets<\/span><\/span><span class=\"wpcf7-list-item\"><input type=\"radio\" name=\"radio-671\" value=\"Eine Villa mieten - ohne Tickets\" \/><span class=\"wpcf7-list-item-label\">Eine Villa mieten - ohne Tickets<\/span><\/span><span class=\"wpcf7-list-item\"><input type=\"radio\" name=\"radio-671\" value=\"Flughafentransfer buchen\" \/><span class=\"wpcf7-list-item-label\">Flughafentransfer buchen<\/span><\/span><span class=\"wpcf7-list-item last\"><input type=\"radio\" name=\"radio-671\" value=\"Touristenpaket mit Eintrittskarten f\u00fcr einzelne Abende\" \/><span class=\"wpcf7-list-item-label\">Touristenpaket mit Eintrittskarten f\u00fcr einzelne Abende<\/span><\/span><\/span><\/span><br \/>\n\t\t\t<div style=\"display: none;\" class=\"cf7md-radio-html\">\n\t\t\t\t<div class=\"mdc-radio__background\">\n\t\t\t\t\t<div class=\"mdc-radio__outer-circle\"><\/div>\n\t\t\t\t\t<div class=\"mdc-radio__inner-circle\"><\/div>\n\t\t\t\t<\/div>\n\t\t\t<\/div>\n\t\t\t\t\t<\/div>\n\t\t\n\n\t\t<div class=\"cf7md-item cf7md-textarea mdc-layout-grid__cell mdc-layout-grid__cell--span-12 cf7md-textarea-autosize\">\n\t\t\t<br \/>\n<span class=\"wpcf7-form-control-wrap\" data-name=\"your-message\"><textarea cols=\"40\" rows=\"10\" maxlength=\"2000\" class=\"wpcf7-form-control wpcf7-textarea wpcf7-validates-as-required\" aria-required=\"true\" aria-invalid=\"false\" name=\"your-message\"><\/textarea><\/span><br \/>\n\t\t\t\t\t\t<div style=\"display: none;\" class=\"cf7md-text-html\">\n\t\t\t\t<div class=\"mdc-text-field  mdc-text-field--textarea\">\n\t\t\t\t\t\t\t\t\t\t<div class=\"mdc-notched-outline\">\n\t\t\t\t\t\t<div class=\"mdc-notched-outline__leading\"><\/div>\n\t\t\t\t\t\t<div class=\"mdc-notched-outline__notch\">\n\t\t\t\t\t\t\t<label class=\"mdc-floating-label\">Anzahl der Personen und spezifische Anfragen<\/label>\n\t\t\t\t\t\t<\/div>\n\t\t\t\t\t\t<div class=\"mdc-notched-outline__trailing\"><\/div>\n\t\t\t\t\t<\/div>\n\t\t\t\t<\/div>\n\t\t\t<\/div>\n\t\t<\/div>\n\t\t\n<p><span class=\"wpcf7-form-control-wrap\" data-name=\"acceptance-345\"><span class=\"wpcf7-form-control wpcf7-acceptance\"><span class=\"wpcf7-list-item\"><input type=\"checkbox\" name=\"acceptance-345\" value=\"1\" aria-invalid=\"false\" \/><\/span><\/span><\/span> Hiermit erkl\u00e4re ich, die <a href=\"http:\/\/www.nyalatravel.com\/de\/privacy-policy\/\" target=\"_blank\">Privacy Policy<\/a> gelesen und akteptiert zu haben.\n<\/p>\n\t\t<div class=\"cf7md-item cf7md-submit mdc-layout-grid__cell mdc-layout-grid__cell--span-12\" data-button-style=\"raised\">\n\t\t\t<br \/>\n<input class=\"wpcf7-form-control wpcf7-submit has-spinner\" type=\"submit\" value=\"Senden\" \/><br \/>\n\t\t\t<svg class=\"cf7md-spinner\" width=\"25px\" height=\"25px\" viewBox=\"0 0 66 66\" xmlns=\"http:\/\/www.w3.org\/2000\/svg\">\n\t\t\t\t<circle class=\"cf7md-spinner-path\" fill=\"none\" stroke-width=\"6\" stroke-linecap=\"round\" cx=\"33\" cy=\"33\" r=\"30\"><\/circle>\n\t\t\t<\/svg>\n\t\t<\/div>\n\t\t\n\t\t\t\t\t\t\t\t\t<\/div>\n\t\t\t<\/div>\n\t\t<\/div>\n\t\t\n<\/p><p style=\"display: none !important;\" class=\"akismet-fields-container\" data-prefix=\"_wpcf7_ak_\"><label>&#916;<textarea name=\"_wpcf7_ak_hp_textarea\" cols=\"45\" rows=\"8\" maxlength=\"100\"><\/textarea><\/label><input type=\"hidden\" id=\"ak_js_1\" name=\"_wpcf7_ak_js\" value=\"132\"\/><script>document.getElementById( \"ak_js_1\" ).setAttribute( \"value\", ( new Date() ).getTime() );<\/script><\/p><div class=\"wpcf7-response-output\" aria-hidden=\"true\"><\/div>\n<\/form>\n<\/div>\n\n<p>[\/et_pb_text][et_pb_sidebar _builder_version=&#8220;4.16&#8243; _module_preset=&#8220;default&#8220; global_colors_info=&#8220;{}&#8220;][\/et_pb_sidebar][\/et_pb_column][\/et_pb_row][\/et_pb_section]<\/p>\n","protected":false},"excerpt":{"rendered":"<p>Alle Informationen, die Sie brauchen, um die Tickets f\u00fcr das San Remo Festival 2024 zu kaufen, um an den 5 Abenden des San Remo Festivals des italienischen Songs teilzunehmen, finden Sie hier. Der Kartenverkauf des San Remo Festivals wird von dem RAI, einem italienischen Radio\/TV-Sender, welcher die Veranstaltung organisiert, gef\u00fchrt. Die f\u00fcr die \u00d6ffentlichkeit verf\u00fcgbaren [&hellip;]<\/p>\n","protected":false},"author":1,"featured_media":0,"parent":0,"menu_order":0,"comment_status":"closed","ping_status":"closed","template":"","meta":{"_et_pb_use_builder":"on","_et_pb_old_content":"<h3>Alle Informationen, die Sie brauchen, um die Tickets f\u00fcr das San Remo Festival 2021 zu kaufen, um an den 5 Abenden des San Remo Festivals des italienischen Songs teilzunehmen, finden Sie hier.<\/h3>\r\nDer Kartenverkauf des San Remo Festivals wird von dem RAI, einem italienischen Radio\/TV-Sender, welcher die Veranstaltung organisiert, gef\u00fchrt.\r\n\r\nDie f\u00fcr die \u00d6ffentlichkeit verf\u00fcgbaren Pl\u00e4tze im Ariston Theater sind streng limitiert, weil die Publikumsgr\u00f6\u00dfe durch die beeindruckende B\u00fchnengestaltung und durch die Tatsache, dass die meisten Sitze institutionellen G\u00e4sten des staatlichen Fernsehens und der Kommune San Remo vorbehalten sind, begrenzt wird.\r\n\r\n<strong>Vorverk\u00e4ufe sind nur mit Kaufoptionen f\u00fcr die 5 Abende der Veranstaltung verf\u00fcgbar.<\/strong>\r\n<h3><\/h3>\r\n<h3>HOTEL+TICKET PAKETE<\/h3>\r\nEine begrenzte Anzahl von Kaufoptionen sind f\u00fcr Kunden des San Remo Hotels reserviert, die das volle Urlaubs-Paket f\u00fcr die Veranstaltung kaufen.\r\n\r\n<strong><span style=\"color: #ff0000;\">Kontaktieren Sie uns \u00fcber das \"Kontaktieren Sie uns\"-Formular auf der Webseite, um mehr Informationen zur Verf\u00fcgbarkeit von Urlaubs-Paketen, Hotelunterbringungen + Tickets f\u00fcr die Veranstaltung zu erhalten.<\/span><\/strong>\r\n\r\n\u00a0\r\n<h3>RAI KARTENVERKAUF<\/h3>\r\nIn den ersten Tagen im Januar wird RAI einen Kartenverkauf f\u00fcr das Buchen der restlichen Kaufoptionen aktivieren.\r\nNormalerweise wird eine FAX-Nummer f\u00fcr die Anfrage angegeben.\r\nKaufoptionen werden zuf\u00e4llig auf diejenigen verteilt, die eine Anfrage gestellt haben.\r\nBitte bedenken Sie, dass die Nachfrage nach Tickets f\u00fcr die Veranstaltung die Kapazit\u00e4ten des Theaters stark \u00fcbersteigt.\r\nIn den vergangenen Jahren wurde die Verf\u00fcgbarkeit von Kaufoptionen in dieser Phase auf den Bereich der Trib\u00fcne im Theater beschr\u00e4nkt.\r\n\r\n\u00a0\r\n<h3>ARISTON THEATER\u00a0KARTNEVERKAUF<\/h3>\r\nIn den Tagen kurz vor der Veranstaltung und w\u00e4hrend des Festivals wird es einen Kartenverkauf im Ariston Theater geben.\r\n\u00dcblicherweise stehen dort die wenigen Tickets f\u00fcr die Sitze im Bereich des Parketts, die im Voraus gebucht, aber nicht rechtzeitig zur\u00fcckgenommen wurden, und einige Tickets f\u00fcr den Bereich der Trib\u00fcne zum Verkauf.\r\nNur in dieser Phase ist es m\u00f6glich, Tickets f\u00fcr einzelne Abende der Veranstaltung zu kaufen.\r\nAuch in diesem Fall \u00fcbersteigt die Nachfrage nach Tickets das bestehende Angebot, weswegen es fast unm\u00f6glich ist, Tickets zu finden.\r\n\r\n<strong><span style=\"color: #ff0000;\">Wenn Sie wahre Liebhaber des italienischen Songs sind, empfehlen wir Ihnen rechtzeitig ein Urlaubs-Paket zu buchen. Kontaktieren Sie uns \u00fcber das \"Kontaktieren Sie uns\"-Formular auf der Webseite und wir werden uns freuen, Ihnen weiterzuhelfen.\u00a0<\/span><\/strong>\r\n\r\n\u00a0\r\n<h3>VERF\u00dcGBARE SITZE<\/h3>\r\nDie Sitzzuteilung liegt im alleinigen Ermessen des RAI.\r\nIm folgenden erhalten Sie einen \u00dcberblick \u00fcber die im Vorverkauf verf\u00fcgbaren Sitze.\r\n\r\n[table caption=\"ARISTON THEATER\" width=\"500\" colwidth=\"100|100|300\" colalign=\"left|left|left\"]\r\n,Bereich,Verf\u00fcgbarkeit \r\nRang,sector 1\u00b0 ,nur f\u00fcr institutionelle G\u00e4ste\r\nRang,sector 2\u00b0,teilweise verf\u00fcgbar im Vorverkauf\r\nTrib\u00fcne, einzigartiger Bereich, teilweise verf\u00fcgbar im Vorverkauf\r\n[\/table]\r\n\r\n<strong>SICHERHEITSMA\u00dfNAHMEN<\/strong>\r\n\r\nDie Veranstaltungstickets sind Namen zugeordnet, also sind zum Kauf die kompletten Angaben des K\u00e4ufers n\u00f6tig.\r\n\r\nWenn Sie ein Urlaubspaket kaufen, das von unserer Agentur angeboten wird, m\u00fcssen Sie sich nicht um die ganze komplizierte B\u00fcrokratie k\u00fcmmern.","_et_gb_content_width":"","footnotes":""},"class_list":["post-257653","page","type-page","status-publish","hentry"],"_links":{"self":[{"href":"https:\/\/sanremofestival.info\/de\/wp-json\/wp\/v2\/pages\/257653","targetHints":{"allow":["GET"]}}],"collection":[{"href":"https:\/\/sanremofestival.info\/de\/wp-json\/wp\/v2\/pages"}],"about":[{"href":"https:\/\/sanremofestival.info\/de\/wp-json\/wp\/v2\/types\/page"}],"author":[{"embeddable":true,"href":"https:\/\/sanremofestival.info\/de\/wp-json\/wp\/v2\/users\/1"}],"replies":[{"embeddable":true,"href":"https:\/\/sanremofestival.info\/de\/wp-json\/wp\/v2\/comments?post=257653"}],"version-history":[{"count":14,"href":"https:\/\/sanremofestival.info\/de\/wp-json\/wp\/v2\/pages\/257653\/revisions"}],"predecessor-version":[{"id":444292,"href":"https:\/\/sanremofestival.info\/de\/wp-json\/wp\/v2\/pages\/257653\/revisions\/444292"}],"wp:attachment":[{"href":"https:\/\/sanremofestival.info\/de\/wp-json\/wp\/v2\/media?parent=257653"}],"curies":[{"name":"wp","href":"https:\/\/api.w.org\/{rel}","templated":true}]}}