{"id":257717,"date":"2017-09-09T09:06:35","date_gmt":"2017-09-09T09:06:35","guid":{"rendered":"http:\/\/sanremofestival.info\/de\/nebenveranstaltungen-des-san-remo-festivals-2018\/"},"modified":"2020-10-20T05:47:12","modified_gmt":"2020-10-20T05:47:12","slug":"nebenveranstaltungen-des-san-remo-festivals-2018","status":"publish","type":"page","link":"https:\/\/sanremofestival.info\/de\/nebenveranstaltungen-des-san-remo-festivals-2018\/","title":{"rendered":"Nebenveranstaltungen des San Remo Festivals"},"content":{"rendered":"<p>[et_pb_section fb_built=&#8220;1&#8243; specialty=&#8220;on&#8220; module_class=&#8220;all_pages_section&#8220; _builder_version=&#8220;4.5.1&#8243; _module_preset=&#8220;default&#8220;][et_pb_column type=&#8220;3_4&#8243; specialty_columns=&#8220;3&#8243; _builder_version=&#8220;3.25&#8243; custom_padding=&#8220;|||&#8220; custom_padding__hover=&#8220;|||&#8220;][et_pb_row_inner _builder_version=&#8220;4.5.1&#8243; _module_preset=&#8220;default&#8220;][et_pb_column_inner saved_specialty_column_type=&#8220;3_4&#8243; module_class=&#8220;content_col&#8220; _builder_version=&#8220;4.5.1&#8243; _module_preset=&#8220;default&#8220;][et_pb_text _builder_version=&#8220;4.5.1&#8243; background_size=&#8220;initial&#8220; background_position=&#8220;top_left&#8220; background_repeat=&#8220;repeat&#8220; hover_enabled=&#8220;0&#8243;]<\/p>\n<h3><strong>Die Woche w\u00e4hrend des Festivals des italienischen Songs in San Remo zu verbringen ist die perfekte Gelegenheit, vollst\u00e4ndig in Musik und Unterhaltung einzutauchen.<\/strong><\/h3>\n<p>&nbsp;<\/p>\n<p>Wir m\u00f6chten auf einige Orte hinweisen, auf die man ein Auge f\u00fcr eine erfolgreiche Autogramm-Jagd haben sollte.<\/p>\n<p><a href=\"http:\/\/sanremofestival.info\/wp-content\/uploads\/2013\/08\/sanremo-festival-2017.jpg\"><img loading=\"lazy\" decoding=\"async\" class=\"aligncenter size-medium wp-image-244892\" src=\"http:\/\/sanremofestival.info\/wp-content\/uploads\/2013\/08\/sanremo-festival-2017-300x150.jpg\" alt=\"Stampa\" width=\"500\" height=\"250\" srcset=\"https:\/\/sanremofestival.info\/wp-content\/uploads\/2013\/08\/sanremo-festival-2017-300x150.jpg 300w, https:\/\/sanremofestival.info\/wp-content\/uploads\/2013\/08\/sanremo-festival-2017-768x384.jpg 768w, https:\/\/sanremofestival.info\/wp-content\/uploads\/2013\/08\/sanremo-festival-2017-1024x512.jpg 1024w, https:\/\/sanremofestival.info\/wp-content\/uploads\/2013\/08\/sanremo-festival-2017-950x475.jpg 950w, https:\/\/sanremofestival.info\/wp-content\/uploads\/2013\/08\/sanremo-festival-2017.jpg 1200w\" sizes=\"(max-width: 500px) 100vw, 500px\" \/><\/a><\/p>\n<h3>ROTER TEPPICH<\/h3>\n<p>Der rote Teppich des San Remo Festivals wird von der RAI im vorderen Bereich des Ariston Theaters organisiert und wird den ganzen Tag TV-Sendungen und Interviews unterbringen.<\/p>\n<p>&nbsp;<\/p>\n<h3>RADIO AUF DEM BILDSCHIRM<\/h3>\n<p>Die Basis des RAI-Radiosenders wird die Borea d&#8217;Olmo Platz sein, einige Meter vom Ariston Theater entfernt, w\u00e4hrend viele andere Radiosender f\u00fcr diese Woche gezwungen sein werden, mobile Stationen herzubringen oder Gesch\u00e4ftsfenster im Zentrum zu mieten.<br \/>Selbstverst\u00e4ndlich wird es ein gro\u00dfes Kommen und Gehen von K\u00fcnstlern des Festivals geben, welche an Live-Radiosendungen teilnehmen werden.<\/p>\n<p>&nbsp;<\/p>\n<h3>SAN REMO HERBERGE &amp; RADIO ITALIA<\/h3>\n<p>Das Palafiori beherbergt einen VIP-Bereich f\u00fcr Pr\u00e4sentationen und Vorf\u00fchrungen, und es bringt Radio- und Fernsehstudios von Radio Italia und Video Italia unter.<\/p>\n<p>&nbsp;<\/p>\n<h3>DIE N\u00c4CHTE NACH DEM FESTIVAL<\/h3>\n<p>Die N\u00e4chte in San Remo werden w\u00e4hrend des Festivals voll von Veranstaltungen und Themenabenden sein.<br \/>Die beliebtesten Orte sind die Pubs und Restaurants am Bresca Platz.<br \/>F\u00fcr Tanzen und gute Musik bis zum Morgengrauen empfehlen wir das Victory Morgana Bay und das Rolling Stones Caf\u00e8.<\/p>\n<p>[\/et_pb_text][\/et_pb_column_inner][\/et_pb_row_inner][\/et_pb_column][et_pb_column type=&#8220;1_4&#8243; _builder_version=&#8220;3.25&#8243; custom_padding=&#8220;|||&#8220; custom_padding__hover=&#8220;|||&#8220;][et_pb_sidebar orientation=&#8220;right&#8220; module_class=&#8220;sidebar-main&#8220; _builder_version=&#8220;4.5.1&#8243; _module_preset=&#8220;default&#8220;][\/et_pb_sidebar][\/et_pb_column][\/et_pb_section]<\/p>\n","protected":false},"excerpt":{"rendered":"<p>Die Woche w\u00e4hrend des Festivals des italienischen Songs in San Remo zu verbringen ist die perfekte Gelegenheit, vollst\u00e4ndig in Musik und Unterhaltung einzutauchen. &nbsp; Wir m\u00f6chten auf einige Orte hinweisen, auf die man ein Auge f\u00fcr eine erfolgreiche Autogramm-Jagd haben sollte. ROTER TEPPICH Der rote Teppich des San Remo Festivals wird von der RAI im [&hellip;]<\/p>\n","protected":false},"author":1,"featured_media":0,"parent":0,"menu_order":0,"comment_status":"closed","ping_status":"closed","template":"","meta":{"_et_pb_use_builder":"on","_et_pb_old_content":"<h3>Die Woche w\u00e4hrend des Festivals des italienischen Songs in San Remo zu verbringen ist die perfekte Gelegenheit, vollst\u00e4ndig in Musik und Unterhaltung einzutauchen.<\/h3><p>\u00a0<\/p><p>Wir m\u00f6chten auf einige Orte hinweisen, auf die man ein Auge f\u00fcr eine erfolgreiche Autogramm-Jagd haben sollte.<\/p><p><a href=\"http:\/\/sanremofestival.info\/wp-content\/uploads\/2013\/08\/sanremo-festival-2017.jpg\"><img class=\"aligncenter size-medium wp-image-244892\" src=\"http:\/\/sanremofestival.info\/wp-content\/uploads\/2013\/08\/sanremo-festival-2017-300x150.jpg\" alt=\"Stampa\" width=\"500\" height=\"250\" \/><\/a><\/p><h3>ROTER TEPPICH<\/h3><p>Der rote Teppich des San Remo Festivals wird von der RAI im vorderen Bereich des Ariston Theaters organisiert und wird den ganzen Tag TV-Sendungen und Interviews unterbringen.<\/p><p>\u00a0<\/p><h3>RADIO AUF DEM BILDSCHIRM<\/h3><p>Die Basis des RAI-Radiosenders wird die Borea d'Olmo Platz sein, einige Meter vom Ariston Theater entfernt, w\u00e4hrend viele andere Radiosender f\u00fcr diese Woche gezwungen sein werden, mobile Stationen herzubringen oder Gesch\u00e4ftsfenster im Zentrum zu mieten.<br \/>Selbstverst\u00e4ndlich wird es ein gro\u00dfes Kommen und Gehen von K\u00fcnstlern des Festivals geben, welche an Live-Radiosendungen teilnehmen werden.<\/p><p>\u00a0<\/p><h3>SAN REMO HERBERGE & RADIO ITALIA<\/h3><p>Das Palafiori beherbergt einen VIP-Bereich f\u00fcr Pr\u00e4sentationen und Vorf\u00fchrungen, und es bringt Radio- und Fernsehstudios von Radio Italia und Video Italia unter.<\/p><p>\u00a0<\/p><h3>DIE N\u00c4CHTE NACH DEM FESTIVAL<\/h3><p>Die N\u00e4chte in San Remo werden w\u00e4hrend des Festivals voll von Veranstaltungen und Themenabenden sein.<br \/>Die beliebtesten Orte sind die Pubs und Restaurants am Bresca Platz.<br \/>F\u00fcr Tanzen und gute Musik bis zum Morgengrauen empfehlen wir das Victory Morgana Bay und das Rolling Stones Caf\u00e8.<\/p>","_et_gb_content_width":"","footnotes":""},"class_list":["post-257717","page","type-page","status-publish","hentry"],"_links":{"self":[{"href":"https:\/\/sanremofestival.info\/de\/wp-json\/wp\/v2\/pages\/257717","targetHints":{"allow":["GET"]}}],"collection":[{"href":"https:\/\/sanremofestival.info\/de\/wp-json\/wp\/v2\/pages"}],"about":[{"href":"https:\/\/sanremofestival.info\/de\/wp-json\/wp\/v2\/types\/page"}],"author":[{"embeddable":true,"href":"https:\/\/sanremofestival.info\/de\/wp-json\/wp\/v2\/users\/1"}],"replies":[{"embeddable":true,"href":"https:\/\/sanremofestival.info\/de\/wp-json\/wp\/v2\/comments?post=257717"}],"version-history":[{"count":3,"href":"https:\/\/sanremofestival.info\/de\/wp-json\/wp\/v2\/pages\/257717\/revisions"}],"predecessor-version":[{"id":433883,"href":"https:\/\/sanremofestival.info\/de\/wp-json\/wp\/v2\/pages\/257717\/revisions\/433883"}],"wp:attachment":[{"href":"https:\/\/sanremofestival.info\/de\/wp-json\/wp\/v2\/media?parent=257717"}],"curies":[{"name":"wp","href":"https:\/\/api.w.org\/{rel}","templated":true}]}}