{"id":257718,"date":"2017-09-09T09:10:24","date_gmt":"2017-09-09T09:10:24","guid":{"rendered":"http:\/\/sanremofestival.info\/de\/festival-des-italienischen-songs-in-san-remo\/"},"modified":"2020-10-20T05:45:20","modified_gmt":"2020-10-20T05:45:20","slug":"festival-des-italienischen-songs-in-san-remo","status":"publish","type":"page","link":"https:\/\/sanremofestival.info\/de\/festival-des-italienischen-songs-in-san-remo\/","title":{"rendered":"Festival des italienischen Songs in San Remo"},"content":{"rendered":"<p>[et_pb_section fb_built=&#8220;1&#8243; specialty=&#8220;on&#8220; module_class=&#8220;all_pages_section&#8220; _builder_version=&#8220;4.5.1&#8243; _module_preset=&#8220;default&#8220;][et_pb_column type=&#8220;3_4&#8243; specialty_columns=&#8220;3&#8243; _builder_version=&#8220;3.25&#8243; custom_padding=&#8220;|||&#8220; custom_padding__hover=&#8220;|||&#8220;][et_pb_row_inner _builder_version=&#8220;4.5.1&#8243; _module_preset=&#8220;default&#8220;][et_pb_column_inner saved_specialty_column_type=&#8220;3_4&#8243; module_class=&#8220;content_col&#8220; _builder_version=&#8220;4.5.1&#8243; _module_preset=&#8220;default&#8220;][et_pb_text admin_label=&#8220;Text&#8220; _builder_version=&#8220;4.5.1&#8243; background_size=&#8220;initial&#8220; background_position=&#8220;top_left&#8220; background_repeat=&#8220;repeat&#8220; hover_enabled=&#8220;0&#8243;]<\/p>\n<h3><strong>Das Festival des italienischen Songs in San Remo, entstanden im Jahr 1950, hat sich \u00fcber die Jahre zu einer der wichtigsten Veranstaltungen italienischer Tradition entwickelt.<\/strong><\/h3>\n<p>Die Urspr\u00fcnge des San Remo Festivals gehen bis auf die Nachkriegszeit zur\u00fcck, als die Notwendigkeit des Aufbaus des vom ersten Weltkrieg zerst\u00f6rten Landes die Verwalter von San Remo dazu antrieb, \u00fcber einen touristischen Neubeginn der Stadt nachzudenken. Insbesondere war das erste Ziel die Wiederer\u00f6ffnung des Casions und die Wiedereinf\u00fchrung der Wintersaison, welche das Verm\u00f6gen des Kurortes der Reviera erschuf.<\/p>\n<p>So wurde 1950 die erste Ausgabe des Festivals des italienischen Songs \u00fcber das Radio von dem renovierten Festsaal des San Remo Casions \u00fcbertragen, wo die normalen Kunden des Casions die bahnbrechenden Ausma\u00dfe dieser Veranstaltung nicht erahnten. Es war das Fernsehen, welches 1954 den Einfluss der Veranstaltung ver\u00e4nderte und es \u00fcber Jahre nicht nur zu einem musikalischen Ph\u00e4nomen, sondern auch zu einem kulturellen Ph\u00e4nomen machte.<\/p>\n<p>Die Geschichte des Festivals ist eng verbunden mit der Geschichte des italienischen Fernsehens: von den Aufnahmen in Schwarz\/Wei\u00df von den V\u00e4tern der italienischen Musik zur Einf\u00fchrung der Farben im TV in den Siebzigern bis hin zu dem technologischen Erfolg der elektronischen Szene und dem TV mit der HD-Aufl\u00f6sung. Aber \u00fcber die Technologie hinaus war das Festival f\u00fcr Jahrzehnte ein Spiegel der italienischen Wirklichkeit, nicht nur musikalische Genre und Texte, sondern auch Mode und Lifestyle.<\/p>\n<p>Also ist es nicht \u00fcberraschend, dass in einer Zeit der Aufspaltung der Fernsehzuschauer das San Remo Festival, nur im Vergleich zu nationalen Fussballspielen &#8211; eine Veranstaltung ist, welche dazu f\u00e4hig ist, die Aufmerksamkeit der italienischen Medien auf sich zu konzentrieren, indem es Millionen von Zuschauern an den Fernseher fesselt, Fluten von W\u00f6rtern in den Printmedien und neuerdings auch im Internet und in sozialen Medien ausl\u00f6st.<\/p>\n<p>Die Ber\u00fchmtheit des San Remo Festivals \u00fcbersteigt nationale Grenzen und ist besonders in solchen L\u00e4ndern bekannt, wo italienische Lieder beliebt sind: von L\u00e4ndern mit vielen italienischen Auswanderern, Nationen mit romanischer Kultur bis hin zu den Ostblock-Staaten, wo die Begeisterung f\u00fcr San Remo sogar die der italienischen B\u00fcrger \u00fcbersteigt.<\/p>\n<p>Da es h\u00e4ufig gezeigt wird, ist das Festival des italienischen Songs sicherlich eine Veranstaltung, welche es wert ist, im Fernsehen oder im Internet verfolgt zu werden, aber wenn Sie <strong> <span style=\"color: #ff0000;\">die M\u00f6glichkeit haben, pers\u00f6nlich die Veranstaltung zu besuchen und die Atmosph\u00e4re der Stadt w\u00e4hrend dieser Woche zu erleben, ist dies eine Erfahrung, die ein echter Fan des italienischen Songs mindestens einmal in seinem Leben erleben muss. Nur daf\u00fcr sind wir da: Ihnen zu helfen, Ihren San Remo-Traum wahr werden zu lassen.<\/span><\/strong><\/p>\n<p>&nbsp;<\/p>\n<p>&nbsp;<\/p>\n<p>&nbsp;<\/p>\n<p>&amp;nbsp<\/p>\n<p>[\/et_pb_text][\/et_pb_column_inner][\/et_pb_row_inner][\/et_pb_column][et_pb_column type=&#8220;1_4&#8243; _builder_version=&#8220;3.25&#8243; custom_padding=&#8220;|||&#8220; custom_padding__hover=&#8220;|||&#8220;][et_pb_sidebar orientation=&#8220;right&#8220; module_class=&#8220;sidebar-main&#8220; _builder_version=&#8220;4.5.1&#8243; _module_preset=&#8220;default&#8220;][\/et_pb_sidebar][\/et_pb_column][\/et_pb_section]<\/p>\n","protected":false},"excerpt":{"rendered":"<p>Das Festival des italienischen Songs in San Remo, entstanden im Jahr 1950, hat sich \u00fcber die Jahre zu einer der wichtigsten Veranstaltungen italienischer Tradition entwickelt. Die Urspr\u00fcnge des San Remo Festivals gehen bis auf die Nachkriegszeit zur\u00fcck, als die Notwendigkeit des Aufbaus des vom ersten Weltkrieg zerst\u00f6rten Landes die Verwalter von San Remo dazu antrieb, [&hellip;]<\/p>\n","protected":false},"author":1,"featured_media":0,"parent":0,"menu_order":0,"comment_status":"closed","ping_status":"closed","template":"","meta":{"_et_pb_use_builder":"on","_et_pb_old_content":"<h3>Das Festival des italienischen Songs in San Remo, entstanden im Jahr 1950, hat sich \u00fcber die Jahre zu einer der wichtigsten Veranstaltungen italienischer Tradition entwickelt.<\/h3>\r\n<p>Die Urspr\u00fcnge des San Remo Festivals gehen bis auf die Nachkriegszeit zur\u00fcck, als die Notwendigkeit des Aufbaus des vom ersten Weltkrieg zerst\u00f6rten Landes die Verwalter von San Remo dazu antrieb, \u00fcber einen touristischen Neubeginn der Stadt nachzudenken. Insbesondere war das erste Ziel die Wiederer\u00f6ffnung des Casions und die Wiedereinf\u00fchrung der Wintersaison, welche das Verm\u00f6gen des Kurortes der Reviera erschuf.<\/p>\r\n<p>So wurde 1950 die erste Ausgabe des Festivals des italienischen Songs \u00fcber das Radio von dem renovierten Festsaal des San Remo Casions \u00fcbertragen, wo die normalen Kunden des Casions die bahnbrechenden Ausma\u00dfe dieser Veranstaltung nicht erahnten. Es war das Fernsehen, welches 1954 den Einfluss der Veranstaltung ver\u00e4nderte und es \u00fcber Jahre nicht nur zu einem musikalischen Ph\u00e4nomen, sondern auch zu einem kulturellen Ph\u00e4nomen machte.<\/p>\r\n<p>Die Geschichte des Festivals ist eng verbunden mit der Geschichte des italienischen Fernsehens: von den Aufnahmen in Schwarz\/Wei\u00df von den V\u00e4tern der italienischen Musik zur Einf\u00fchrung der Farben im TV in den Siebzigern bis hin zu dem technologischen Erfolg der elektronischen Szene und dem TV mit der HD-Aufl\u00f6sung. Aber \u00fcber die Technologie hinaus war das Festival f\u00fcr Jahrzehnte ein Spiegel der italienischen Wirklichkeit, nicht nur musikalische Genre und Texte, sondern auch Mode und Lifestyle.<\/p>\r\n<p>Also ist es nicht \u00fcberraschend, dass in einer Zeit der Aufspaltung der Fernsehzuschauer das San Remo Festival, nur im Vergleich zu nationalen Fussballspielen - eine Veranstaltung ist, welche dazu f\u00e4hig ist, die Aufmerksamkeit der italienischen Medien  auf sich zu konzentrieren, indem es Millionen von Zuschauern an den Fernseher fesselt, Fluten von W\u00f6rtern in den Printmedien und neuerdings auch im Internet und in sozialen Medien ausl\u00f6st.<\/p>\r\n<p>Die Ber\u00fchmtheit des San Remo Festivals \u00fcbersteigt nationale Grenzen und ist besonders in solchen L\u00e4ndern bekannt, wo italienische Lieder beliebt sind: von L\u00e4ndern mit vielen italienischen Auswanderern, Nationen mit romanischer Kultur bis hin zu den Ostblock-Staaten, wo die Begeisterung f\u00fcr San Remo sogar die der italienischen B\u00fcrger \u00fcbersteigt.<\/p>\r\n<p>Da es h\u00e4ufig gezeigt wird, ist das Festival des italienischen Songs sicherlich eine Veranstaltung, welche es wert ist, im Fernsehen oder im Internet verfolgt zu werden, aber wenn Sie <strong> <span style=\"color: #ff0000;\">die M\u00f6glichkeit haben, pers\u00f6nlich die Veranstaltung zu besuchen und die Atmosph\u00e4re der Stadt w\u00e4hrend dieser Woche zu erleben, ist dies eine Erfahrung, die ein echter Fan des italienischen Songs mindestens einmal in seinem Leben erleben muss. Nur daf\u00fcr sind wir da: Ihnen zu helfen, Ihren San Remo-Traum wahr werden zu lassen.<\/span><\/strong><\/p>\r\n<p>\u00a0<\/p>\r\n<p>\u00a0<\/p>\r\n<p>\u00a0<\/p>\r\n<p>&nbsp<\/p>\r\n","_et_gb_content_width":"","footnotes":""},"class_list":["post-257718","page","type-page","status-publish","hentry"],"_links":{"self":[{"href":"https:\/\/sanremofestival.info\/de\/wp-json\/wp\/v2\/pages\/257718","targetHints":{"allow":["GET"]}}],"collection":[{"href":"https:\/\/sanremofestival.info\/de\/wp-json\/wp\/v2\/pages"}],"about":[{"href":"https:\/\/sanremofestival.info\/de\/wp-json\/wp\/v2\/types\/page"}],"author":[{"embeddable":true,"href":"https:\/\/sanremofestival.info\/de\/wp-json\/wp\/v2\/users\/1"}],"replies":[{"embeddable":true,"href":"https:\/\/sanremofestival.info\/de\/wp-json\/wp\/v2\/comments?post=257718"}],"version-history":[{"count":1,"href":"https:\/\/sanremofestival.info\/de\/wp-json\/wp\/v2\/pages\/257718\/revisions"}],"predecessor-version":[{"id":433879,"href":"https:\/\/sanremofestival.info\/de\/wp-json\/wp\/v2\/pages\/257718\/revisions\/433879"}],"wp:attachment":[{"href":"https:\/\/sanremofestival.info\/de\/wp-json\/wp\/v2\/media?parent=257718"}],"curies":[{"name":"wp","href":"https:\/\/api.w.org\/{rel}","templated":true}]}}