{"id":257724,"date":"2017-09-09T09:32:58","date_gmt":"2017-09-09T09:32:58","guid":{"rendered":"http:\/\/sanremofestival.info\/de\/tickets-fuer-die-show-domenica-in-san-remo-2018\/"},"modified":"2020-10-20T05:44:20","modified_gmt":"2020-10-20T05:44:20","slug":"tickets-fuer-die-show-domenica-in-san-remo-2020","status":"publish","type":"page","link":"https:\/\/sanremofestival.info\/de\/tickets-fuer-die-show-domenica-in-san-remo-2020\/","title":{"rendered":"TICKETS F\u00dcR DIE SHOW DOMENICA IN SAN REMO 2020"},"content":{"rendered":"<p>[et_pb_section fb_built=&#8220;1&#8243; specialty=&#8220;on&#8220; module_class=&#8220;all_pages_section&#8220; _builder_version=&#8220;4.5.1&#8243; _module_preset=&#8220;default&#8220;][et_pb_column type=&#8220;3_4&#8243; specialty_columns=&#8220;3&#8243; _builder_version=&#8220;3.25&#8243; custom_padding=&#8220;|||&#8220; custom_padding__hover=&#8220;|||&#8220;][et_pb_row_inner _builder_version=&#8220;4.5.1&#8243; _module_preset=&#8220;default&#8220;][et_pb_column_inner saved_specialty_column_type=&#8220;3_4&#8243; module_class=&#8220;content_col&#8220; _builder_version=&#8220;4.5.1&#8243; _module_preset=&#8220;default&#8220;][et_pb_text _builder_version=&#8220;4.5.1&#8243; background_size=&#8220;initial&#8220; background_position=&#8220;top_left&#8220; background_repeat=&#8220;repeat&#8220; hover_enabled=&#8220;0&#8243;]<\/p>\n<p style=\"text-align: justify;\">Am Sonntag nach dem Festival wird es eine dem Festival gewidmete Spezialfolge der Show <strong>Domenica In<\/strong> \u00a0geben, bei der man auf der B\u00fchne des Ariston Theaters den Auftritt des Gewinners und anderer K\u00fcnstler des Festivals sehen wird.<\/p>\n<p style=\"text-align: justify;\">Die Tickets f\u00fcr die Show <strong>Domenica In<\/strong> San Remo 2020 sind nicht zu verkaufen, es wird eine Verlosung geben.<\/p>\n<p style=\"text-align: justify;\">Eigentlich ist der Eintritt zum <strong>Ariston Theater<\/strong> f\u00fcr die Show nur mit Einladung m\u00f6glich. Die Kommune von San Remo organisiert eine j\u00e4hrliche Verlosung, welche der \u00d6ffentlichkeit eine Reihe von Tickets f\u00fcr die Teilnahme an der Show bereitstellt.<\/p>\n<p style=\"text-align: justify;\">Wie kann man an der <strong>Domenica In <\/strong>Show teilnehmen?<\/p>\n<p style=\"text-align: justify;\">F\u00fcr die Einreichung jemandes Bewerbung f\u00fcr die <strong>Domenica In <\/strong>Show<strong>:<\/strong><\/p>\n<p style=\"text-align: justify;\">M\u00fcssen Sie ein spezielles Formular mit Ihren pers\u00f6nlichen Daten ausf\u00fcllen. Dieses Formular kann man finden:<\/p>\n<p style=\"text-align: justify;\">1) indem man zum B\u00fcro f\u00fcr \u00d6ffentlichkeitsarbeit \u00a0(URP -Ufficio Relazioni con il Pubblico) in Corso Garibaldi 1 \u2013 Palafiori, San Remo) geht<\/p>\n<p style=\"text-align: justify;\">2) indem man es von der Webseite der\u00a0<a href=\"http:\/\/www.comunedisanremo.it\/\">Kommune von San Remo<\/a>\u00a0herunterl\u00e4dt und es via Fax an die Nummer 0184.501582 zur\u00fcckschickt.<\/p>\n<p style=\"text-align: justify;\">Es wird nur ein Antrag pro Name ber\u00fccksichtigt.<\/p>\n<p style=\"text-align: justify;\">Jeder Antrag ist f\u00fcr 2 Tickets g\u00fcltig.<br \/><strong>Die Antragsformulare f\u00fcr die Domenica In Festival 2020 werden bis zu einem festzulegenden Datum akzeptiert<\/strong>.<\/p>\n<p style=\"text-align: justify;\">Die spezifische Information zur Namensziehung und zum Tages f\u00fcr die Abholung der Tickets werden auf der Webseite der <a href=\"http:\/\/www.comunedisanremo.it\/\">Kommune von San Remo<\/a>\u00a0an den Tagen vor der Veranstaltung zu sehen sein.<\/p>\n<p style=\"text-align: justify;\">Nicht abgeholte Tickets werden werden auf andere Namen umgeschrieben.<\/p>\n<p>[\/et_pb_text][\/et_pb_column_inner][\/et_pb_row_inner][\/et_pb_column][et_pb_column type=&#8220;1_4&#8243; _builder_version=&#8220;3.25&#8243; custom_padding=&#8220;|||&#8220; custom_padding__hover=&#8220;|||&#8220;][et_pb_sidebar orientation=&#8220;right&#8220; module_class=&#8220;sidebar-main&#8220; _builder_version=&#8220;4.5.1&#8243; _module_preset=&#8220;default&#8220;][\/et_pb_sidebar][\/et_pb_column][\/et_pb_section]<\/p>\n","protected":false},"excerpt":{"rendered":"<p>Am Sonntag nach dem Festival wird es eine dem Festival gewidmete Spezialfolge der Show Domenica In \u00a0geben, bei der man auf der B\u00fchne des Ariston Theaters den Auftritt des Gewinners und anderer K\u00fcnstler des Festivals sehen wird. Die Tickets f\u00fcr die Show Domenica In San Remo 2020 sind nicht zu verkaufen, es wird eine Verlosung [&hellip;]<\/p>\n","protected":false},"author":1,"featured_media":0,"parent":0,"menu_order":0,"comment_status":"closed","ping_status":"closed","template":"","meta":{"_et_pb_use_builder":"on","_et_pb_old_content":"<p style=\"text-align: justify;\">Am Sonntag nach dem Festival wird es eine dem Festival gewidmete Spezialfolge der Show <strong>Domenica In<\/strong> \u00a0geben, bei der man auf der B\u00fchne des Ariston Theaters den Auftritt des Gewinners und anderer K\u00fcnstler des Festivals sehen wird.<\/p><p style=\"text-align: justify;\">Die Tickets f\u00fcr die Show <strong>Domenica In<\/strong> San Remo 2020 sind nicht zu verkaufen, es wird eine Verlosung geben.<\/p><p style=\"text-align: justify;\">Eigentlich ist der Eintritt zum <strong>Ariston Theater<\/strong> f\u00fcr die Show nur mit Einladung m\u00f6glich. Die Kommune von San Remo organisiert eine j\u00e4hrliche Verlosung, welche der \u00d6ffentlichkeit eine Reihe von Tickets f\u00fcr die Teilnahme an der Show bereitstellt.<\/p><p style=\"text-align: justify;\">Wie kann man an der <strong>Domenica In <\/strong>Show teilnehmen?<\/p><p style=\"text-align: justify;\">F\u00fcr die Einreichung jemandes Bewerbung f\u00fcr die <strong>Domenica In <\/strong>Show<strong>:<\/strong><\/p><p style=\"text-align: justify;\">M\u00fcssen Sie ein spezielles Formular mit Ihren pers\u00f6nlichen Daten ausf\u00fcllen. Dieses Formular kann man finden:<\/p><p style=\"text-align: justify;\">1) indem man zum B\u00fcro f\u00fcr \u00d6ffentlichkeitsarbeit \u00a0(URP -Ufficio Relazioni con il Pubblico) in Corso Garibaldi 1 \u2013 Palafiori, San Remo) geht<\/p><p style=\"text-align: justify;\">2) indem man es von der Webseite der\u00a0<a href=\"http:\/\/www.comunedisanremo.it\/\">Kommune von San Remo<\/a>\u00a0herunterl\u00e4dt und es via Fax an die Nummer 0184.501582 zur\u00fcckschickt.<\/p><p style=\"text-align: justify;\">Es wird nur ein Antrag pro Name ber\u00fccksichtigt.<\/p><p style=\"text-align: justify;\">Jeder Antrag ist f\u00fcr 2 Tickets g\u00fcltig.<br \/><strong>Die Antragsformulare f\u00fcr die Domenica In Festival 2020 werden bis zu einem festzulegenden Datum akzeptiert<\/strong>.<\/p><p style=\"text-align: justify;\">Die spezifische Information zur Namensziehung und zum Tages f\u00fcr die Abholung der Tickets werden auf der Webseite der <a href=\"http:\/\/www.comunedisanremo.it\/\">Kommune von San Remo<\/a>\u00a0an den Tagen vor der Veranstaltung zu sehen sein.<\/p><p style=\"text-align: justify;\">Nicht abgeholte Tickets werden werden auf andere Namen umgeschrieben.<\/p>","_et_gb_content_width":"","footnotes":""},"class_list":["post-257724","page","type-page","status-publish","hentry"],"_links":{"self":[{"href":"https:\/\/sanremofestival.info\/de\/wp-json\/wp\/v2\/pages\/257724","targetHints":{"allow":["GET"]}}],"collection":[{"href":"https:\/\/sanremofestival.info\/de\/wp-json\/wp\/v2\/pages"}],"about":[{"href":"https:\/\/sanremofestival.info\/de\/wp-json\/wp\/v2\/types\/page"}],"author":[{"embeddable":true,"href":"https:\/\/sanremofestival.info\/de\/wp-json\/wp\/v2\/users\/1"}],"replies":[{"embeddable":true,"href":"https:\/\/sanremofestival.info\/de\/wp-json\/wp\/v2\/comments?post=257724"}],"version-history":[{"count":4,"href":"https:\/\/sanremofestival.info\/de\/wp-json\/wp\/v2\/pages\/257724\/revisions"}],"predecessor-version":[{"id":433872,"href":"https:\/\/sanremofestival.info\/de\/wp-json\/wp\/v2\/pages\/257724\/revisions\/433872"}],"wp:attachment":[{"href":"https:\/\/sanremofestival.info\/de\/wp-json\/wp\/v2\/media?parent=257724"}],"curies":[{"name":"wp","href":"https:\/\/api.w.org\/{rel}","templated":true}]}}