{"id":442226,"date":"2021-11-30T10:17:10","date_gmt":"2021-11-30T10:17:10","guid":{"rendered":"https:\/\/sanremofestival.info\/?page_id=442226"},"modified":"2025-02-19T12:01:04","modified_gmt":"2025-02-19T12:01:04","slug":"kontaktieren-sie-uns-reisebueros-san-remo-festival","status":"publish","type":"page","link":"https:\/\/sanremofestival.info\/de\/kontaktieren-sie-uns-reisebueros-san-remo-festival\/","title":{"rendered":"Kontaktieren Sie uns Reiseb\u00fcros San Remo Festival"},"content":{"rendered":"<p>[et_pb_section fb_built=&#8220;1&#8243; specialty=&#8220;on&#8220; module_class=&#8220;all_pages_section&#8220; _builder_version=&#8220;4.16&#8243; _module_preset=&#8220;default&#8220; global_colors_info=&#8220;{}&#8220;][et_pb_column type=&#8220;3_4&#8243; specialty_columns=&#8220;3&#8243; _builder_version=&#8220;4.16&#8243; custom_padding=&#8220;|||&#8220; global_colors_info=&#8220;{}&#8220; custom_padding__hover=&#8220;|||&#8220;][et_pb_row_inner _builder_version=&#8220;4.16&#8243; _module_preset=&#8220;default&#8220; global_colors_info=&#8220;{}&#8220;][et_pb_column_inner saved_specialty_column_type=&#8220;3_4&#8243; module_class=&#8220;content_col&#8220; _builder_version=&#8220;4.16&#8243; _module_preset=&#8220;default&#8220; global_colors_info=&#8220;{}&#8220;][et_pb_text admin_label=&#8220;Text&#8220; _builder_version=&#8220;4.27.4&#8243; background_size=&#8220;initial&#8220; background_position=&#8220;top_left&#8220; background_repeat=&#8220;repeat&#8220; hover_enabled=&#8220;0&#8243; global_colors_info=&#8220;{}&#8220; sticky_enabled=&#8220;0&#8243;]<\/p>\n<h3><strong>Erhalten Sie Informationen, Kontaktieren Sie uns San Remo Festival 2026.<\/strong><\/h3>\n<p>WICHTIG<\/p>\n<p>Die Kartenverkaufsstelle des San Remo Festivals wird direkt von der RAI verwaltet.<\/p>\n<p>Unsere Agentur bietet exklusive Voranmeldungen f\u00fcr 5 N\u00e4chte + Aufenthalt im Hotel und Services f\u00fcr Touristen wie Unterbringung, Flughafen-Transfers, Ausfl\u00fcge, etc.<\/p>\n<p>Wir bieten keinen Kartenverkaufsservice au\u00dferhalb der Pakete an.<\/p>\n\n<div class=\"wpcf7 no-js\" id=\"wpcf7-f443904-o1\" lang=\"it-IT\" dir=\"ltr\" data-wpcf7-id=\"443904\">\n<div class=\"screen-reader-response\"><p role=\"status\" aria-live=\"polite\" aria-atomic=\"true\"><\/p> <ul><\/ul><\/div>\n<form action=\"\/de\/wp-json\/wp\/v2\/pages\/442226#wpcf7-f443904-o1\" method=\"post\" class=\"wpcf7-form init\" aria-label=\"Modulo di contatto\" novalidate=\"novalidate\" data-status=\"init\">\n<div style=\"display: none;\">\n<input type=\"hidden\" name=\"_wpcf7\" value=\"443904\" \/>\n<input type=\"hidden\" name=\"_wpcf7_version\" value=\"6.0.3\" \/>\n<input type=\"hidden\" name=\"_wpcf7_locale\" value=\"it_IT\" \/>\n<input type=\"hidden\" name=\"_wpcf7_unit_tag\" value=\"wpcf7-f443904-o1\" \/>\n<input type=\"hidden\" name=\"_wpcf7_container_post\" value=\"0\" \/>\n<input type=\"hidden\" name=\"_wpcf7_posted_data_hash\" value=\"\" \/>\n<input type=\"hidden\" name=\"_wpcf7_recaptcha_response\" value=\"\" \/>\n<\/div>\n<p>\t\t<div id=\"cf7md-form\" class=\"cf7md-form\">\n\t\t\t<div class=\"mdc-layout-grid\">\n\t\t\t\t<div class=\"mdc-layout-grid__inner\">\n\t\t\t\t\t\t\t\t\t\t\n<\/p>\n\t\t\n\t\t<div class=\"cf7md-item cf7md-text mdc-layout-grid__cell mdc-layout-grid__cell--span-12\">\n\t\t\t<br \/>\n<span class=\"wpcf7-form-control-wrap\" data-name=\"your-name\"><input size=\"40\" maxlength=\"400\" class=\"wpcf7-form-control wpcf7-text wpcf7-validates-as-required\" aria-required=\"true\" aria-invalid=\"false\" value=\"\" type=\"text\" name=\"your-name\" \/><\/span><br \/>\n\t\t\t\t\t\t<div style=\"display: none;\" class=\"cf7md-text-html\">\n\t\t\t\t<div class=\"mdc-text-field \">\n\t\t\t\t\t\n\t\t\t\t\t\t\t\t\t\t\t<label class=\"mdc-floating-label\">Vorname<\/label>\n\t\t\t\t\t\t<div class=\"mdc-line-ripple\"><\/div>\n\t\t\t\t\t\t\t\t\t<\/div>\n\t\t\t<\/div>\n\t\t<\/div>\n\t\t\n\t\t\n\t\t<div class=\"cf7md-item cf7md-text mdc-layout-grid__cell mdc-layout-grid__cell--span-12\">\n\t\t\t<br \/>\n<span class=\"wpcf7-form-control-wrap\" data-name=\"your-email\"><input size=\"40\" maxlength=\"400\" class=\"wpcf7-form-control wpcf7-email wpcf7-validates-as-required wpcf7-text wpcf7-validates-as-email\" aria-required=\"true\" aria-invalid=\"false\" value=\"\" type=\"email\" name=\"your-email\" \/><\/span><br \/>\n\t\t\t\t\t\t<div style=\"display: none;\" class=\"cf7md-text-html\">\n\t\t\t\t<div class=\"mdc-text-field \">\n\t\t\t\t\t\n\t\t\t\t\t\t\t\t\t\t\t<label class=\"mdc-floating-label\">E-mail<\/label>\n\t\t\t\t\t\t<div class=\"mdc-line-ripple\"><\/div>\n\t\t\t\t\t\t\t\t\t<\/div>\n\t\t\t<\/div>\n\t\t<\/div>\n\t\t\n\t\t\n\t\t<div class=\"cf7md-item cf7md-text mdc-layout-grid__cell mdc-layout-grid__cell--span-12\">\n\t\t\t<br \/>\n<span class=\"wpcf7-form-control-wrap\" data-name=\"your-phone\"><input size=\"40\" maxlength=\"400\" class=\"wpcf7-form-control wpcf7-text wpcf7-validates-as-required\" aria-required=\"true\" aria-invalid=\"false\" value=\"\" type=\"text\" name=\"your-phone\" \/><\/span><br \/>\n\t\t\t\t\t\t<div style=\"display: none;\" class=\"cf7md-text-html\">\n\t\t\t\t<div class=\"mdc-text-field \">\n\t\t\t\t\t\n\t\t\t\t\t\t\t\t\t\t\t<label class=\"mdc-floating-label\">Mobiltelefonnummer<\/label>\n\t\t\t\t\t\t<div class=\"mdc-line-ripple\"><\/div>\n\t\t\t\t\t\t\t\t\t<\/div>\n\t\t\t<\/div>\n\t\t<\/div>\n\t\t\n\t\t\n\t\t<div class=\"cf7md-item cf7md-text mdc-layout-grid__cell mdc-layout-grid__cell--span-12\">\n\t\t\t<br \/>\n<span class=\"wpcf7-form-control-wrap\" data-name=\"your-country\"><input size=\"40\" maxlength=\"400\" class=\"wpcf7-form-control wpcf7-text wpcf7-validates-as-required\" aria-required=\"true\" aria-invalid=\"false\" value=\"\" type=\"text\" name=\"your-country\" \/><\/span><br \/>\n\t\t\t\t\t\t<div style=\"display: none;\" class=\"cf7md-text-html\">\n\t\t\t\t<div class=\"mdc-text-field \">\n\t\t\t\t\t\n\t\t\t\t\t\t\t\t\t\t\t<label class=\"mdc-floating-label\">Land<\/label>\n\t\t\t\t\t\t<div class=\"mdc-line-ripple\"><\/div>\n\t\t\t\t\t\t\t\t\t<\/div>\n\t\t\t<\/div>\n\t\t<\/div>\n\t\t\n\t\t<div class=\"cf7md-item cf7md-radio mdc-layout-grid__cell mdc-layout-grid__cell--span-12 cf7md-list cf7md-list__stacked\">\n\t\t\t\t\t\t\t<label class=\"cf7md-label cf7md-label--static\">W\u00e4hlen Sie das Produkt, f\u00fcr das Sie sich interessieren<\/label>\n\t\t\t\t\t\t<br \/>\n<span class=\"wpcf7-form-control-wrap\" data-name=\"radio-671\"><span class=\"wpcf7-form-control wpcf7-radio\"><span class=\"wpcf7-list-item first\"><input type=\"radio\" name=\"radio-671\" value=\"Paket mit Eintrittskarten f\u00fcr die 5 Abende und 5 Hotel\u00fcbernachtungen\" checked=\"checked\" \/><span class=\"wpcf7-list-item-label\">Paket mit Eintrittskarten f\u00fcr die 5 Abende und 5 Hotel\u00fcbernachtungen<\/span><\/span><span class=\"wpcf7-list-item\"><input type=\"radio\" name=\"radio-671\" value=\"Nur den Hotelaufenthalt buchen - ohne Tickets\" \/><span class=\"wpcf7-list-item-label\">Nur den Hotelaufenthalt buchen - ohne Tickets<\/span><\/span><span class=\"wpcf7-list-item\"><input type=\"radio\" name=\"radio-671\" value=\"Eine Wohnung mieten - ohne Tickets\" \/><span class=\"wpcf7-list-item-label\">Eine Wohnung mieten - ohne Tickets<\/span><\/span><span class=\"wpcf7-list-item\"><input type=\"radio\" name=\"radio-671\" value=\"Eine Villa mieten - ohne Tickets\" \/><span class=\"wpcf7-list-item-label\">Eine Villa mieten - ohne Tickets<\/span><\/span><span class=\"wpcf7-list-item\"><input type=\"radio\" name=\"radio-671\" value=\"Flughafentransfer buchen\" \/><span class=\"wpcf7-list-item-label\">Flughafentransfer buchen<\/span><\/span><span class=\"wpcf7-list-item last\"><input type=\"radio\" name=\"radio-671\" value=\"Touristenpaket mit Eintrittskarten f\u00fcr einzelne Abende\" \/><span class=\"wpcf7-list-item-label\">Touristenpaket mit Eintrittskarten f\u00fcr einzelne Abende<\/span><\/span><\/span><\/span><br \/>\n\t\t\t<div style=\"display: none;\" class=\"cf7md-radio-html\">\n\t\t\t\t<div class=\"mdc-radio__background\">\n\t\t\t\t\t<div class=\"mdc-radio__outer-circle\"><\/div>\n\t\t\t\t\t<div class=\"mdc-radio__inner-circle\"><\/div>\n\t\t\t\t<\/div>\n\t\t\t<\/div>\n\t\t\t\t\t<\/div>\n\t\t\n\n\t\t<div class=\"cf7md-item cf7md-textarea mdc-layout-grid__cell mdc-layout-grid__cell--span-12 cf7md-textarea-autosize\">\n\t\t\t<br \/>\n<span class=\"wpcf7-form-control-wrap\" data-name=\"your-message\"><textarea cols=\"40\" rows=\"10\" maxlength=\"2000\" class=\"wpcf7-form-control wpcf7-textarea wpcf7-validates-as-required\" aria-required=\"true\" aria-invalid=\"false\" name=\"your-message\"><\/textarea><\/span><br \/>\n\t\t\t\t\t\t<div style=\"display: none;\" class=\"cf7md-text-html\">\n\t\t\t\t<div class=\"mdc-text-field  mdc-text-field--textarea\">\n\t\t\t\t\t\t\t\t\t\t<div class=\"mdc-notched-outline\">\n\t\t\t\t\t\t<div class=\"mdc-notched-outline__leading\"><\/div>\n\t\t\t\t\t\t<div class=\"mdc-notched-outline__notch\">\n\t\t\t\t\t\t\t<label class=\"mdc-floating-label\">Anzahl der Personen und spezifische Anfragen<\/label>\n\t\t\t\t\t\t<\/div>\n\t\t\t\t\t\t<div class=\"mdc-notched-outline__trailing\"><\/div>\n\t\t\t\t\t<\/div>\n\t\t\t\t<\/div>\n\t\t\t<\/div>\n\t\t<\/div>\n\t\t\n<p><span class=\"wpcf7-form-control-wrap\" data-name=\"acceptance-345\"><span class=\"wpcf7-form-control wpcf7-acceptance\"><span class=\"wpcf7-list-item\"><input type=\"checkbox\" name=\"acceptance-345\" value=\"1\" aria-invalid=\"false\" \/><\/span><\/span><\/span> Hiermit erkl\u00e4re ich, die <a href=\"http:\/\/www.nyalatravel.com\/de\/privacy-policy\/\" target=\"_blank\">Privacy Policy<\/a> gelesen und akteptiert zu haben.\n<\/p>\n\t\t<div class=\"cf7md-item cf7md-submit mdc-layout-grid__cell mdc-layout-grid__cell--span-12\" data-button-style=\"raised\">\n\t\t\t<br \/>\n<input class=\"wpcf7-form-control wpcf7-submit has-spinner\" type=\"submit\" value=\"Senden\" \/><br \/>\n\t\t\t<svg class=\"cf7md-spinner\" width=\"25px\" height=\"25px\" viewBox=\"0 0 66 66\" xmlns=\"http:\/\/www.w3.org\/2000\/svg\">\n\t\t\t\t<circle class=\"cf7md-spinner-path\" fill=\"none\" stroke-width=\"6\" stroke-linecap=\"round\" cx=\"33\" cy=\"33\" r=\"30\"><\/circle>\n\t\t\t<\/svg>\n\t\t<\/div>\n\t\t\n\t\t\t\t\t\t\t\t\t<\/div>\n\t\t\t<\/div>\n\t\t<\/div>\n\t\t\n<\/p><p style=\"display: none !important;\" class=\"akismet-fields-container\" data-prefix=\"_wpcf7_ak_\"><label>&#916;<textarea name=\"_wpcf7_ak_hp_textarea\" cols=\"45\" rows=\"8\" maxlength=\"100\"><\/textarea><\/label><input type=\"hidden\" id=\"ak_js_1\" name=\"_wpcf7_ak_js\" value=\"227\"\/><script>document.getElementById( \"ak_js_1\" ).setAttribute( \"value\", ( new Date() ).getTime() );<\/script><\/p><div class=\"wpcf7-response-output\" aria-hidden=\"true\"><\/div>\n<\/form>\n<\/div>\n\n<p>[\/et_pb_text][\/et_pb_column_inner][\/et_pb_row_inner][\/et_pb_column][et_pb_column type=&#8220;1_4&#8243; _builder_version=&#8220;4.16&#8243; custom_padding=&#8220;|||&#8220; global_colors_info=&#8220;{}&#8220; custom_padding__hover=&#8220;|||&#8220;][et_pb_sidebar orientation=&#8220;right&#8220; module_class=&#8220;sidebar-main&#8220; _builder_version=&#8220;4.16&#8243; _module_preset=&#8220;default&#8220; global_colors_info=&#8220;{}&#8220;][\/et_pb_sidebar][\/et_pb_column][\/et_pb_section]<\/p>\n","protected":false},"excerpt":{"rendered":"<p>Erhalten Sie Informationen, Kontaktieren Sie uns San Remo Festival 2026. WICHTIG Die Kartenverkaufsstelle des San Remo Festivals wird direkt von der RAI verwaltet. Unsere Agentur bietet exklusive Voranmeldungen f\u00fcr 5 N\u00e4chte + Aufenthalt im Hotel und Services f\u00fcr Touristen wie Unterbringung, Flughafen-Transfers, Ausfl\u00fcge, etc. Wir bieten keinen Kartenverkaufsservice au\u00dferhalb der Pakete an. <p class=\"wpcf7-contact-form-not-found\"><strong>Fehler:<\/strong> Kontaktformular wurde nicht gefunden.<\/p><\/p>\n","protected":false},"author":1,"featured_media":0,"parent":0,"menu_order":0,"comment_status":"closed","ping_status":"closed","template":"","meta":{"_et_pb_use_builder":"on","_et_pb_old_content":"<h3>Erhalten Sie Informationen, Kontaktieren Sie uns San Remo Festival 2020.<\/h3>\r\nWICHTIG\r\n\r\nDie Kartenverkaufsstelle des San Remo Festivals wird direkt von der RAI verwaltet.\r\n\r\nUnsere Agentur bietet exklusive Voranmeldungen f\u00fcr 5 N\u00e4chte + Aufenthalt im Hotel und Services f\u00fcr Touristen wie Unterbringung, Flughafen-Transfers, Ausfl\u00fcge, etc.\r\n\r\nWir bieten keinen Kartenverkaufsservice au\u00dferhalb der Pakete an.\r\n\r\n[contact-form-7 id=\"258039\" title=\"Modulo di contatto DE\"]","_et_gb_content_width":"","footnotes":""},"class_list":["post-442226","page","type-page","status-publish","hentry"],"_links":{"self":[{"href":"https:\/\/sanremofestival.info\/de\/wp-json\/wp\/v2\/pages\/442226","targetHints":{"allow":["GET"]}}],"collection":[{"href":"https:\/\/sanremofestival.info\/de\/wp-json\/wp\/v2\/pages"}],"about":[{"href":"https:\/\/sanremofestival.info\/de\/wp-json\/wp\/v2\/types\/page"}],"author":[{"embeddable":true,"href":"https:\/\/sanremofestival.info\/de\/wp-json\/wp\/v2\/users\/1"}],"replies":[{"embeddable":true,"href":"https:\/\/sanremofestival.info\/de\/wp-json\/wp\/v2\/comments?post=442226"}],"version-history":[{"count":3,"href":"https:\/\/sanremofestival.info\/de\/wp-json\/wp\/v2\/pages\/442226\/revisions"}],"predecessor-version":[{"id":444337,"href":"https:\/\/sanremofestival.info\/de\/wp-json\/wp\/v2\/pages\/442226\/revisions\/444337"}],"wp:attachment":[{"href":"https:\/\/sanremofestival.info\/de\/wp-json\/wp\/v2\/media?parent=442226"}],"curies":[{"name":"wp","href":"https:\/\/api.w.org\/{rel}","templated":true}]}}