{"id":76169,"date":"2015-08-13T14:48:53","date_gmt":"2015-08-13T14:48:53","guid":{"rendered":"http:\/\/sanremofestival.info\/tickets-para-el-festival-de-san-remo-2015\/"},"modified":"2025-02-19T11:26:55","modified_gmt":"2025-02-19T11:26:55","slug":"tickets-festival-de-san-remo","status":"publish","type":"page","link":"https:\/\/sanremofestival.info\/es\/tickets-festival-de-san-remo\/","title":{"rendered":"Tickets Festival de San Remo 2026"},"content":{"rendered":"<p>[et_pb_section fb_built=\u00bb1&#8243; _builder_version=\u00bb4.16&#8243; _module_preset=\u00bbdefault\u00bb global_colors_info=\u00bb{}\u00bb][et_pb_row column_structure=\u00bb3_5,2_5&#8243; _builder_version=\u00bb4.16&#8243; _module_preset=\u00bbdefault\u00bb global_colors_info=\u00bb{}\u00bb][et_pb_column type=\u00bb3_5&#8243; _builder_version=\u00bb4.16&#8243; _module_preset=\u00bbdefault\u00bb global_colors_info=\u00bb{}\u00bb][et_pb_text admin_label=\u00bbText\u00bb _builder_version=\u00bb4.19.5&#8243; background_size=\u00bbinitial\u00bb background_position=\u00bbtop_left\u00bb background_repeat=\u00bbrepeat\u00bb global_colors_info=\u00bb{}\u00bb]<\/p>\n<h3><strong>Toda la informaci\u00f3n que necesita para comprar tickets Festival de San Remo 2024 y asistir a las 5 noches del Festival de la Canci\u00f3n Italiana de San Remo.<\/strong><\/h3>\n<p>La taquilla del Festival de San Remo est\u00e1 gestionada por la RAI, la cadena de radio-televisi\u00f3n italiana, responsable de la organizaci\u00f3n del evento.<\/p>\n<p>Las plazas disponibles para el p\u00fablico en el Teatro Ariston son muy limitadas, ya que el aforo se ve reducido por la impresionante escenograf\u00eda y la mayor\u00eda de los asientos est\u00e1n reservados para los invitados institucionales de la televisi\u00f3n estatal y la comuna de San Remo.<br \/><strong>En la preventa solo se pueden adquirir abonos para las cinco noches del evento.<\/strong><\/p>\n<h3>PAQUETES HOTEL+TICKET<\/h3>\n<p>Hay un n\u00famero limitado de abonos reservados a aquellos clientes de los hoteles de San Remo que adquieran un paquete vacacional completo para asistir al evento.<br \/><strong><span style=\"color: #ff0000;\">Contacte con nosotros mediante el formulario de \u00abContacto\u00bb del sitio web para recibir m\u00e1s informaci\u00f3n sobre disponibilidad de paquetes vacacionales, alojamiento en hoteles + entradas para el evento.<\/span><\/strong><\/p>\n<h3>TAQUILLA DE LA RAI<\/h3>\n<p>A principios de enero la RAI activa una taquilla para reservar los abonos restantes. Normalmente, se proporciona un n\u00famero de FAX para atender las solicitudes. Los abonos se sortear\u00e1n entre quienes hayan presentado su solicitud. Por favor, tenga en cuenta que la demanda de entradas para el evento supera con creces el aforo del teatro. En las \u00faltimas ediciones, se ha limitado la disponibilidad de abonos durante esta fase a la zona de galer\u00eda del teatro.<\/p>\n<h3>TAQUILLA DEL TEATRO ARISTON<\/h3>\n<p>En los d\u00edas inmediatamente anteriores al evento y durante el Festival, se abrir\u00e1 una taquilla en el Teatro Ariston. Por lo general, estar\u00e1n a la venta aquellos asientos del sector de la orquesta reservados con antelaci\u00f3n y que no han sido recogidos a tiempo, as\u00ed como algunas entradas para el sector de la galer\u00eda. Esta es la \u00fanica fase en la que se pueden adquirir tickets para noches sueltas del Festival. Tambi\u00e9n en esta ocasi\u00f3n la demanda supera sobradamente la oferta de plazas, por lo que resulta casi imposible adquirir entradas.<br \/><strong><span style=\"color: #ff0000;\">Si son ustedes verdaderos amantes de la Canci\u00f3n italiana, les sugerimos que reserven con tiempo un paquete vacacional. Contacten con nosotros <strong>mediante el formulario de \u00abContacto\u00bb del sitio web y estaremos encantados de ayudarles<\/strong>.\u00a0<\/span><\/strong><\/p>\n<p>[\/et_pb_text][et_pb_text admin_label=\u00bbText\u00bb _builder_version=\u00bb4.19.5&#8243; background_size=\u00bbinitial\u00bb background_position=\u00bbtop_left\u00bb background_repeat=\u00bbrepeat\u00bb global_colors_info=\u00bb{}\u00bb]<\/p>\n<h3>ASIENTOS DISPONIBLES<\/h3>\n<p>La situaci\u00f3n de los asientos disponibles depende \u00fanicamente del criterio de la RAI. A continuaci\u00f3n se muestra una vista general de las plazas disponibles en la preventa.<\/p>\n<table style=\"border-collapse: collapse; width: 100%;\" border=\"1\">\n<caption>TEATRO ARISTON<\/caption>\n<tbody>\n<tr>\n<td style=\"width: 20%;\">\u00a0<\/td>\n<td style=\"width: 30%;\">SECTOR<\/td>\n<td style=\"width: 70%;\">DISPONIBILIDAD&#8217;<\/td>\n<\/tr>\n<tr>\n<td style=\"width: 20%;\">platea<\/td>\n<td style=\"width: 30%;\">sector 1\u00b0<\/td>\n<td style=\"width: 70%;\">solo hosipitalidad institucional<\/td>\n<\/tr>\n<tr>\n<td style=\"width: 20%;\">platea<\/td>\n<td style=\"width: 30%;\">sector 2<\/td>\n<td style=\"width: 70%;\">parcialmente disponible en preventa<\/td>\n<\/tr>\n<tr>\n<td style=\"width: 20%;\">galeria<\/td>\n<td style=\"width: 30%;\">sector unico<\/td>\n<td style=\"width: 70%;\">parcialmente disponible en preventa<\/td>\n<\/tr>\n<\/tbody>\n<\/table>\n<p>[\/et_pb_text][et_pb_text admin_label=\u00bbText\u00bb _builder_version=\u00bb4.19.5&#8243; background_size=\u00bbinitial\u00bb background_position=\u00bbtop_left\u00bb background_repeat=\u00bbrepeat\u00bb global_colors_info=\u00bb{}\u00bb]<\/p>\n<p><strong>MEDIDAS DE SEGURIDAD<\/strong><\/p>\n<p>Las entradas para los eventos tienen nombres asignados, por lo que a la hora de comprarlas se requieren los datos completos del comprador.<\/p>\n<p>Al comprar un paquete de vacaciones ofrecido por nuestra agencia, no tendr\u00e1 que preocuparse de toda la complicada burocracia.<\/p>\n<p>[\/et_pb_text][\/et_pb_column][et_pb_column type=\u00bb2_5&#8243; _builder_version=\u00bb4.16&#8243; _module_preset=\u00bbdefault\u00bb global_colors_info=\u00bb{}\u00bb][et_pb_text _builder_version=\u00bb4.27.4&#8243; _module_preset=\u00bbdefault\u00bb hover_enabled=\u00bb0&#8243; global_colors_info=\u00bb{}\u00bb locked=\u00bboff\u00bb sticky_enabled=\u00bb0&#8243;]<\/p>\n<h3>SOLICITE INFORMACI\u00d3N SOBRE LOS PAQUETES CON ENTRADAS PARA EL FESTIVAL DE SANREMO<\/h3>\n\n<div class=\"wpcf7 no-js\" id=\"wpcf7-f443883-o1\" lang=\"es-ES\" dir=\"ltr\" data-wpcf7-id=\"443883\">\n<div class=\"screen-reader-response\"><p role=\"status\" aria-live=\"polite\" aria-atomic=\"true\"><\/p> <ul><\/ul><\/div>\n<form action=\"\/es\/wp-json\/wp\/v2\/pages\/76169#wpcf7-f443883-o1\" method=\"post\" class=\"wpcf7-form init\" aria-label=\"Formulario de contacto\" novalidate=\"novalidate\" data-status=\"init\">\n<div style=\"display: none;\">\n<input type=\"hidden\" name=\"_wpcf7\" value=\"443883\" \/>\n<input type=\"hidden\" name=\"_wpcf7_version\" value=\"6.0.3\" \/>\n<input type=\"hidden\" name=\"_wpcf7_locale\" value=\"es_ES\" \/>\n<input type=\"hidden\" name=\"_wpcf7_unit_tag\" value=\"wpcf7-f443883-o1\" \/>\n<input type=\"hidden\" name=\"_wpcf7_container_post\" value=\"0\" \/>\n<input type=\"hidden\" name=\"_wpcf7_posted_data_hash\" value=\"\" \/>\n<input type=\"hidden\" name=\"_wpcf7_recaptcha_response\" value=\"\" \/>\n<\/div>\n<p>\t\t<div id=\"cf7md-form\" class=\"cf7md-form\">\n\t\t\t<div class=\"mdc-layout-grid\">\n\t\t\t\t<div class=\"mdc-layout-grid__inner\">\n\t\t\t\t\t\t\t\t\t\t\n<\/p>\n\t\t\n\t\t<div class=\"cf7md-item cf7md-text mdc-layout-grid__cell mdc-layout-grid__cell--span-12\">\n\t\t\t<br \/>\n<span class=\"wpcf7-form-control-wrap\" data-name=\"your-name\"><input size=\"40\" maxlength=\"400\" class=\"wpcf7-form-control wpcf7-text wpcf7-validates-as-required\" aria-required=\"true\" aria-invalid=\"false\" value=\"\" type=\"text\" name=\"your-name\" \/><\/span><br \/>\n\t\t\t\t\t\t<div style=\"display: none;\" class=\"cf7md-text-html\">\n\t\t\t\t<div class=\"mdc-text-field \">\n\t\t\t\t\t\n\t\t\t\t\t\t\t\t\t\t\t<label class=\"mdc-floating-label\">Su Nombre<\/label>\n\t\t\t\t\t\t<div class=\"mdc-line-ripple\"><\/div>\n\t\t\t\t\t\t\t\t\t<\/div>\n\t\t\t<\/div>\n\t\t<\/div>\n\t\t\n\t\t\n\t\t<div class=\"cf7md-item cf7md-text mdc-layout-grid__cell mdc-layout-grid__cell--span-12\">\n\t\t\t<br \/>\n<span class=\"wpcf7-form-control-wrap\" data-name=\"your-email\"><input size=\"40\" maxlength=\"400\" class=\"wpcf7-form-control wpcf7-email wpcf7-validates-as-required wpcf7-text wpcf7-validates-as-email\" aria-required=\"true\" aria-invalid=\"false\" value=\"\" type=\"email\" name=\"your-email\" \/><\/span><br \/>\n\t\t\t\t\t\t<div style=\"display: none;\" class=\"cf7md-text-html\">\n\t\t\t\t<div class=\"mdc-text-field \">\n\t\t\t\t\t\n\t\t\t\t\t\t\t\t\t\t\t<label class=\"mdc-floating-label\">Su E-mail<\/label>\n\t\t\t\t\t\t<div class=\"mdc-line-ripple\"><\/div>\n\t\t\t\t\t\t\t\t\t<\/div>\n\t\t\t<\/div>\n\t\t<\/div>\n\t\t\n\t\t\n\t\t<div class=\"cf7md-item cf7md-text mdc-layout-grid__cell mdc-layout-grid__cell--span-12\">\n\t\t\t<br \/>\n<span class=\"wpcf7-form-control-wrap\" data-name=\"your-phone\"><input size=\"40\" maxlength=\"400\" class=\"wpcf7-form-control wpcf7-text wpcf7-validates-as-required\" aria-required=\"true\" aria-invalid=\"false\" value=\"\" type=\"text\" name=\"your-phone\" \/><\/span><br \/>\n\t\t\t\t\t\t<div style=\"display: none;\" class=\"cf7md-text-html\">\n\t\t\t\t<div class=\"mdc-text-field \">\n\t\t\t\t\t\n\t\t\t\t\t\t\t\t\t\t\t<label class=\"mdc-floating-label\">Su N\u00famero de tel\u00e9fono m\u00f3vil<\/label>\n\t\t\t\t\t\t<div class=\"mdc-line-ripple\"><\/div>\n\t\t\t\t\t\t\t\t\t<\/div>\n\t\t\t<\/div>\n\t\t<\/div>\n\t\t\n\t\t\n\t\t<div class=\"cf7md-item cf7md-text mdc-layout-grid__cell mdc-layout-grid__cell--span-12\">\n\t\t\t<br \/>\n<span class=\"wpcf7-form-control-wrap\" data-name=\"your-country\"><input size=\"40\" maxlength=\"400\" class=\"wpcf7-form-control wpcf7-text wpcf7-validates-as-required\" aria-required=\"true\" aria-invalid=\"false\" value=\"\" type=\"text\" name=\"your-country\" \/><\/span><br \/>\n\t\t\t\t\t\t<div style=\"display: none;\" class=\"cf7md-text-html\">\n\t\t\t\t<div class=\"mdc-text-field \">\n\t\t\t\t\t\n\t\t\t\t\t\t\t\t\t\t\t<label class=\"mdc-floating-label\">Su naci\u00f3n<\/label>\n\t\t\t\t\t\t<div class=\"mdc-line-ripple\"><\/div>\n\t\t\t\t\t\t\t\t\t<\/div>\n\t\t\t<\/div>\n\t\t<\/div>\n\t\t\n\t\t<div class=\"cf7md-item cf7md-radio mdc-layout-grid__cell mdc-layout-grid__cell--span-12 cf7md-list cf7md-list__stacked\">\n\t\t\t\t\t\t\t<label class=\"cf7md-label cf7md-label--static\">Seleccione el producto que le interesa<\/label>\n\t\t\t\t\t\t<br \/>\n<span class=\"wpcf7-form-control-wrap\" data-name=\"radio-671\"><span class=\"wpcf7-form-control wpcf7-radio\"><span class=\"wpcf7-list-item first\"><input type=\"radio\" name=\"radio-671\" value=\"Paquete que incluye entradas para las 5 veladas y una estancia de 5 noches en un hotel\" checked=\"checked\" \/><span class=\"wpcf7-list-item-label\">Paquete que incluye entradas para las 5 veladas y una estancia de 5 noches en un hotel<\/span><\/span><span class=\"wpcf7-list-item\"><input type=\"radio\" name=\"radio-671\" value=\"Reservar s\u00f3lo la estancia en el hotel - sin billetes\" \/><span class=\"wpcf7-list-item-label\">Reservar s\u00f3lo la estancia en el hotel - sin billetes<\/span><\/span><span class=\"wpcf7-list-item\"><input type=\"radio\" name=\"radio-671\" value=\"Alquilar un piso - sin billetes\" \/><span class=\"wpcf7-list-item-label\">Alquilar un piso - sin billetes<\/span><\/span><span class=\"wpcf7-list-item\"><input type=\"radio\" name=\"radio-671\" value=\"Alquilar un chalet - sin billetes\" \/><span class=\"wpcf7-list-item-label\">Alquilar un chalet - sin billetes<\/span><\/span><span class=\"wpcf7-list-item\"><input type=\"radio\" name=\"radio-671\" value=\"Reservar el servicio de traslado al aeropuerto\" \/><span class=\"wpcf7-list-item-label\">Reservar el servicio de traslado al aeropuerto<\/span><\/span><span class=\"wpcf7-list-item last\"><input type=\"radio\" name=\"radio-671\" value=\"Paquete tur\u00edstico con entradas para veladas individuales\" \/><span class=\"wpcf7-list-item-label\">Paquete tur\u00edstico con entradas para veladas individuales<\/span><\/span><\/span><\/span><br \/>\n\t\t\t<div style=\"display: none;\" class=\"cf7md-radio-html\">\n\t\t\t\t<div class=\"mdc-radio__background\">\n\t\t\t\t\t<div class=\"mdc-radio__outer-circle\"><\/div>\n\t\t\t\t\t<div class=\"mdc-radio__inner-circle\"><\/div>\n\t\t\t\t<\/div>\n\t\t\t<\/div>\n\t\t\t\t\t<\/div>\n\t\t\n\n\t\t<div class=\"cf7md-item cf7md-textarea mdc-layout-grid__cell mdc-layout-grid__cell--span-12 cf7md-textarea-autosize\">\n\t\t\t<br \/>\n<span class=\"wpcf7-form-control-wrap\" data-name=\"your-message\"><textarea cols=\"40\" rows=\"10\" maxlength=\"2000\" class=\"wpcf7-form-control wpcf7-textarea wpcf7-validates-as-required\" aria-required=\"true\" aria-invalid=\"false\" name=\"your-message\"><\/textarea><\/span><br \/>\n\t\t\t\t\t\t<div style=\"display: none;\" class=\"cf7md-text-html\">\n\t\t\t\t<div class=\"mdc-text-field  mdc-text-field--textarea\">\n\t\t\t\t\t\t\t\t\t\t<div class=\"mdc-notched-outline\">\n\t\t\t\t\t\t<div class=\"mdc-notched-outline__leading\"><\/div>\n\t\t\t\t\t\t<div class=\"mdc-notched-outline__notch\">\n\t\t\t\t\t\t\t<label class=\"mdc-floating-label\">n\u00famero de personas y solicitudes espec\u00edficas<\/label>\n\t\t\t\t\t\t<\/div>\n\t\t\t\t\t\t<div class=\"mdc-notched-outline__trailing\"><\/div>\n\t\t\t\t\t<\/div>\n\t\t\t\t<\/div>\n\t\t\t<\/div>\n\t\t<\/div>\n\t\t\n<p><span class=\"wpcf7-form-control-wrap\" data-name=\"acceptance-345\"><span class=\"wpcf7-form-control wpcf7-acceptance\"><span class=\"wpcf7-list-item\"><input type=\"checkbox\" name=\"acceptance-345\" value=\"1\" aria-invalid=\"false\" \/><\/span><\/span><\/span> He le\u00eddo y estoy conforme con la informaci\u00f3n sobre procesamiento de datos personales recogida en <a href=\"http:\/\/www.nyalatravel.com\/en\/privacy-policy-2\/\" target=\"_blank\">esta p\u00e1gina<\/a> del sitio web de la agencia.\n<\/p>\n\t\t<div class=\"cf7md-item cf7md-submit mdc-layout-grid__cell mdc-layout-grid__cell--span-12\" data-button-style=\"raised\">\n\t\t\t<br \/>\n<input class=\"wpcf7-form-control wpcf7-submit has-spinner\" type=\"submit\" value=\"Enviar\" \/><br \/>\n\t\t\t<svg class=\"cf7md-spinner\" width=\"25px\" height=\"25px\" viewBox=\"0 0 66 66\" xmlns=\"http:\/\/www.w3.org\/2000\/svg\">\n\t\t\t\t<circle class=\"cf7md-spinner-path\" fill=\"none\" stroke-width=\"6\" stroke-linecap=\"round\" cx=\"33\" cy=\"33\" r=\"30\"><\/circle>\n\t\t\t<\/svg>\n\t\t<\/div>\n\t\t\n\t\t\t\t\t\t\t\t\t<\/div>\n\t\t\t<\/div>\n\t\t<\/div>\n\t\t\n<\/p><p style=\"display: none !important;\" class=\"akismet-fields-container\" data-prefix=\"_wpcf7_ak_\"><label>&#916;<textarea name=\"_wpcf7_ak_hp_textarea\" cols=\"45\" rows=\"8\" maxlength=\"100\"><\/textarea><\/label><input type=\"hidden\" id=\"ak_js_1\" name=\"_wpcf7_ak_js\" value=\"160\"\/><script>document.getElementById( \"ak_js_1\" ).setAttribute( \"value\", ( new Date() ).getTime() );<\/script><\/p><div class=\"wpcf7-response-output\" aria-hidden=\"true\"><\/div>\n<\/form>\n<\/div>\n\n<p>[\/et_pb_text][et_pb_sidebar orientation=\u00bbright\u00bb module_class=\u00bbsidebar-main\u00bb _builder_version=\u00bb4.16&#8243; _module_preset=\u00bbdefault\u00bb global_colors_info=\u00bb{}\u00bb][\/et_pb_sidebar][\/et_pb_column][\/et_pb_row][\/et_pb_section]<\/p>\n","protected":false},"excerpt":{"rendered":"<p>Toda la informaci\u00f3n que necesita para comprar tickets Festival de San Remo 2024 y asistir a las 5 noches del Festival de la Canci\u00f3n Italiana de San Remo. La taquilla del Festival de San Remo est\u00e1 gestionada por la RAI, la cadena de radio-televisi\u00f3n italiana, responsable de la organizaci\u00f3n del evento. Las plazas disponibles para [&hellip;]<\/p>\n","protected":false},"author":1,"featured_media":0,"parent":0,"menu_order":0,"comment_status":"closed","ping_status":"closed","template":"","meta":{"_et_pb_use_builder":"on","_et_pb_old_content":"<h3><span style=\"display: inline-block; width: 0px; overflow: hidden; line-height: 0;\" data-mce-type=\"bookmark\" class=\"mce_SELRES_start\">\ufeff<\/span>Toda la informaci\u00f3n que necesita para comprar tickets Festival de San Remo 2021 y asistir a las 5 noches del Festival de la Canci\u00f3n Italiana de San Remo.<\/h3>\r\nLa taquilla del Festival de San Remo est\u00e1 gestionada por la RAI, la cadena de radio-televisi\u00f3n italiana, responsable de la organizaci\u00f3n del evento.\r\n\r\nLas plazas disponibles para el p\u00fablico en el Teatro Ariston son muy limitadas, ya que el aforo se ve reducido por la impresionante escenograf\u00eda y la mayor\u00eda de los asientos est\u00e1n reservados para los invitados institucionales de la televisi\u00f3n estatal y la comuna de San Remo.\r\n<strong>En la preventa solo se pueden adquirir abonos para las cinco noches del evento.<\/strong>\r\n\r\n<h3>PAQUETES HOTEL+TICKET<\/h3>\r\nHay un n\u00famero limitado de abonos reservados a aquellos clientes de los hoteles de San Remo que adquieran un paquete vacacional completo para asistir al evento.\r\n<strong><span style=\"color: #ff0000;\">Contacte con nosotros mediante el formulario de \"Contacto\" del sitio web para recibir m\u00e1s informaci\u00f3n sobre disponibilidad de paquetes vacacionales, alojamiento en hoteles + entradas para el evento.<\/span><\/strong>\r\n\r\n<h3>TAQUILLA DE LA RAI<\/h3>\r\nA principios de enero la RAI activa una taquilla para reservar los abonos restantes. Normalmente, se proporciona un n\u00famero de FAX para atender las solicitudes. Los abonos se sortear\u00e1n entre quienes hayan presentado su solicitud. Por favor, tenga en cuenta que la demanda de entradas para el evento supera con creces el aforo del teatro. En las \u00faltimas ediciones, se ha limitado la disponibilidad de abonos durante esta fase a la zona de galer\u00eda del teatro.\r\n\r\n<h3>TAQUILLA DEL TEATRO ARISTON<\/h3>\r\nEn los d\u00edas inmediatamente anteriores al evento y durante el Festival, se abrir\u00e1 una taquilla en el Teatro Ariston. Por lo general, estar\u00e1n a la venta aquellos asientos del sector de la orquesta reservados con antelaci\u00f3n y que no han sido recogidos a tiempo, as\u00ed como algunas entradas para el sector de la galer\u00eda. Esta es la \u00fanica fase en la que se pueden adquirir tickets para noches sueltas del Festival. Tambi\u00e9n en esta ocasi\u00f3n la demanda supera sobradamente la oferta de plazas, por lo que resulta casi imposible adquirir entradas.\r\n<strong><span style=\"color: #ff0000;\">Si son ustedes verdaderos amantes de la Canci\u00f3n italiana, les sugerimos que reserven con tiempo un paquete vacacional. Contacten con nosotros <strong>mediante el formulario de \"Contacto\" del sitio web y estaremos encantados de ayudarles<\/strong>.\u00a0<\/span><\/strong>\r\n\r\n<h3>ASIENTOS DISPONIBLES<\/h3>\r\nLa situaci\u00f3n de los asientos disponibles depende \u00fanicamente del criterio de la RAI. A continuaci\u00f3n se muestra una vista general de las plazas disponibles en la preventa.\r\n\r\n[table caption=\"ARISTON THEATER\" width=\"500\" colwidth=\"100|100|300\" colalign=\"left|left|left\"] \r\n,sector,availability\r\nplatea,sector 1\u00b0,only institutional hosipitality \r\nplatea,sector 2\u00b0,partially available in presale \r\ngallery,unique sector,partially available in presale \r\n[\/table]\r\n\r\n<span style=\"display: inline-block; width: 0px; overflow: hidden; line-height: 0;\" data-mce-type=\"bookmark\" class=\"mce_SELRES_start\">\ufeff<\/span>\r\n\r\n<h3>SECURITY MEASURES<\/h3>\r\nThe event tickets are assigned names, so that when they are being purchased the complete details of the purchaser are required.\r\n\r\nBy buying a holiday package offered by our agency, you don\u2019t have to worry about all the complicated bureaucracy.","_et_gb_content_width":"","footnotes":""},"class_list":["post-76169","page","type-page","status-publish","hentry"],"_links":{"self":[{"href":"https:\/\/sanremofestival.info\/es\/wp-json\/wp\/v2\/pages\/76169","targetHints":{"allow":["GET"]}}],"collection":[{"href":"https:\/\/sanremofestival.info\/es\/wp-json\/wp\/v2\/pages"}],"about":[{"href":"https:\/\/sanremofestival.info\/es\/wp-json\/wp\/v2\/types\/page"}],"author":[{"embeddable":true,"href":"https:\/\/sanremofestival.info\/es\/wp-json\/wp\/v2\/users\/1"}],"replies":[{"embeddable":true,"href":"https:\/\/sanremofestival.info\/es\/wp-json\/wp\/v2\/comments?post=76169"}],"version-history":[{"count":23,"href":"https:\/\/sanremofestival.info\/es\/wp-json\/wp\/v2\/pages\/76169\/revisions"}],"predecessor-version":[{"id":444295,"href":"https:\/\/sanremofestival.info\/es\/wp-json\/wp\/v2\/pages\/76169\/revisions\/444295"}],"wp:attachment":[{"href":"https:\/\/sanremofestival.info\/es\/wp-json\/wp\/v2\/media?parent=76169"}],"curies":[{"name":"wp","href":"https:\/\/api.w.org\/{rel}","templated":true}]}}