{"id":76184,"date":"2015-08-13T15:26:55","date_gmt":"2015-08-13T15:26:55","guid":{"rendered":"http:\/\/sanremofestival.info\/festival-de-la-cancion-italiana-de-san-remo\/"},"modified":"2020-10-19T12:45:04","modified_gmt":"2020-10-19T12:45:04","slug":"festival-de-la-cancion-italiana-de-san-remo","status":"publish","type":"page","link":"https:\/\/sanremofestival.info\/es\/festival-de-la-cancion-italiana-de-san-remo\/","title":{"rendered":"Festival de la Canci\u00f3n Italiana de San Remo"},"content":{"rendered":"<p>[et_pb_section fb_built=\u00bb1&#8243; specialty=\u00bbon\u00bb module_class=\u00bball_pages_section\u00bb _builder_version=\u00bb4.5.1&#8243; _module_preset=\u00bbdefault\u00bb][et_pb_column type=\u00bb3_4&#8243; specialty_columns=\u00bb3&#8243; _builder_version=\u00bb3.25&#8243; custom_padding=\u00bb|||\u00bb custom_padding__hover=\u00bb|||\u00bb][et_pb_row_inner _builder_version=\u00bb4.5.1&#8243; _module_preset=\u00bbdefault\u00bb][et_pb_column_inner saved_specialty_column_type=\u00bb3_4&#8243; module_class=\u00bbcontent_col\u00bb _builder_version=\u00bb4.5.1&#8243; _module_preset=\u00bbdefault\u00bb][et_pb_text admin_label=\u00bbText\u00bb _builder_version=\u00bb4.5.1&#8243; background_size=\u00bbinitial\u00bb background_position=\u00bbtop_left\u00bb background_repeat=\u00bbrepeat\u00bb hover_enabled=\u00bb0&#8243;]<\/p>\n<h3><strong>El Festival de la Canci\u00f3n Italiana de San Remo, nacido en 1950, se ha impuesto con los a\u00f1os como uno de los m\u00e1s importantes eventos de la tradici\u00f3n italiana.<\/strong><\/h3>\n<p>Los or\u00edgenes del Festival de San Remo se remontan al periodo posterior a la Primera Guerra Mundial, cuando la necesidad de reconstruir un pa\u00eds destrozado por el conflicto b\u00e9lico llev\u00f3 a los administradores de San Remo a idear el relanzamiento tur\u00edstico de la ciudad. En particular, se dio prioridad a la reapertura del casino y al relanzamiento de la temporada de invierno, que hac\u00edan la fortuna del centro vacacional por excelencia de la Riviera.<br \/>As\u00ed pues, en 1950 la primera edici\u00f3n del Festival de la Canci\u00f3n Italiana se emiti\u00f3 por la radio desde el renovado sal\u00f3n del Casino de San Remo, aunque los clientes habituales del mismo no captaron las dimensiones hist\u00f3ricas del evento. Gracias a la televisi\u00f3n, en 1954 creci\u00f3 el impacto del Festival que, con el paso de los a\u00f1os, ir\u00eda convirti\u00e9ndose no solo en un fen\u00f3meno musical, sino tambi\u00e9n cultural.<br \/>La historia del Festival est\u00e1 \u00edntimamente ligada a la historia de la televisi\u00f3n italiana: desde las grabaciones en blanco y negro de los padres de la m\u00fasica italiana, el advenimiento de la televisi\u00f3n en color en los a\u00f1os setenta, hasta el triunfo tecnol\u00f3gico de los escenarios electr\u00f3nicos y las im\u00e1genes de alta definici\u00f3n. No obstante, m\u00e1s que reflejar la tecnolog\u00eda, el Festival ha sido durante d\u00e9cadas el espejo de la realidad italiana, a trav\u00e9s no solo de los g\u00e9neros musicales y las letras de las canciones, sino tambi\u00e9n de la moda y estilo de vida de los participantes.<br \/>Por tanto, no es de extra\u00f1ar que, en una \u00e9poca de fragmentaci\u00f3n de la audiencia televisiva, el Festival de San Remo, solo comparable a los partidos de f\u00fatbol de \u00e1mbito nacional, sea un evento capaz de catalizar la atenci\u00f3n de los medios italianos, manteniendo a millones de espectadores pendientes del televisor, generando r\u00edos de tinta en los medios impresos y, m\u00e1s recientemente, dando mucho que hablar en Internet y las redes sociales.<br \/>La fama del Festival de San Remo atraviesa las fronteras nacionales, siendo especialmente famoso en aquellos pa\u00edses donde abundan los aficionados a la Canci\u00f3n italiana: desde los que acogieron a emigrantes italianos hasta las naciones de cultura \u00ablatina\u00bb, pasando por los pa\u00edses de la antigua Uni\u00f3n Sovi\u00e9tica, donde la pasi\u00f3n por San Remo excede incluso la de los propios ciudadanos de Italia.<br \/>Como suele ocurrir, el Festival de la Canci\u00f3n Italiana es, sin duda, un evento que merece la pena seguir por televisi\u00f3n e Internet pero, si tiene<strong>\u00a0<span style=\"color: #ff0000;\">la oportunidad de asistir en persona y respirar el ambiente de la ciudad durante esa semana, vivir\u00e1 una experiencia que un verdadero fan de la canci\u00f3n italiana deber\u00eda probar al menos una vez en la vida. Estamos aqu\u00ed precisamente para eso: para ayudarle a hacer realidad su sue\u00f1o en San Remo.<\/span><\/strong><\/p>\n<p>[\/et_pb_text][\/et_pb_column_inner][\/et_pb_row_inner][\/et_pb_column][et_pb_column type=\u00bb1_4&#8243; _builder_version=\u00bb3.25&#8243; custom_padding=\u00bb|||\u00bb custom_padding__hover=\u00bb|||\u00bb][et_pb_sidebar orientation=\u00bbright\u00bb module_class=\u00bbsidebar-main\u00bb _builder_version=\u00bb4.5.1&#8243; _module_preset=\u00bbdefault\u00bb][\/et_pb_sidebar][\/et_pb_column][\/et_pb_section]<\/p>\n","protected":false},"excerpt":{"rendered":"<p>El Festival de la Canci\u00f3n Italiana de San Remo, nacido en 1950, se ha impuesto con los a\u00f1os como uno de los m\u00e1s importantes eventos de la tradici\u00f3n italiana. Los or\u00edgenes del Festival de San Remo se remontan al periodo posterior a la Primera Guerra Mundial, cuando la necesidad de reconstruir un pa\u00eds destrozado por [&hellip;]<\/p>\n","protected":false},"author":1,"featured_media":0,"parent":0,"menu_order":0,"comment_status":"closed","ping_status":"closed","template":"","meta":{"_et_pb_use_builder":"on","_et_pb_old_content":"<h3><span style=\"display: inline-block; width: 0px; overflow: hidden; line-height: 0;\" data-mce-type=\"bookmark\" class=\"mce_SELRES_start\">\ufeff<\/span>El Festival de la Canci\u00f3n Italiana de San Remo, nacido en 1950, se ha impuesto con los a\u00f1os como uno de los m\u00e1s importantes eventos de la tradici\u00f3n italiana.<\/h3>\r\nLos or\u00edgenes del Festival de San Remo se remontan al periodo posterior a la Primera Guerra Mundial, cuando la necesidad de reconstruir un pa\u00eds destrozado por el conflicto b\u00e9lico llev\u00f3 a los administradores de San Remo a idear el relanzamiento tur\u00edstico de la ciudad. En particular, se dio prioridad a la reapertura del casino y al relanzamiento de la temporada de invierno, que hac\u00edan la fortuna del centro vacacional por excelencia de la Riviera.\r\nAs\u00ed pues, en 1950 la primera edici\u00f3n del Festival de la Canci\u00f3n Italiana se<span style=\"display: inline-block; width: 0px; overflow: hidden; line-height: 0;\" data-mce-type=\"bookmark\" class=\"mce_SELRES_start\">\ufeff<\/span> emiti\u00f3 por la radio desde el renovado sal\u00f3n del Casino de San Remo, aunque los clientes habituales del mismo no captaron las dimensiones hist\u00f3ricas del evento. Gracias a la televisi\u00f3n, en 1954 creci\u00f3 el impacto del Festival que, con el paso de los a\u00f1os, ir\u00eda convirti\u00e9ndose no solo en un fen\u00f3meno musical, sino tambi\u00e9n cultural.\r\nLa historia del Festival est\u00e1 \u00edntimamente ligada a la historia de la televisi\u00f3n italiana: desde las grabaciones en blanco y negro de los padres de la m\u00fasica italiana, el advenimiento de la televisi\u00f3n en color en los a\u00f1os setenta, hasta el triunfo tecnol\u00f3gico de los escenarios electr\u00f3nicos y las im\u00e1genes de alta definici\u00f3n. No obstante, m\u00e1s que reflejar la tecnolog\u00eda, el Festival ha sido durante d\u00e9cadas el espejo de la realidad<span style=\"display: inline-block; width: 0px; overflow: hidden; line-height: 0;\" data-mce-type=\"bookmark\" class=\"mce_SELRES_end\">\ufeff<\/span> italiana, a trav\u00e9s no solo de los g\u00e9neros musicales y las letras de las canciones, sino tambi\u00e9n de la moda y estilo de vida de los participantes.\r\nPor tanto, no es de extra\u00f1ar que, en una \u00e9poca de fragmentaci\u00f3n de la audiencia televisiva, el Festival de San Remo, solo comparable a los partidos de f\u00fatbol de \u00e1mbito nacional, sea un evento capaz de catalizar la atenci\u00f3n de los medios italianos, manteniendo a millones de espectadores pendientes del televisor, generando r\u00edos de tinta en los medios impresos y, m\u00e1s recientemente, dando mucho que hablar en Internet y las redes sociales.\r\nLa fama del Festival de San Remo atraviesa las fronteras nacionales, siendo especialmente famoso en aquellos pa\u00edses donde abundan los aficionados a la Canci\u00f3n italiana: desde los que acogieron a emigrantes italianos hasta las naciones de cultura \"latina\", pasando por los pa\u00edses de la antigua Uni\u00f3n Sovi\u00e9tica, donde la pasi\u00f3n por San Remo excede incluso la de los propios ciudadanos de Italia.\r\nComo suele ocurrir, el Festival de la Canci\u00f3n Italiana es, sin duda, un evento que merece la pena seguir por televisi\u00f3n e Internet pero, si tiene<strong>\u00a0<span style=\"color: #ff0000;\">la oportunidad de asistir en persona y respirar el ambiente de la ciudad durante esa semana, vivir\u00e1 una experiencia que un verdadero fan de la canci\u00f3n italiana deber\u00eda probar al menos una vez en la vida. Estamos aqu\u00ed precisamente para eso: para ayudarle a hacer realidad su sue\u00f1o en San Remo.<\/span><\/strong>","_et_gb_content_width":"","footnotes":""},"class_list":["post-76184","page","type-page","status-publish","hentry"],"_links":{"self":[{"href":"https:\/\/sanremofestival.info\/es\/wp-json\/wp\/v2\/pages\/76184","targetHints":{"allow":["GET"]}}],"collection":[{"href":"https:\/\/sanremofestival.info\/es\/wp-json\/wp\/v2\/pages"}],"about":[{"href":"https:\/\/sanremofestival.info\/es\/wp-json\/wp\/v2\/types\/page"}],"author":[{"embeddable":true,"href":"https:\/\/sanremofestival.info\/es\/wp-json\/wp\/v2\/users\/1"}],"replies":[{"embeddable":true,"href":"https:\/\/sanremofestival.info\/es\/wp-json\/wp\/v2\/comments?post=76184"}],"version-history":[{"count":8,"href":"https:\/\/sanremofestival.info\/es\/wp-json\/wp\/v2\/pages\/76184\/revisions"}],"predecessor-version":[{"id":433549,"href":"https:\/\/sanremofestival.info\/es\/wp-json\/wp\/v2\/pages\/76184\/revisions\/433549"}],"wp:attachment":[{"href":"https:\/\/sanremofestival.info\/es\/wp-json\/wp\/v2\/media?parent=76184"}],"curies":[{"name":"wp","href":"https:\/\/api.w.org\/{rel}","templated":true}]}}