{"id":76414,"date":"2015-08-14T08:43:28","date_gmt":"2015-08-14T08:43:28","guid":{"rendered":"http:\/\/sanremofestival.info\/tickets-para-el-espectaculo-domenica-in-de-san-remo-2015\/"},"modified":"2022-05-09T22:03:25","modified_gmt":"2022-05-09T22:03:25","slug":"tickets-para-el-espectaculo-domenica-in-de-san-remo","status":"publish","type":"page","link":"https:\/\/sanremofestival.info\/es\/tickets-para-el-espectaculo-domenica-in-de-san-remo\/","title":{"rendered":"TICKETS PARA EL ESPECT\u00c1CULO DOMENICA IN DE SAN REMO"},"content":{"rendered":"<p>[et_pb_section fb_built=\u00bb1&#8243; specialty=\u00bbon\u00bb module_class=\u00bball_pages_section\u00bb _builder_version=\u00bb4.5.1&#8243; _module_preset=\u00bbdefault\u00bb global_colors_info=\u00bb{}\u00bb][et_pb_column type=\u00bb3_4&#8243; specialty_columns=\u00bb3&#8243; _builder_version=\u00bb3.25&#8243; custom_padding=\u00bb|||\u00bb global_colors_info=\u00bb{}\u00bb custom_padding__hover=\u00bb|||\u00bb][et_pb_row_inner _builder_version=\u00bb4.5.1&#8243; _module_preset=\u00bbdefault\u00bb global_colors_info=\u00bb{}\u00bb][et_pb_column_inner saved_specialty_column_type=\u00bb3_4&#8243; module_class=\u00bbcontent_col\u00bb _builder_version=\u00bb4.5.1&#8243; _module_preset=\u00bbdefault\u00bb global_colors_info=\u00bb{}\u00bb][et_pb_text admin_label=\u00bbText\u00bb _builder_version=\u00bb4.14.2&#8243; background_size=\u00bbinitial\u00bb background_position=\u00bbtop_left\u00bb background_repeat=\u00bbrepeat\u00bb hover_enabled=\u00bb0&#8243; global_colors_info=\u00bb{}\u00bb sticky_enabled=\u00bb0&#8243;]<\/p>\n<p style=\"text-align: justify;\">El domingo despu\u00e9s del Festival habr\u00e1 un episodio especial del espect\u00e1culo <strong>Domenica In<\/strong> \u00a0dedicado al Festival de San Remo, durante el cual ser\u00e1 posible ver en el escenario del Teatro Ariston la actuaci\u00f3n del ganador y los dem\u00e1s artistas.<\/p>\n<p style=\"text-align: justify;\">Tickets para el espect\u00e1culo <strong>Domenica In<\/strong> de San Remo 2023 no est\u00e1n a la venta, se asignar\u00e1n por sorteo.<\/p>\n<p style=\"text-align: justify;\">De hecho, el acceso al espect\u00e1culo en el <strong>Teatro Ariston<\/strong>\u00a0solo es posible con invitaciones. La comuna de San Remo organiza anualmente una rifa y pone a disposici\u00f3n del p\u00fablico una serie de entradas para asistir a este show.<\/p>\n<p style=\"text-align: justify;\">\u00bfC\u00f3mo participar en el <strong>Domenica In<\/strong>?<\/p>\n<p style=\"text-align: justify;\">Para enviar una solicitud de asistencia al espect\u00e1culo <strong>Domenica In<\/strong> es necesario lo siguiente:<\/p>\n<p style=\"text-align: justify;\">Rellenar un formulario espec\u00edfico con sus datos personales. Este formulario puede conseguirse:<\/p>\n<p style=\"text-align: justify;\">1) en la oficina de Relaciones P\u00fablicas \u00a0(URP -Ufficio Relazioni con il Pubblico) sita en el Corso Garibaldi 1 \u2013 Palafiori, San Remo)<\/p>\n<p style=\"text-align: justify;\">2) descarg\u00e1ndolo del sitio web de la \u00a0<a href=\"http:\/\/www.comunedisanremo.it\/\">Comuna de San Remo<\/a>\u00a0y reenvi\u00e1ndolo por fax al n\u00famero 0184.501582.<\/p>\n<p style=\"text-align: justify;\">Se considerar\u00e1 una solicitud por persona.<\/p>\n<p style=\"text-align: justify;\">Cada solicitud incluye 2 entradas. <strong>Los formularios de solicitud para el Domenica In del Festival 2020 se aceptar\u00e1n hasta una fecha l\u00edmite a\u00fan por determinar<\/strong>.<\/p>\n<p style=\"text-align: justify;\">La informaci\u00f3n espec\u00edfica con los nombres de los agraciados y los d\u00edas en que podr\u00e1n recogerse las entradas se publicar\u00e1 en el sitio web de la\u00a0<a href=\"http:\/\/www.comunedisanremo.it\/\">Comuna de San Remo<\/a>\u00a0en los d\u00edas previos al evento.<\/p>\n<p style=\"text-align: justify;\">Las entradas recogidas no podr\u00e1n utilizarse con otros nombres.<\/p>\n<p>[\/et_pb_text][\/et_pb_column_inner][\/et_pb_row_inner][\/et_pb_column][et_pb_column type=\u00bb1_4&#8243; _builder_version=\u00bb3.25&#8243; custom_padding=\u00bb|||\u00bb global_colors_info=\u00bb{}\u00bb custom_padding__hover=\u00bb|||\u00bb][et_pb_sidebar orientation=\u00bbright\u00bb module_class=\u00bbsidebar-main\u00bb _builder_version=\u00bb4.5.1&#8243; _module_preset=\u00bbdefault\u00bb global_colors_info=\u00bb{}\u00bb][\/et_pb_sidebar][\/et_pb_column][\/et_pb_section]<\/p>\n","protected":false},"excerpt":{"rendered":"<p>El domingo despu\u00e9s del Festival habr\u00e1 un episodio especial del espect\u00e1culo Domenica In \u00a0dedicado al Festival de San Remo, durante el cual ser\u00e1 posible ver en el escenario del Teatro Ariston la actuaci\u00f3n del ganador y los dem\u00e1s artistas. Tickets para el espect\u00e1culo Domenica In de San Remo 2023 no est\u00e1n a la venta, se [&hellip;]<\/p>\n","protected":false},"author":1,"featured_media":0,"parent":0,"menu_order":0,"comment_status":"closed","ping_status":"closed","template":"","meta":{"_et_pb_use_builder":"on","_et_pb_old_content":"<p style=\"text-align: justify;\">El domingo despu\u00e9s del Festival habr\u00e1 un episodio especial del espect\u00e1culo <strong>Domenica In<\/strong> \u00a0dedicado al Festival de San Remo, durante el cual ser\u00e1 posible ver en el escenario del Teatro Ariston la actuaci\u00f3n del ganador y los dem\u00e1s artistas.<\/p>\r\n<p style=\"text-align: justify;\">Tickets para el espect\u00e1culo <strong>Domenica In<\/strong>\u00a0de San Remo 2020<span style=\"display: inline-block; width: 0px; overflow: hidden; line-height: 0;\" data-mce-type=\"bookmark\" class=\"mce_SELRES_start\">\ufeff<\/span> no est\u00e1n a la venta, se asignar\u00e1n por sorteo.<\/p>\r\n<p style=\"text-align: justify;\">De hecho, el acceso al espect\u00e1culo en el <strong>Teatro Ariston<\/strong>\u00a0solo es posible con invitaciones. La comuna de San Remo organiza anualmente una rifa y pone a disposici\u00f3n del p\u00fablico una serie de entradas para asistir a este show.<strong><\/strong><\/p>\r\n<p style=\"text-align: justify;\">\u00bfC\u00f3mo participar en el <strong>Domenica In<\/strong>?<\/p>\r\n<p style=\"text-align: justify;\">Para enviar una solicitud de asistencia al espect\u00e1culo <strong>Domenica In<\/strong> es necesario lo siguiente:<\/p>\r\n<p style=\"text-align: justify;\">Rellenar un formulario espec\u00edfico con sus datos personales. Este formulario puede conseguirse:<\/p>\r\n<p style=\"text-align: justify;\">1) en la oficina de Relaciones P\u00fablicas \u00a0(URP -Ufficio Relazioni con il Pubblico) sita en el Corso Garibaldi 1 \u2013 Palafiori, San Remo)<\/p>\r\n<p style=\"text-align: justify;\">2) descarg\u00e1ndolo del sitio web de la \u00a0<a href=\"http:\/\/www.comunedisanremo.it\/\">Comuna de San Remo<\/a>\u00a0y reenvi\u00e1ndolo por fax al n\u00famero 0184.501582.<\/p>\r\n<p style=\"text-align: justify;\">Se considerar\u00e1 una solicitud por persona.<\/p>\r\n<p style=\"text-align: justify;\">Cada solicitud incluye 2 entradas. <strong>Los formularios de solicitud para el Domenica In del Festival 2020 se aceptar\u00e1n hasta una fecha l\u00edmite a\u00fan por determinar<\/strong>.<\/p>\r\n<p style=\"text-align: justify;\">La informaci\u00f3n espec\u00edfica con los nombres de los agraciados y los d\u00edas en que podr\u00e1n recogerse las entradas se publicar\u00e1 en el sitio web de la\u00a0<a href=\"http:\/\/www.comunedisanremo.it\/\">Comuna de San Remo<\/a>\u00a0en los d\u00edas previos al evento.<\/p>\r\n<p style=\"text-align: justify;\">Las entradas recogidas no podr\u00e1n utilizarse con otros nombres.<\/p>","_et_gb_content_width":"","footnotes":""},"class_list":["post-76414","page","type-page","status-publish","hentry"],"_links":{"self":[{"href":"https:\/\/sanremofestival.info\/es\/wp-json\/wp\/v2\/pages\/76414","targetHints":{"allow":["GET"]}}],"collection":[{"href":"https:\/\/sanremofestival.info\/es\/wp-json\/wp\/v2\/pages"}],"about":[{"href":"https:\/\/sanremofestival.info\/es\/wp-json\/wp\/v2\/types\/page"}],"author":[{"embeddable":true,"href":"https:\/\/sanremofestival.info\/es\/wp-json\/wp\/v2\/users\/1"}],"replies":[{"embeddable":true,"href":"https:\/\/sanremofestival.info\/es\/wp-json\/wp\/v2\/comments?post=76414"}],"version-history":[{"count":12,"href":"https:\/\/sanremofestival.info\/es\/wp-json\/wp\/v2\/pages\/76414\/revisions"}],"predecessor-version":[{"id":442553,"href":"https:\/\/sanremofestival.info\/es\/wp-json\/wp\/v2\/pages\/76414\/revisions\/442553"}],"wp:attachment":[{"href":"https:\/\/sanremofestival.info\/es\/wp-json\/wp\/v2\/media?parent=76414"}],"curies":[{"name":"wp","href":"https:\/\/api.w.org\/{rel}","templated":true}]}}