{"id":76417,"date":"2015-08-14T08:50:14","date_gmt":"2015-08-14T08:50:14","guid":{"rendered":"http:\/\/sanremofestival.info\/hotel-festival-de-san-remo-2015\/"},"modified":"2025-02-19T11:50:31","modified_gmt":"2025-02-19T11:50:31","slug":"hoteles-festival-de-san-remo","status":"publish","type":"page","link":"https:\/\/sanremofestival.info\/es\/hoteles-festival-de-san-remo\/","title":{"rendered":"Hoteles Festival de San Remo 2026"},"content":{"rendered":"<p>[et_pb_section fb_built=\u00bb1&#8243; _builder_version=\u00bb4.19.5&#8243; _module_preset=\u00bbdefault\u00bb global_colors_info=\u00bb{}\u00bb][et_pb_row column_structure=\u00bb3_5,2_5&#8243; _builder_version=\u00bb4.19.5&#8243; _module_preset=\u00bbdefault\u00bb global_colors_info=\u00bb{}\u00bb][et_pb_column type=\u00bb3_5&#8243; _builder_version=\u00bb4.19.5&#8243; _module_preset=\u00bbdefault\u00bb global_colors_info=\u00bb{}\u00bb][et_pb_text admin_label=\u00bbText\u00bb _builder_version=\u00bb4.27.4&#8243; background_size=\u00bbinitial\u00bb background_position=\u00bbtop_left\u00bb background_repeat=\u00bbrepeat\u00bb hover_enabled=\u00bb0&#8243; global_colors_info=\u00bb{}\u00bb sticky_enabled=\u00bb0&#8243;]<\/p>\n<h3><strong>Reserve con nosotros y benef\u00edciese de las tarifas especiales Hotel Festival de San Remo 2026 de nuestros hoteles asociados.<\/strong><\/h3>\n<p>Le ofrecemos alojamiento en hoteles del Festival de Sanremo para que aproveche al m\u00e1ximo los d\u00edas del festival. Gracias a nuestra agencia receptiva, facilitamos los desplazamientos a Sanremo y a los hoteles. Un equipo le espera en Sanremo, capaz de satisfacer todas sus necesidades y de proporcionarle todo lo necesario para que su estancia en la Ciudad de las Flores sea agradable.<\/p>\n<h3>SOLICITAR INFORMACI\u00d3N<\/h3>\n<p>Puede solicitar informaci\u00f3n sin compromiso sobre los hoteles del Festival de Sanremo rellenando el siguiente formulario:<\/p>\n\n<div class=\"wpcf7 no-js\" id=\"wpcf7-f443883-o1\" lang=\"es-ES\" dir=\"ltr\" data-wpcf7-id=\"443883\">\n<div class=\"screen-reader-response\"><p role=\"status\" aria-live=\"polite\" aria-atomic=\"true\"><\/p> <ul><\/ul><\/div>\n<form action=\"\/es\/wp-json\/wp\/v2\/pages\/76417#wpcf7-f443883-o1\" method=\"post\" class=\"wpcf7-form init\" aria-label=\"Formulario de contacto\" novalidate=\"novalidate\" data-status=\"init\">\n<div style=\"display: none;\">\n<input type=\"hidden\" name=\"_wpcf7\" value=\"443883\" \/>\n<input type=\"hidden\" name=\"_wpcf7_version\" value=\"6.0.3\" \/>\n<input type=\"hidden\" name=\"_wpcf7_locale\" value=\"es_ES\" \/>\n<input type=\"hidden\" name=\"_wpcf7_unit_tag\" value=\"wpcf7-f443883-o1\" \/>\n<input type=\"hidden\" name=\"_wpcf7_container_post\" value=\"0\" \/>\n<input type=\"hidden\" name=\"_wpcf7_posted_data_hash\" value=\"\" \/>\n<input type=\"hidden\" name=\"_wpcf7_recaptcha_response\" value=\"\" \/>\n<\/div>\n<p>\t\t<div id=\"cf7md-form\" class=\"cf7md-form\">\n\t\t\t<div class=\"mdc-layout-grid\">\n\t\t\t\t<div class=\"mdc-layout-grid__inner\">\n\t\t\t\t\t\t\t\t\t\t\n<\/p>\n\t\t\n\t\t<div class=\"cf7md-item cf7md-text mdc-layout-grid__cell mdc-layout-grid__cell--span-12\">\n\t\t\t<br \/>\n<span class=\"wpcf7-form-control-wrap\" data-name=\"your-name\"><input size=\"40\" maxlength=\"400\" class=\"wpcf7-form-control wpcf7-text wpcf7-validates-as-required\" aria-required=\"true\" aria-invalid=\"false\" value=\"\" type=\"text\" name=\"your-name\" \/><\/span><br \/>\n\t\t\t\t\t\t<div style=\"display: none;\" class=\"cf7md-text-html\">\n\t\t\t\t<div class=\"mdc-text-field \">\n\t\t\t\t\t\n\t\t\t\t\t\t\t\t\t\t\t<label class=\"mdc-floating-label\">Su Nombre<\/label>\n\t\t\t\t\t\t<div class=\"mdc-line-ripple\"><\/div>\n\t\t\t\t\t\t\t\t\t<\/div>\n\t\t\t<\/div>\n\t\t<\/div>\n\t\t\n\t\t\n\t\t<div class=\"cf7md-item cf7md-text mdc-layout-grid__cell mdc-layout-grid__cell--span-12\">\n\t\t\t<br \/>\n<span class=\"wpcf7-form-control-wrap\" data-name=\"your-email\"><input size=\"40\" maxlength=\"400\" class=\"wpcf7-form-control wpcf7-email wpcf7-validates-as-required wpcf7-text wpcf7-validates-as-email\" aria-required=\"true\" aria-invalid=\"false\" value=\"\" type=\"email\" name=\"your-email\" \/><\/span><br \/>\n\t\t\t\t\t\t<div style=\"display: none;\" class=\"cf7md-text-html\">\n\t\t\t\t<div class=\"mdc-text-field \">\n\t\t\t\t\t\n\t\t\t\t\t\t\t\t\t\t\t<label class=\"mdc-floating-label\">Su E-mail<\/label>\n\t\t\t\t\t\t<div class=\"mdc-line-ripple\"><\/div>\n\t\t\t\t\t\t\t\t\t<\/div>\n\t\t\t<\/div>\n\t\t<\/div>\n\t\t\n\t\t\n\t\t<div class=\"cf7md-item cf7md-text mdc-layout-grid__cell mdc-layout-grid__cell--span-12\">\n\t\t\t<br \/>\n<span class=\"wpcf7-form-control-wrap\" data-name=\"your-phone\"><input size=\"40\" maxlength=\"400\" class=\"wpcf7-form-control wpcf7-text wpcf7-validates-as-required\" aria-required=\"true\" aria-invalid=\"false\" value=\"\" type=\"text\" name=\"your-phone\" \/><\/span><br \/>\n\t\t\t\t\t\t<div style=\"display: none;\" class=\"cf7md-text-html\">\n\t\t\t\t<div class=\"mdc-text-field \">\n\t\t\t\t\t\n\t\t\t\t\t\t\t\t\t\t\t<label class=\"mdc-floating-label\">Su N\u00famero de tel\u00e9fono m\u00f3vil<\/label>\n\t\t\t\t\t\t<div class=\"mdc-line-ripple\"><\/div>\n\t\t\t\t\t\t\t\t\t<\/div>\n\t\t\t<\/div>\n\t\t<\/div>\n\t\t\n\t\t\n\t\t<div class=\"cf7md-item cf7md-text mdc-layout-grid__cell mdc-layout-grid__cell--span-12\">\n\t\t\t<br \/>\n<span class=\"wpcf7-form-control-wrap\" data-name=\"your-country\"><input size=\"40\" maxlength=\"400\" class=\"wpcf7-form-control wpcf7-text wpcf7-validates-as-required\" aria-required=\"true\" aria-invalid=\"false\" value=\"\" type=\"text\" name=\"your-country\" \/><\/span><br \/>\n\t\t\t\t\t\t<div style=\"display: none;\" class=\"cf7md-text-html\">\n\t\t\t\t<div class=\"mdc-text-field \">\n\t\t\t\t\t\n\t\t\t\t\t\t\t\t\t\t\t<label class=\"mdc-floating-label\">Su naci\u00f3n<\/label>\n\t\t\t\t\t\t<div class=\"mdc-line-ripple\"><\/div>\n\t\t\t\t\t\t\t\t\t<\/div>\n\t\t\t<\/div>\n\t\t<\/div>\n\t\t\n\t\t<div class=\"cf7md-item cf7md-radio mdc-layout-grid__cell mdc-layout-grid__cell--span-12 cf7md-list cf7md-list__stacked\">\n\t\t\t\t\t\t\t<label class=\"cf7md-label cf7md-label--static\">Seleccione el producto que le interesa<\/label>\n\t\t\t\t\t\t<br \/>\n<span class=\"wpcf7-form-control-wrap\" data-name=\"radio-671\"><span class=\"wpcf7-form-control wpcf7-radio\"><span class=\"wpcf7-list-item first\"><input type=\"radio\" name=\"radio-671\" value=\"Paquete que incluye entradas para las 5 veladas y una estancia de 5 noches en un hotel\" checked=\"checked\" \/><span class=\"wpcf7-list-item-label\">Paquete que incluye entradas para las 5 veladas y una estancia de 5 noches en un hotel<\/span><\/span><span class=\"wpcf7-list-item\"><input type=\"radio\" name=\"radio-671\" value=\"Reservar s\u00f3lo la estancia en el hotel - sin billetes\" \/><span class=\"wpcf7-list-item-label\">Reservar s\u00f3lo la estancia en el hotel - sin billetes<\/span><\/span><span class=\"wpcf7-list-item\"><input type=\"radio\" name=\"radio-671\" value=\"Alquilar un piso - sin billetes\" \/><span class=\"wpcf7-list-item-label\">Alquilar un piso - sin billetes<\/span><\/span><span class=\"wpcf7-list-item\"><input type=\"radio\" name=\"radio-671\" value=\"Alquilar un chalet - sin billetes\" \/><span class=\"wpcf7-list-item-label\">Alquilar un chalet - sin billetes<\/span><\/span><span class=\"wpcf7-list-item\"><input type=\"radio\" name=\"radio-671\" value=\"Reservar el servicio de traslado al aeropuerto\" \/><span class=\"wpcf7-list-item-label\">Reservar el servicio de traslado al aeropuerto<\/span><\/span><span class=\"wpcf7-list-item last\"><input type=\"radio\" name=\"radio-671\" value=\"Paquete tur\u00edstico con entradas para veladas individuales\" \/><span class=\"wpcf7-list-item-label\">Paquete tur\u00edstico con entradas para veladas individuales<\/span><\/span><\/span><\/span><br \/>\n\t\t\t<div style=\"display: none;\" class=\"cf7md-radio-html\">\n\t\t\t\t<div class=\"mdc-radio__background\">\n\t\t\t\t\t<div class=\"mdc-radio__outer-circle\"><\/div>\n\t\t\t\t\t<div class=\"mdc-radio__inner-circle\"><\/div>\n\t\t\t\t<\/div>\n\t\t\t<\/div>\n\t\t\t\t\t<\/div>\n\t\t\n\n\t\t<div class=\"cf7md-item cf7md-textarea mdc-layout-grid__cell mdc-layout-grid__cell--span-12 cf7md-textarea-autosize\">\n\t\t\t<br \/>\n<span class=\"wpcf7-form-control-wrap\" data-name=\"your-message\"><textarea cols=\"40\" rows=\"10\" maxlength=\"2000\" class=\"wpcf7-form-control wpcf7-textarea wpcf7-validates-as-required\" aria-required=\"true\" aria-invalid=\"false\" name=\"your-message\"><\/textarea><\/span><br \/>\n\t\t\t\t\t\t<div style=\"display: none;\" class=\"cf7md-text-html\">\n\t\t\t\t<div class=\"mdc-text-field  mdc-text-field--textarea\">\n\t\t\t\t\t\t\t\t\t\t<div class=\"mdc-notched-outline\">\n\t\t\t\t\t\t<div class=\"mdc-notched-outline__leading\"><\/div>\n\t\t\t\t\t\t<div class=\"mdc-notched-outline__notch\">\n\t\t\t\t\t\t\t<label class=\"mdc-floating-label\">n\u00famero de personas y solicitudes espec\u00edficas<\/label>\n\t\t\t\t\t\t<\/div>\n\t\t\t\t\t\t<div class=\"mdc-notched-outline__trailing\"><\/div>\n\t\t\t\t\t<\/div>\n\t\t\t\t<\/div>\n\t\t\t<\/div>\n\t\t<\/div>\n\t\t\n<p><span class=\"wpcf7-form-control-wrap\" data-name=\"acceptance-345\"><span class=\"wpcf7-form-control wpcf7-acceptance\"><span class=\"wpcf7-list-item\"><input type=\"checkbox\" name=\"acceptance-345\" value=\"1\" aria-invalid=\"false\" \/><\/span><\/span><\/span> He le\u00eddo y estoy conforme con la informaci\u00f3n sobre procesamiento de datos personales recogida en <a href=\"http:\/\/www.nyalatravel.com\/en\/privacy-policy-2\/\" target=\"_blank\">esta p\u00e1gina<\/a> del sitio web de la agencia.\n<\/p>\n\t\t<div class=\"cf7md-item cf7md-submit mdc-layout-grid__cell mdc-layout-grid__cell--span-12\" data-button-style=\"raised\">\n\t\t\t<br \/>\n<input class=\"wpcf7-form-control wpcf7-submit has-spinner\" type=\"submit\" value=\"Enviar\" \/><br \/>\n\t\t\t<svg class=\"cf7md-spinner\" width=\"25px\" height=\"25px\" viewBox=\"0 0 66 66\" xmlns=\"http:\/\/www.w3.org\/2000\/svg\">\n\t\t\t\t<circle class=\"cf7md-spinner-path\" fill=\"none\" stroke-width=\"6\" stroke-linecap=\"round\" cx=\"33\" cy=\"33\" r=\"30\"><\/circle>\n\t\t\t<\/svg>\n\t\t<\/div>\n\t\t\n\t\t\t\t\t\t\t\t\t<\/div>\n\t\t\t<\/div>\n\t\t<\/div>\n\t\t\n<\/p><p style=\"display: none !important;\" class=\"akismet-fields-container\" data-prefix=\"_wpcf7_ak_\"><label>&#916;<textarea name=\"_wpcf7_ak_hp_textarea\" cols=\"45\" rows=\"8\" maxlength=\"100\"><\/textarea><\/label><input type=\"hidden\" id=\"ak_js_1\" name=\"_wpcf7_ak_js\" value=\"63\"\/><script>document.getElementById( \"ak_js_1\" ).setAttribute( \"value\", ( new Date() ).getTime() );<\/script><\/p><div class=\"wpcf7-response-output\" aria-hidden=\"true\"><\/div>\n<\/form>\n<\/div>\n\n<p><strong><em>\u00a1Estamos a su disposici\u00f3n para organizar como nunca su estancia en San Remo!<\/em><\/strong> <strong>Tfno. 0184 666 986\u00a0<\/strong> (L-V 9:30-17:30 \/ S 9:30-13:00)<\/p>\n<p>[\/et_pb_text][\/et_pb_column][et_pb_column type=\u00bb2_5&#8243; _builder_version=\u00bb4.19.5&#8243; _module_preset=\u00bbdefault\u00bb global_colors_info=\u00bb{}\u00bb][et_pb_sidebar orientation=\u00bbright\u00bb module_class=\u00bbsidebar-main\u00bb _builder_version=\u00bb4.16&#8243; _module_preset=\u00bbdefault\u00bb global_colors_info=\u00bb{}\u00bb][\/et_pb_sidebar][\/et_pb_column][\/et_pb_row][\/et_pb_section]<\/p>\n","protected":false},"excerpt":{"rendered":"<p>Reserve con nosotros y benef\u00edciese de las tarifas especiales Hotel Festival de San Remo 2026 de nuestros hoteles asociados. Le ofrecemos alojamiento en hoteles del Festival de Sanremo para que aproveche al m\u00e1ximo los d\u00edas del festival. Gracias a nuestra agencia receptiva, facilitamos los desplazamientos a Sanremo y a los hoteles. Un equipo le espera [&hellip;]<\/p>\n","protected":false},"author":1,"featured_media":0,"parent":0,"menu_order":0,"comment_status":"closed","ping_status":"closed","template":"","meta":{"_et_pb_use_builder":"on","_et_pb_old_content":"<h3>Reserve con nosotros y benef\u00edciese de las tarifas especiales Hotel Festival de San Remo 2021 de nuestros hoteles asociados.<\/h3>\r\nSolicite un presupuesto gratis rellenando el formulario siguiente:\r\n\r\n[contact-form-7 id=\"83426\" title=\"Modulo de contacto ES\"]\r\n\r\n<strong><em>\u00a1Estamos a su disposici\u00f3n para organizar como nunca su estancia en San Remo!<\/em><\/strong> <strong>Tfno. 0184 666 986\u00a0<\/strong> (L-V 9:30-17:30 \/ S 9:30-13:00)","_et_gb_content_width":"","footnotes":""},"class_list":["post-76417","page","type-page","status-publish","hentry"],"_links":{"self":[{"href":"https:\/\/sanremofestival.info\/es\/wp-json\/wp\/v2\/pages\/76417","targetHints":{"allow":["GET"]}}],"collection":[{"href":"https:\/\/sanremofestival.info\/es\/wp-json\/wp\/v2\/pages"}],"about":[{"href":"https:\/\/sanremofestival.info\/es\/wp-json\/wp\/v2\/types\/page"}],"author":[{"embeddable":true,"href":"https:\/\/sanremofestival.info\/es\/wp-json\/wp\/v2\/users\/1"}],"replies":[{"embeddable":true,"href":"https:\/\/sanremofestival.info\/es\/wp-json\/wp\/v2\/comments?post=76417"}],"version-history":[{"count":22,"href":"https:\/\/sanremofestival.info\/es\/wp-json\/wp\/v2\/pages\/76417\/revisions"}],"predecessor-version":[{"id":444323,"href":"https:\/\/sanremofestival.info\/es\/wp-json\/wp\/v2\/pages\/76417\/revisions\/444323"}],"wp:attachment":[{"href":"https:\/\/sanremofestival.info\/es\/wp-json\/wp\/v2\/media?parent=76417"}],"curies":[{"name":"wp","href":"https:\/\/api.w.org\/{rel}","templated":true}]}}