{"id":76486,"date":"2015-08-14T13:55:22","date_gmt":"2015-08-14T13:55:22","guid":{"rendered":"http:\/\/sanremofestival.info\/eventos-paralelos-al-festival-de-san-remo-2015\/"},"modified":"2020-10-19T12:44:58","modified_gmt":"2020-10-19T12:44:58","slug":"eventos-paralelos-al-festival-de-san-remo-2016","status":"publish","type":"page","link":"https:\/\/sanremofestival.info\/es\/eventos-paralelos-al-festival-de-san-remo-2016\/","title":{"rendered":"Eventos paralelos al Festival de San Remo"},"content":{"rendered":"<p>[et_pb_section fb_built=\u00bb1&#8243; specialty=\u00bbon\u00bb module_class=\u00bball_pages_section\u00bb _builder_version=\u00bb4.5.1&#8243; _module_preset=\u00bbdefault\u00bb][et_pb_column type=\u00bb3_4&#8243; specialty_columns=\u00bb3&#8243; _builder_version=\u00bb3.25&#8243; custom_padding=\u00bb|||\u00bb custom_padding__hover=\u00bb|||\u00bb][et_pb_row_inner _builder_version=\u00bb4.5.1&#8243; _module_preset=\u00bbdefault\u00bb][et_pb_column_inner saved_specialty_column_type=\u00bb3_4&#8243; module_class=\u00bbcontent_col\u00bb _builder_version=\u00bb4.5.1&#8243; _module_preset=\u00bbdefault\u00bb][et_pb_text admin_label=\u00bbText\u00bb _builder_version=\u00bb4.5.1&#8243; background_size=\u00bbinitial\u00bb background_position=\u00bbtop_left\u00bb background_repeat=\u00bbrepeat\u00bb hover_enabled=\u00bb0&#8243;]<\/p>\n<h3><strong>Pasar una semana en San Remo coincidiendo con el Festival de la Canci\u00f3n Italiana es la ocasi\u00f3n ideal para sumergirse en la m\u00fasica y el mundo del espect\u00e1culo.<\/strong><\/h3>\n<p>He aqu\u00ed algunos lugares que conviene frecuentar para que la b\u00fasqueda de aut\u00f3grafos sea un \u00e9xito.<\/p>\n<p><a href=\"http:\/\/sanremofestival.info\/wp-content\/uploads\/2013\/08\/sanremo-festival-2017.jpg\"><img loading=\"lazy\" decoding=\"async\" class=\"aligncenter size-medium wp-image-244892\" src=\"http:\/\/sanremofestival.info\/wp-content\/uploads\/2013\/08\/sanremo-festival-2017-300x150.jpg\" alt=\"Stampa\" width=\"500\" height=\"250\" srcset=\"https:\/\/sanremofestival.info\/wp-content\/uploads\/2013\/08\/sanremo-festival-2017-300x150.jpg 300w, https:\/\/sanremofestival.info\/wp-content\/uploads\/2013\/08\/sanremo-festival-2017-768x384.jpg 768w, https:\/\/sanremofestival.info\/wp-content\/uploads\/2013\/08\/sanremo-festival-2017-1024x512.jpg 1024w, https:\/\/sanremofestival.info\/wp-content\/uploads\/2013\/08\/sanremo-festival-2017-950x475.jpg 950w, https:\/\/sanremofestival.info\/wp-content\/uploads\/2013\/08\/sanremo-festival-2017.jpg 1200w\" sizes=\"(max-width: 500px) 100vw, 500px\" \/><\/a><\/p>\n<h2>Eventos paralelos al Festival de San Remo<\/h2>\n<h3>ALFOMBRA ROJA<\/h3>\n<p>La alfombra roja del Festival de San Remo ser\u00e1 organizada por la RAI frente al Teatro Ariston y ser\u00e1 escenario de emisiones televisivas y entrevistas durante todo el d\u00eda.<\/p>\n<h3>ESCAPARATE DE LA RADIO<\/h3>\n<p>La base de la emisora de radio de la RAI se situar\u00e1 en la plaza Borea d&#8217;Olmo, a escasos metros del Teatro Ariston. Muchas otras emisoras acudir\u00e1n en masa con estaciones m\u00f3viles o alquilar\u00e1n escaparates en el centro de San Remo. Como es natural, ser\u00e1n numerosas las idas y venidas de artistas del Festival que participar\u00e1n en emisiones de radio en directo.<\/p>\n<h3>CASA SAN REMO y RADIO ITALIA<\/h3>\n<p>El Palafiori alberga una zona VIP para conferencias y exhibiciones y acoge los estudios de radio y televisi\u00f3n de Radio Italia y Video Italia.<\/p>\n<h3>LAS NOCHES DEL FESTIVAL<\/h3>\n<p>Durante el Festival, las noches de San Remo se llenan de eventos y veladas tem\u00e1ticas. Los sitios m\u00e1s populares son los restaurantes y pubs de la plaza Bresca. Para bailar y escuchar buena m\u00fasica hasta la madrugada, recomendamos el Victory Morgana Bay y el Rolling Stones Caf\u00e8.<\/p>\n<p>[\/et_pb_text][\/et_pb_column_inner][\/et_pb_row_inner][\/et_pb_column][et_pb_column type=\u00bb1_4&#8243; _builder_version=\u00bb3.25&#8243; custom_padding=\u00bb|||\u00bb custom_padding__hover=\u00bb|||\u00bb][et_pb_sidebar orientation=\u00bbright\u00bb module_class=\u00bbsidebar-main\u00bb _builder_version=\u00bb4.5.1&#8243; _module_preset=\u00bbdefault\u00bb][\/et_pb_sidebar][\/et_pb_column][\/et_pb_section]<\/p>\n","protected":false},"excerpt":{"rendered":"<p>Pasar una semana en San Remo coincidiendo con el Festival de la Canci\u00f3n Italiana es la ocasi\u00f3n ideal para sumergirse en la m\u00fasica y el mundo del espect\u00e1culo. He aqu\u00ed algunos lugares que conviene frecuentar para que la b\u00fasqueda de aut\u00f3grafos sea un \u00e9xito. Eventos paralelos al Festival de San Remo ALFOMBRA ROJA La alfombra [&hellip;]<\/p>\n","protected":false},"author":1,"featured_media":0,"parent":0,"menu_order":0,"comment_status":"closed","ping_status":"closed","template":"","meta":{"_et_pb_use_builder":"on","_et_pb_old_content":"<h3>Pasar una semana en San Remo coincidiendo con el Festival de la Canci\u00f3n Italiana es la ocasi\u00f3n ideal para sumergirse en la m\u00fasica y el mundo del espect\u00e1culo.<\/h3>\r\nHe aqu\u00ed algunos lugares que conviene frecuentar para que la b\u00fasqueda de aut\u00f3grafos sea un \u00e9xito.\r\n\r\n<a href=\"http:\/\/sanremofestival.info\/wp-content\/uploads\/2013\/08\/sanremo-festival-2017.jpg\"><img class=\"aligncenter size-medium wp-image-244892\" src=\"http:\/\/sanremofestival.info\/wp-content\/uploads\/2013\/08\/sanremo-festival-2017-300x150.jpg\" alt=\"Stampa\" width=\"500\" height=\"250\" \/><\/a>\r\n\r\n<h2>Eventos paralelos al Festival de San Remo<\/h2>\r\n<h3>ALFOMBRA ROJA<\/h3>\r\nLa alfombra roja del Festival de San Remo ser\u00e1 organizada por la RAI frente al Teatro Ariston y ser\u00e1 escenario de emisiones televisivas y entrevistas durante todo el d\u00eda.\r\n<h3>ESCAPARATE DE LA RADIO<\/h3>\r\nLa base de la emisora de radio de la RAI se situar\u00e1 en la plaza Borea d'Olmo, a escasos metros del Teatro Ariston. Muchas otras emisoras acudir\u00e1n en masa con estaciones m\u00f3viles o alquilar\u00e1n escaparates en el centro de San Remo. Como es natural, ser\u00e1n numerosas las idas y venidas de artistas del Festival que participar\u00e1n en emisiones de radio en directo.\r\n<h3>CASA SAN REMO y RADIO ITALIA<\/h3>\r\nEl Palafiori alberga una zona VIP para conferencias y exhibiciones y acoge los estudios de radio y televisi\u00f3n de Radio Italia y Video Italia.\r\n<h3>LAS NOCHES DEL FESTIVAL<\/h3>\r\nDurante el Festival, las noches de San Remo se llenan de eventos y veladas tem\u00e1ticas. Los sitios m\u00e1s populares son los restaurantes y pubs de la plaza Bresca. Para bailar y escuchar buena m\u00fasica hasta la madrugada, recomendamos el Victory Morgana Bay y el Rolling Stones Caf\u00e8.","_et_gb_content_width":"","footnotes":""},"class_list":["post-76486","page","type-page","status-publish","hentry"],"_links":{"self":[{"href":"https:\/\/sanremofestival.info\/es\/wp-json\/wp\/v2\/pages\/76486","targetHints":{"allow":["GET"]}}],"collection":[{"href":"https:\/\/sanremofestival.info\/es\/wp-json\/wp\/v2\/pages"}],"about":[{"href":"https:\/\/sanremofestival.info\/es\/wp-json\/wp\/v2\/types\/page"}],"author":[{"embeddable":true,"href":"https:\/\/sanremofestival.info\/es\/wp-json\/wp\/v2\/users\/1"}],"replies":[{"embeddable":true,"href":"https:\/\/sanremofestival.info\/es\/wp-json\/wp\/v2\/comments?post=76486"}],"version-history":[{"count":7,"href":"https:\/\/sanremofestival.info\/es\/wp-json\/wp\/v2\/pages\/76486\/revisions"}],"predecessor-version":[{"id":433548,"href":"https:\/\/sanremofestival.info\/es\/wp-json\/wp\/v2\/pages\/76486\/revisions\/433548"}],"wp:attachment":[{"href":"https:\/\/sanremofestival.info\/es\/wp-json\/wp\/v2\/media?parent=76486"}],"curies":[{"name":"wp","href":"https:\/\/api.w.org\/{rel}","templated":true}]}}