{"id":257176,"date":"2017-09-03T17:56:46","date_gmt":"2017-09-03T17:56:46","guid":{"rendered":"http:\/\/sanremofestival.info\/fr\/les-billets-pour-le-spectacle-domenica-in-a-san-remo-en-2017\/"},"modified":"2021-12-09T08:13:17","modified_gmt":"2021-12-09T08:13:17","slug":"les-billets-pour-domenica-in-a-san-remo-2020","status":"publish","type":"page","link":"https:\/\/sanremofestival.info\/fr\/les-billets-pour-domenica-in-a-san-remo-2020\/","title":{"rendered":"LES BILLETS DU SPECTACLE DOMENICA IN A SAN REMO"},"content":{"rendered":"<p>[et_pb_section fb_built=\u00a0\u00bb1&Prime; specialty=\u00a0\u00bbon\u00a0\u00bb module_class=\u00a0\u00bball_pages_section\u00a0\u00bb _builder_version=\u00a0\u00bb4.5.1&Prime; _module_preset=\u00a0\u00bbdefault\u00a0\u00bb][et_pb_column type=\u00a0\u00bb3_4&Prime; specialty_columns=\u00a0\u00bb3&Prime; _builder_version=\u00a0\u00bb3.25&Prime; custom_padding=\u00a0\u00bb|||\u00a0\u00bb custom_padding__hover=\u00a0\u00bb|||\u00a0\u00bb][et_pb_row_inner _builder_version=\u00a0\u00bb4.5.1&Prime; _module_preset=\u00a0\u00bbdefault\u00a0\u00bb][et_pb_column_inner saved_specialty_column_type=\u00a0\u00bb3_4&Prime; module_class=\u00a0\u00bbcontent_col\u00a0\u00bb _builder_version=\u00a0\u00bb4.5.1&Prime; _module_preset=\u00a0\u00bbdefault\u00a0\u00bb][et_pb_text _builder_version=\u00a0\u00bb4.5.1&Prime; background_size=\u00a0\u00bbinitial\u00a0\u00bb background_position=\u00a0\u00bbtop_left\u00a0\u00bb background_repeat=\u00a0\u00bbrepeat\u00a0\u00bb hover_enabled=\u00a0\u00bb0&Prime;]<\/p>\n<p style=\"text-align: justify;\">Le dimanche apr\u00e8s le festival, il y aura un \u00e9pisode sp\u00e9cial du spectacle <strong>Domenica In<\/strong> d\u00e9di\u00e9 au Festival, qui verra sur la sc\u00e8ne du Th\u00e9\u00e2tre Ariston la performance du vainqueur et celle des autres artistes du Festival.<\/p>\n<p style=\"text-align: justify;\">Les billets pour <strong>Domenica In<\/strong> de San Remo 2020 ne sont pas mis en vente, il y aura un tirage au sort.<\/p>\n<p style=\"text-align: justify;\">En fait l&rsquo;acc\u00e8s au <strong>Th\u00e9\u00e2tre Ariston<\/strong> pour le spectacle est seulement sur invitation. La commune de San Remo organise annuellement une loterie, en mettant \u00e0 la disposition du public une s\u00e9rie de tickets pour assister au spectacle.<\/p>\n<p style=\"text-align: justify;\">Comment participer au spectacle <strong>Domenica In<\/strong> ?<\/p>\n<p style=\"text-align: justify;\">Pour soumettre une candidature pour le spectacle<strong> Domenica In :<\/strong><\/p>\n<p style=\"text-align: justify;\">Vous devez\u00a0remplir un formulaire sp\u00e9cifique avec vos donn\u00e9es personnelles. Ce formulaire peut \u00eatre trouv\u00e9 :<\/p>\n<p style=\"text-align: justify;\">1) aller au bureau de Relations publiques (Bureau des relations publiques-URP) \u00e0 Corso Garibaldi 1 \u2013 Palafiori, San Remo)<\/p>\n<p style=\"text-align: justify;\">2) t\u00e9l\u00e9chargez le depuis le site Web de la \u00a0<a href=\"http:\/\/www.comunedisanremo.it\/\">Commune de\u00a0San Remo<\/a> et en le retournant par fax au num\u00e9ro 0184.501582.<\/p>\n<p>On ne considerera qu&rsquo;une seule demande par nom.<\/p>\n<p>Chaque demande est valable pour 2 billets.<\/p>\n<p style=\"text-align: justify;\"><strong>Les formulaires de demande pour le Festival Domenica In 2020 seront accept\u00e9es jusqu&rsquo;\u00e0 la date \u00e0 d\u00e9terminer<\/strong>.<\/p>\n<p style=\"text-align: justify;\">Les informations sp\u00e9cifiques des noms tir\u00e9s au sort et les jours pour retirer les billets seront disponibles sur le site Internet\u00a0de la\u00a0<a href=\"http:\/\/www.comunedisanremo.it\/\">Commune de\u00a0San Remo<\/a> les jours pr\u00e9c\u00e9dant l\u2019\u00e9v\u00e9nement.<\/p>\n<p style=\"text-align: justify;\">Les billets non retir\u00e9s seront distribu\u00e9s \u00e0 d&rsquo;autres noms.<\/p>\n<p>[\/et_pb_text][\/et_pb_column_inner][\/et_pb_row_inner][\/et_pb_column][et_pb_column type=\u00a0\u00bb1_4&Prime; _builder_version=\u00a0\u00bb3.25&Prime; custom_padding=\u00a0\u00bb|||\u00a0\u00bb custom_padding__hover=\u00a0\u00bb|||\u00a0\u00bb][et_pb_sidebar orientation=\u00a0\u00bbright\u00a0\u00bb module_class=\u00a0\u00bbsidebar-main\u00a0\u00bb _builder_version=\u00a0\u00bb4.5.1&Prime; _module_preset=\u00a0\u00bbdefault\u00a0\u00bb][\/et_pb_sidebar][\/et_pb_column][\/et_pb_section]<\/p>\n","protected":false},"excerpt":{"rendered":"<p>Le dimanche apr\u00e8s le festival, il y aura un \u00e9pisode sp\u00e9cial du spectacle Domenica In d\u00e9di\u00e9 au Festival, qui verra sur la sc\u00e8ne du Th\u00e9\u00e2tre Ariston la performance du vainqueur et celle des autres artistes du Festival. Les billets pour Domenica In de San Remo 2020 ne sont pas mis en vente, il y aura [&hellip;]<\/p>\n","protected":false},"author":1,"featured_media":0,"parent":0,"menu_order":0,"comment_status":"closed","ping_status":"closed","template":"","meta":{"_et_pb_use_builder":"on","_et_pb_old_content":"<p style=\"text-align: justify;\">Le dimanche apr\u00e8s le festival, il y aura un \u00e9pisode sp\u00e9cial du spectacle <strong>Domenica In<\/strong> d\u00e9di\u00e9 au Festival, qui verra sur la sc\u00e8ne du Th\u00e9\u00e2tre Ariston la performance du vainqueur et celle des autres artistes du Festival.<\/p><p style=\"text-align: justify;\">Les billets pour <strong>Domenica In<\/strong> de San Remo 2020 ne sont pas mis en vente, il y aura un tirage au sort.<\/p><p style=\"text-align: justify;\">En fait l'acc\u00e8s au <strong>Th\u00e9\u00e2tre Ariston<\/strong> pour le spectacle est seulement sur invitation. La commune de San Remo organise annuellement une loterie, en mettant \u00e0 la disposition du public une s\u00e9rie de tickets pour assister au spectacle.<\/p><p style=\"text-align: justify;\">Comment participer au spectacle <strong>Domenica In<\/strong> ?<\/p><p style=\"text-align: justify;\">Pour soumettre une candidature pour le spectacle<strong> Domenica In :<\/strong><\/p><p style=\"text-align: justify;\">Vous devez\u00a0remplir un formulaire sp\u00e9cifique avec vos donn\u00e9es personnelles. Ce formulaire peut \u00eatre trouv\u00e9 :<\/p><p style=\"text-align: justify;\">1) aller au bureau de Relations publiques (Bureau des relations publiques-URP) \u00e0 Corso Garibaldi 1 \u2013 Palafiori, San Remo)<\/p><p style=\"text-align: justify;\">2) t\u00e9l\u00e9chargez le depuis le site Web de la \u00a0<a href=\"http:\/\/www.comunedisanremo.it\/\">Commune de\u00a0San Remo<\/a> et en le retournant par fax au num\u00e9ro 0184.501582.<\/p><p>On ne considerera qu'une seule demande par nom.<\/p><p>Chaque demande est valable pour 2 billets.<\/p><p style=\"text-align: justify;\"><strong>Les formulaires de demande pour le Festival Domenica In 2020 seront accept\u00e9es jusqu'\u00e0 la date \u00e0 d\u00e9terminer<\/strong>.<\/p><p style=\"text-align: justify;\">Les informations sp\u00e9cifiques des noms tir\u00e9s au sort et les jours pour retirer les billets seront disponibles sur le site Internet\u00a0de la\u00a0<a href=\"http:\/\/www.comunedisanremo.it\/\">Commune de\u00a0San Remo<\/a> les jours pr\u00e9c\u00e9dant l\u2019\u00e9v\u00e9nement.<\/p><p style=\"text-align: justify;\">Les billets non retir\u00e9s seront distribu\u00e9s \u00e0 d'autres noms.<\/p>","_et_gb_content_width":"","footnotes":""},"class_list":["post-257176","page","type-page","status-publish","hentry"],"_links":{"self":[{"href":"https:\/\/sanremofestival.info\/fr\/wp-json\/wp\/v2\/pages\/257176","targetHints":{"allow":["GET"]}}],"collection":[{"href":"https:\/\/sanremofestival.info\/fr\/wp-json\/wp\/v2\/pages"}],"about":[{"href":"https:\/\/sanremofestival.info\/fr\/wp-json\/wp\/v2\/types\/page"}],"author":[{"embeddable":true,"href":"https:\/\/sanremofestival.info\/fr\/wp-json\/wp\/v2\/users\/1"}],"replies":[{"embeddable":true,"href":"https:\/\/sanremofestival.info\/fr\/wp-json\/wp\/v2\/comments?post=257176"}],"version-history":[{"count":16,"href":"https:\/\/sanremofestival.info\/fr\/wp-json\/wp\/v2\/pages\/257176\/revisions"}],"predecessor-version":[{"id":442295,"href":"https:\/\/sanremofestival.info\/fr\/wp-json\/wp\/v2\/pages\/257176\/revisions\/442295"}],"wp:attachment":[{"href":"https:\/\/sanremofestival.info\/fr\/wp-json\/wp\/v2\/media?parent=257176"}],"curies":[{"name":"wp","href":"https:\/\/api.w.org\/{rel}","templated":true}]}}