{"id":257226,"date":"2017-09-03T21:30:55","date_gmt":"2017-09-03T21:30:55","guid":{"rendered":"http:\/\/sanremofestival.info\/fr\/forfaits-du-festival-san-remo\/"},"modified":"2025-02-19T11:38:12","modified_gmt":"2025-02-19T11:38:12","slug":"forfaits-du-festival-de-san-remo","status":"publish","type":"page","link":"https:\/\/sanremofestival.info\/fr\/forfaits-du-festival-de-san-remo\/","title":{"rendered":"Forfaits du Festival de San Remo"},"content":{"rendered":"<p>[et_pb_section fb_built=\u00a0\u00bb1&Prime; specialty=\u00a0\u00bbon\u00a0\u00bb module_class=\u00a0\u00bball_pages_section\u00a0\u00bb _builder_version=\u00a0\u00bb4.16&Prime; _module_preset=\u00a0\u00bbdefault\u00a0\u00bb global_colors_info=\u00a0\u00bb{}\u00a0\u00bb][et_pb_column type=\u00a0\u00bb3_4&Prime; specialty_columns=\u00a0\u00bb3&Prime; _builder_version=\u00a0\u00bb4.16&Prime; custom_padding=\u00a0\u00bb|||\u00a0\u00bb global_colors_info=\u00a0\u00bb{}\u00a0\u00bb custom_padding__hover=\u00a0\u00bb|||\u00a0\u00bb][et_pb_row_inner _builder_version=\u00a0\u00bb4.16&Prime; _module_preset=\u00a0\u00bbdefault\u00a0\u00bb global_colors_info=\u00a0\u00bb{}\u00a0\u00bb][et_pb_column_inner saved_specialty_column_type=\u00a0\u00bb3_4&Prime; module_class=\u00a0\u00bbcontent_col\u00a0\u00bb _builder_version=\u00a0\u00bb4.16&Prime; _module_preset=\u00a0\u00bbdefault\u00a0\u00bb global_colors_info=\u00a0\u00bb{}\u00a0\u00bb][et_pb_text admin_label=\u00a0\u00bbText\u00a0\u00bb _builder_version=\u00a0\u00bb4.27.4&Prime; background_size=\u00a0\u00bbinitial\u00a0\u00bb background_position=\u00a0\u00bbtop_left\u00a0\u00bb background_repeat=\u00a0\u00bbrepeat\u00a0\u00bb hover_enabled=\u00a0\u00bb0&Prime; global_colors_info=\u00a0\u00bb{}\u00a0\u00bb sticky_enabled=\u00a0\u00bb0&Prime;]<\/p>\n<h3><strong>Vivez l&rsquo;exp\u00e9rience passionnante du Festival de la chanson Italienne \u00e0 San Remo en achetant les forfaits du Festival de San Remo 2026 : de cette fa\u00e7on, vous pourrez d\u00e9couvrir la veritable ville de la musique italienne.<\/strong><\/h3>\n<h3>FORFAIT DU FESTIVAL DE LUXE<\/h3>\n<ul>\n<li>5 nuit\u00e9es dans un h\u00f4tel (3 ou 4 \u00e9toiles) en Suite Junior avec formule demi-pension<\/li>\n<li>2 abonnements dans le 2e secteur de la platea pour assister aux 5 nuits du Festival au Th\u00e9\u00e2tre Ariston.<\/li>\n<\/ul>\n<h3><strong>FORFAIT PREMIUM DU FESTIVAL\u00a0 <\/strong><\/h3>\n<ul>\n<li>5 nuit\u00e9es en h\u00f4tel (3 ou 4 \u00e9toiles) en chambre double avec formule demi-pension<\/li>\n<li>2 abonnements dans le 2\u00e8me secteur de la platea pour assister aux 5 nuits du Festival au Th\u00e9\u00e2tre Ariston.<\/li>\n<\/ul>\n<p>&nbsp;<\/p>\n<h3>FORFAIT GOLD DU FESTIVAL<\/h3>\n<ul>\n<li>5 nuit\u00e9es \u00e0 l&rsquo;h\u00f4tel (h\u00f4tel 3 ou 4 \u00e9toiles ), en chambre double avec formule demi-pension<\/li>\n<li>2 abonnements dans la galerie pour assister aux 5 nuits du Festival au Th\u00e9\u00e2tre Ariston.<\/li>\n<\/ul>\n<h3><span style=\"color: #ff0000;\"><em>Nous sommes \u00e0 votre disposition pour organiser la meilleure mani\u00e8re de votre s\u00e9jour \u00e0 San Remo : contactez-nous sans obligation de demander un devis personnalis\u00e9 !<\/em><\/span><\/h3>\n<p>&nbsp;<\/p>\n<p>[\/et_pb_text][\/et_pb_column_inner][\/et_pb_row_inner][\/et_pb_column][et_pb_column type=\u00a0\u00bb1_4&Prime; _builder_version=\u00a0\u00bb4.16&Prime; custom_padding=\u00a0\u00bb|||\u00a0\u00bb global_colors_info=\u00a0\u00bb{}\u00a0\u00bb custom_padding__hover=\u00a0\u00bb|||\u00a0\u00bb][et_pb_text _builder_version=\u00a0\u00bb4.27.4&Prime; _module_preset=\u00a0\u00bbdefault\u00a0\u00bb hover_enabled=\u00a0\u00bb0&Prime; global_colors_info=\u00a0\u00bb{}\u00a0\u00bb locked=\u00a0\u00bboff\u00a0\u00bb sticky_enabled=\u00a0\u00bb0&Prime;]<\/p>\n<h3>DEMANDEZ DES INFORMATIONS SUR LES FORFAITS AVEC LES BILLETS DU FESTIVAL DE SANREMO<\/h3>\n\n<div class=\"wpcf7 no-js\" id=\"wpcf7-f443896-o1\" lang=\"it-IT\" dir=\"ltr\" data-wpcf7-id=\"443896\">\n<div class=\"screen-reader-response\"><p role=\"status\" aria-live=\"polite\" aria-atomic=\"true\"><\/p> <ul><\/ul><\/div>\n<form action=\"\/fr\/wp-json\/wp\/v2\/pages\/257226#wpcf7-f443896-o1\" method=\"post\" class=\"wpcf7-form init\" aria-label=\"Modulo di contatto\" novalidate=\"novalidate\" data-status=\"init\">\n<div style=\"display: none;\">\n<input type=\"hidden\" name=\"_wpcf7\" value=\"443896\" \/>\n<input type=\"hidden\" name=\"_wpcf7_version\" value=\"6.0.3\" \/>\n<input type=\"hidden\" name=\"_wpcf7_locale\" value=\"it_IT\" \/>\n<input type=\"hidden\" name=\"_wpcf7_unit_tag\" value=\"wpcf7-f443896-o1\" \/>\n<input type=\"hidden\" name=\"_wpcf7_container_post\" value=\"0\" \/>\n<input type=\"hidden\" name=\"_wpcf7_posted_data_hash\" value=\"\" \/>\n<input type=\"hidden\" name=\"_wpcf7_recaptcha_response\" value=\"\" \/>\n<\/div>\n<p>\t\t<div id=\"cf7md-form\" class=\"cf7md-form\">\n\t\t\t<div class=\"mdc-layout-grid\">\n\t\t\t\t<div class=\"mdc-layout-grid__inner\">\n\t\t\t\t\t\t\t\t\t\t\n<\/p>\n\t\t\n\t\t<div class=\"cf7md-item cf7md-text mdc-layout-grid__cell mdc-layout-grid__cell--span-12\">\n\t\t\t<br \/>\n<span class=\"wpcf7-form-control-wrap\" data-name=\"your-name\"><input size=\"40\" maxlength=\"400\" class=\"wpcf7-form-control wpcf7-text wpcf7-validates-as-required\" aria-required=\"true\" aria-invalid=\"false\" value=\"\" type=\"text\" name=\"your-name\" \/><\/span><br \/>\n\t\t\t\t\t\t<div style=\"display: none;\" class=\"cf7md-text-html\">\n\t\t\t\t<div class=\"mdc-text-field \">\n\t\t\t\t\t\n\t\t\t\t\t\t\t\t\t\t\t<label class=\"mdc-floating-label\">Votre Nom<\/label>\n\t\t\t\t\t\t<div class=\"mdc-line-ripple\"><\/div>\n\t\t\t\t\t\t\t\t\t<\/div>\n\t\t\t<\/div>\n\t\t<\/div>\n\t\t\n\t\t\n\t\t<div class=\"cf7md-item cf7md-text mdc-layout-grid__cell mdc-layout-grid__cell--span-12\">\n\t\t\t<br \/>\n<span class=\"wpcf7-form-control-wrap\" data-name=\"your-email\"><input size=\"40\" maxlength=\"400\" class=\"wpcf7-form-control wpcf7-email wpcf7-validates-as-required wpcf7-text wpcf7-validates-as-email\" aria-required=\"true\" aria-invalid=\"false\" value=\"\" type=\"email\" name=\"your-email\" \/><\/span><br \/>\n\t\t\t\t\t\t<div style=\"display: none;\" class=\"cf7md-text-html\">\n\t\t\t\t<div class=\"mdc-text-field \">\n\t\t\t\t\t\n\t\t\t\t\t\t\t\t\t\t\t<label class=\"mdc-floating-label\">E-mail<\/label>\n\t\t\t\t\t\t<div class=\"mdc-line-ripple\"><\/div>\n\t\t\t\t\t\t\t\t\t<\/div>\n\t\t\t<\/div>\n\t\t<\/div>\n\t\t\n\t\t\n\t\t<div class=\"cf7md-item cf7md-text mdc-layout-grid__cell mdc-layout-grid__cell--span-12\">\n\t\t\t<br \/>\n<span class=\"wpcf7-form-control-wrap\" data-name=\"your-phone\"><input size=\"40\" maxlength=\"400\" class=\"wpcf7-form-control wpcf7-text wpcf7-validates-as-required\" aria-required=\"true\" aria-invalid=\"false\" value=\"\" type=\"text\" name=\"your-phone\" \/><\/span><br \/>\n\t\t\t\t\t\t<div style=\"display: none;\" class=\"cf7md-text-html\">\n\t\t\t\t<div class=\"mdc-text-field \">\n\t\t\t\t\t\n\t\t\t\t\t\t\t\t\t\t\t<label class=\"mdc-floating-label\">Num\u00e9ro de portable<\/label>\n\t\t\t\t\t\t<div class=\"mdc-line-ripple\"><\/div>\n\t\t\t\t\t\t\t\t\t<\/div>\n\t\t\t<\/div>\n\t\t<\/div>\n\t\t\n\t\t\n\t\t<div class=\"cf7md-item cf7md-text mdc-layout-grid__cell mdc-layout-grid__cell--span-12\">\n\t\t\t<br \/>\n<span class=\"wpcf7-form-control-wrap\" data-name=\"your-country\"><input size=\"40\" maxlength=\"400\" class=\"wpcf7-form-control wpcf7-text wpcf7-validates-as-required\" aria-required=\"true\" aria-invalid=\"false\" value=\"\" type=\"text\" name=\"your-country\" \/><\/span><br \/>\n\t\t\t\t\t\t<div style=\"display: none;\" class=\"cf7md-text-html\">\n\t\t\t\t<div class=\"mdc-text-field \">\n\t\t\t\t\t\n\t\t\t\t\t\t\t\t\t\t\t<label class=\"mdc-floating-label\">Votre Nation<\/label>\n\t\t\t\t\t\t<div class=\"mdc-line-ripple\"><\/div>\n\t\t\t\t\t\t\t\t\t<\/div>\n\t\t\t<\/div>\n\t\t<\/div>\n\t\t\n\t\t<div class=\"cf7md-item cf7md-radio mdc-layout-grid__cell mdc-layout-grid__cell--span-12 cf7md-list cf7md-list__stacked\">\n\t\t\t\t\t\t\t<label class=\"cf7md-label cf7md-label--static\">Veuillez s\u00e9lectionner le produit qui vous int\u00e9resse<\/label>\n\t\t\t\t\t\t<br \/>\n<span class=\"wpcf7-form-control-wrap\" data-name=\"radio-671\"><span class=\"wpcf7-form-control wpcf7-radio\"><span class=\"wpcf7-list-item first\"><input type=\"radio\" name=\"radio-671\" value=\"Forfait comprenant les billets pour les 5 soir\u00e9es et un s\u00e9jour de 5 nuits \u00e0 l&#039;h\u00f4tel\" checked=\"checked\" \/><span class=\"wpcf7-list-item-label\">Forfait comprenant les billets pour les 5 soir\u00e9es et un s\u00e9jour de 5 nuits \u00e0 l&#039;h\u00f4tel<\/span><\/span><span class=\"wpcf7-list-item\"><input type=\"radio\" name=\"radio-671\" value=\"R\u00e9server uniquement le s\u00e9jour \u00e0 l&#039;h\u00f4tel - sans billets\" \/><span class=\"wpcf7-list-item-label\">R\u00e9server uniquement le s\u00e9jour \u00e0 l&#039;h\u00f4tel - sans billets<\/span><\/span><span class=\"wpcf7-list-item\"><input type=\"radio\" name=\"radio-671\" value=\"Location d&#039;un appartement - sans billets\" \/><span class=\"wpcf7-list-item-label\">Location d&#039;un appartement - sans billets<\/span><\/span><span class=\"wpcf7-list-item\"><input type=\"radio\" name=\"radio-671\" value=\"Louer une villa - sans billets\" \/><span class=\"wpcf7-list-item-label\">Louer une villa - sans billets<\/span><\/span><span class=\"wpcf7-list-item\"><input type=\"radio\" name=\"radio-671\" value=\"R\u00e9server le service de transfert de l&#039;a\u00e9roport\" \/><span class=\"wpcf7-list-item-label\">R\u00e9server le service de transfert de l&#039;a\u00e9roport<\/span><\/span><span class=\"wpcf7-list-item last\"><input type=\"radio\" name=\"radio-671\" value=\"Forfait touristique avec billets pour des soir\u00e9es individuelles\" \/><span class=\"wpcf7-list-item-label\">Forfait touristique avec billets pour des soir\u00e9es individuelles<\/span><\/span><\/span><\/span><br \/>\n\t\t\t<div style=\"display: none;\" class=\"cf7md-radio-html\">\n\t\t\t\t<div class=\"mdc-radio__background\">\n\t\t\t\t\t<div class=\"mdc-radio__outer-circle\"><\/div>\n\t\t\t\t\t<div class=\"mdc-radio__inner-circle\"><\/div>\n\t\t\t\t<\/div>\n\t\t\t<\/div>\n\t\t\t\t\t<\/div>\n\t\t\n\n\t\t<div class=\"cf7md-item cf7md-textarea mdc-layout-grid__cell mdc-layout-grid__cell--span-12 cf7md-textarea-autosize\">\n\t\t\t<br \/>\n<span class=\"wpcf7-form-control-wrap\" data-name=\"your-message\"><textarea cols=\"40\" rows=\"10\" maxlength=\"2000\" class=\"wpcf7-form-control wpcf7-textarea wpcf7-validates-as-required\" aria-required=\"true\" aria-invalid=\"false\" name=\"your-message\"><\/textarea><\/span><br \/>\n\t\t\t\t\t\t<div style=\"display: none;\" class=\"cf7md-text-html\">\n\t\t\t\t<div class=\"mdc-text-field  mdc-text-field--textarea\">\n\t\t\t\t\t\t\t\t\t\t<div class=\"mdc-notched-outline\">\n\t\t\t\t\t\t<div class=\"mdc-notched-outline__leading\"><\/div>\n\t\t\t\t\t\t<div class=\"mdc-notched-outline__notch\">\n\t\t\t\t\t\t\t<label class=\"mdc-floating-label\">Nombre de personnes et demandes sp\u00e9cifiques<\/label>\n\t\t\t\t\t\t<\/div>\n\t\t\t\t\t\t<div class=\"mdc-notched-outline__trailing\"><\/div>\n\t\t\t\t\t<\/div>\n\t\t\t\t<\/div>\n\t\t\t<\/div>\n\t\t<\/div>\n\t\t\n<p><span class=\"wpcf7-form-control-wrap\" data-name=\"acceptance-345\"><span class=\"wpcf7-form-control wpcf7-acceptance\"><span class=\"wpcf7-list-item\"><input type=\"checkbox\" name=\"acceptance-345\" value=\"1\" aria-invalid=\"false\" \/><\/span><\/span><\/span> Je d\u00e9clare que j'ai lu et j'accepte la Politique de confidentialit\u00e9 \u00e0 <a href=\"http:\/\/www.nyalatravel.com\/fr\/respect-de-la-vie-privee\/\" target=\"_blank\">cette page<\/a>\n<\/p>\n\t\t<div class=\"cf7md-item cf7md-submit mdc-layout-grid__cell mdc-layout-grid__cell--span-12\" data-button-style=\"raised\">\n\t\t\t<br \/>\n<input class=\"wpcf7-form-control wpcf7-submit has-spinner\" type=\"submit\" value=\"Envoyer\" \/><br \/>\n\t\t\t<svg class=\"cf7md-spinner\" width=\"25px\" height=\"25px\" viewBox=\"0 0 66 66\" xmlns=\"http:\/\/www.w3.org\/2000\/svg\">\n\t\t\t\t<circle class=\"cf7md-spinner-path\" fill=\"none\" stroke-width=\"6\" stroke-linecap=\"round\" cx=\"33\" cy=\"33\" r=\"30\"><\/circle>\n\t\t\t<\/svg>\n\t\t<\/div>\n\t\t\n\t\t\t\t\t\t\t\t\t<\/div>\n\t\t\t<\/div>\n\t\t<\/div>\n\t\t\n<\/p><p style=\"display: none !important;\" class=\"akismet-fields-container\" data-prefix=\"_wpcf7_ak_\"><label>&#916;<textarea name=\"_wpcf7_ak_hp_textarea\" cols=\"45\" rows=\"8\" maxlength=\"100\"><\/textarea><\/label><input type=\"hidden\" id=\"ak_js_1\" name=\"_wpcf7_ak_js\" value=\"156\"\/><script>document.getElementById( \"ak_js_1\" ).setAttribute( \"value\", ( new Date() ).getTime() );<\/script><\/p><div class=\"wpcf7-response-output\" aria-hidden=\"true\"><\/div>\n<\/form>\n<\/div>\n\n<p>[\/et_pb_text][et_pb_sidebar orientation=\u00a0\u00bbright\u00a0\u00bb module_class=\u00a0\u00bbsidebar-main\u00a0\u00bb _builder_version=\u00a0\u00bb4.16&Prime; _module_preset=\u00a0\u00bbdefault\u00a0\u00bb global_colors_info=\u00a0\u00bb{}\u00a0\u00bb][\/et_pb_sidebar][\/et_pb_column][\/et_pb_section]<\/p>\n","protected":false},"excerpt":{"rendered":"<p>Vivez l&rsquo;exp\u00e9rience passionnante du Festival de la chanson Italienne \u00e0 San Remo en achetant les forfaits du Festival de San Remo 2026 : de cette fa\u00e7on, vous pourrez d\u00e9couvrir la veritable ville de la musique italienne. FORFAIT DU FESTIVAL DE LUXE 5 nuit\u00e9es dans un h\u00f4tel (3 ou 4 \u00e9toiles) en Suite Junior avec formule [&hellip;]<\/p>\n","protected":false},"author":1,"featured_media":0,"parent":0,"menu_order":0,"comment_status":"closed","ping_status":"closed","template":"","meta":{"_et_pb_use_builder":"on","_et_pb_old_content":"<h3>Vivez l'exp\u00e9rience passionnante du Festival de la chanson Italienne \u00e0 San Remo en achetant les forfaits du Festival de San Remo 2020 : de cette fa\u00e7on, vous pourrez d\u00e9couvrir la veritable ville de la musique italienne.<\/h3>\r\n<h3>FORFAIT DU FESTIVAL DE LUXE<\/h3>\r\n<ul>\r\n \t<li>5 nuit\u00e9es dans un h\u00f4tel (3 ou 4 \u00e9toiles) en Suite Junior avec formule demi-pension<\/li>\r\n \t<li>2 abonnements dans le 2e secteur de la platea pour assister aux 5 nuits du Festival au Th\u00e9\u00e2tre Ariston.<\/li>\r\n<\/ul>\r\n<h3><strong>FORFAIT PREMIUM DU FESTIVAL\u00a0 <\/strong><\/h3>\r\n<ul>\r\n \t<li>5 nuit\u00e9es en h\u00f4tel (3 ou 4 \u00e9toiles) en chambre double avec formule demi-pension<\/li>\r\n \t<li>2 abonnements dans le 2\u00e8me secteur de la platea pour assister aux 5 nuits du Festival au Th\u00e9\u00e2tre Ariston.<\/li>\r\n<\/ul>\r\n\u00a0\r\n<h3>FORFAIT GOLD DU FESTIVAL<\/h3>\r\n<ul>\r\n \t<li>5 nuit\u00e9es \u00e0 l'h\u00f4tel (h\u00f4tel 3 ou 4 \u00e9toiles ), en chambre double avec formule demi-pension<\/li>\r\n \t<li>2 abonnements dans la galerie pour assister aux 5 nuits du Festival au Th\u00e9\u00e2tre Ariston.<\/li>\r\n<\/ul>\r\n\u00a0\r\n<h3><span style=\"color: #ff0000;\"><em>Nous sommes \u00e0 votre disposition pour organiser la meilleure mani\u00e8re de votre s\u00e9jour \u00e0 San Remo : contactez-nous sans obligation de demander un devis personnalis\u00e9 !<\/em><\/span><\/h3>\r\n\u00a0\r\n","_et_gb_content_width":"","footnotes":""},"class_list":["post-257226","page","type-page","status-publish","hentry"],"_links":{"self":[{"href":"https:\/\/sanremofestival.info\/fr\/wp-json\/wp\/v2\/pages\/257226","targetHints":{"allow":["GET"]}}],"collection":[{"href":"https:\/\/sanremofestival.info\/fr\/wp-json\/wp\/v2\/pages"}],"about":[{"href":"https:\/\/sanremofestival.info\/fr\/wp-json\/wp\/v2\/types\/page"}],"author":[{"embeddable":true,"href":"https:\/\/sanremofestival.info\/fr\/wp-json\/wp\/v2\/users\/1"}],"replies":[{"embeddable":true,"href":"https:\/\/sanremofestival.info\/fr\/wp-json\/wp\/v2\/comments?post=257226"}],"version-history":[{"count":19,"href":"https:\/\/sanremofestival.info\/fr\/wp-json\/wp\/v2\/pages\/257226\/revisions"}],"predecessor-version":[{"id":444305,"href":"https:\/\/sanremofestival.info\/fr\/wp-json\/wp\/v2\/pages\/257226\/revisions\/444305"}],"wp:attachment":[{"href":"https:\/\/sanremofestival.info\/fr\/wp-json\/wp\/v2\/media?parent=257226"}],"curies":[{"name":"wp","href":"https:\/\/api.w.org\/{rel}","templated":true}]}}