{"id":257396,"date":"2017-09-06T09:21:02","date_gmt":"2017-09-06T09:21:02","guid":{"rendered":"http:\/\/sanremofestival.info\/fr\/les-activites-paralleles-au-festival-de-san-remo-2017\/"},"modified":"2022-05-10T16:08:34","modified_gmt":"2022-05-10T16:08:34","slug":"les-activites-paralleles-au-festival-de-san-remo","status":"publish","type":"page","link":"https:\/\/sanremofestival.info\/fr\/les-activites-paralleles-au-festival-de-san-remo\/","title":{"rendered":"Les activit\u00e9s parall\u00e8les au Festival de San Remo"},"content":{"rendered":"<p>[et_pb_section fb_built=\u00a0\u00bb1&Prime; specialty=\u00a0\u00bbon\u00a0\u00bb module_class=\u00a0\u00bball_pages_section\u00a0\u00bb _builder_version=\u00a0\u00bb4.5.1&Prime; _module_preset=\u00a0\u00bbdefault\u00a0\u00bb global_colors_info=\u00a0\u00bb{}\u00a0\u00bb][et_pb_column type=\u00a0\u00bb3_4&Prime; specialty_columns=\u00a0\u00bb3&Prime; _builder_version=\u00a0\u00bb3.25&Prime; custom_padding=\u00a0\u00bb|||\u00a0\u00bb global_colors_info=\u00a0\u00bb{}\u00a0\u00bb custom_padding__hover=\u00a0\u00bb|||\u00a0\u00bb][et_pb_row_inner _builder_version=\u00a0\u00bb4.5.1&Prime; _module_preset=\u00a0\u00bbdefault\u00a0\u00bb global_colors_info=\u00a0\u00bb{}\u00a0\u00bb][et_pb_column_inner saved_specialty_column_type=\u00a0\u00bb3_4&Prime; module_class=\u00a0\u00bbcontent_col\u00a0\u00bb _builder_version=\u00a0\u00bb4.5.1&Prime; _module_preset=\u00a0\u00bbdefault\u00a0\u00bb global_colors_info=\u00a0\u00bb{}\u00a0\u00bb][et_pb_text admin_label=\u00a0\u00bbText\u00a0\u00bb _builder_version=\u00a0\u00bb4.14.2&Prime; background_size=\u00a0\u00bbinitial\u00a0\u00bb background_position=\u00a0\u00bbtop_left\u00a0\u00bb background_repeat=\u00a0\u00bbrepeat\u00a0\u00bb hover_enabled=\u00a0\u00bb0&Prime; global_colors_info=\u00a0\u00bb{}\u00a0\u00bb sticky_enabled=\u00a0\u00bb0&Prime;]<\/p>\n<h3><strong>Passer une semaine \u00e0 San Remo lors du Festival de la Chanson italienne 2023 est l&rsquo;occasion id\u00e9ale pour une immersion totale dans la musique et le divertissement.<\/strong><\/h3>\n<h3>Les activit\u00e9s parall\u00e8les au Festival de San Remo 2023<\/h3>\n<p>Nous tenions \u00e0 vous indiquer quelques endroits o\u00f9 garder un oeil pour une fructueuse chasse d&rsquo;autographe.<\/p>\n<p><a href=\"http:\/\/sanremofestival.info\/wp-content\/uploads\/2013\/08\/sanremo-festival-2017.jpg\"><img loading=\"lazy\" decoding=\"async\" class=\"aligncenter size-medium wp-image-244892\" src=\"http:\/\/sanremofestival.info\/wp-content\/uploads\/2013\/08\/sanremo-festival-2017-300x150.jpg\" alt=\"Stampa\" width=\"500\" height=\"250\" srcset=\"https:\/\/sanremofestival.info\/wp-content\/uploads\/2013\/08\/sanremo-festival-2017-300x150.jpg 300w, https:\/\/sanremofestival.info\/wp-content\/uploads\/2013\/08\/sanremo-festival-2017-768x384.jpg 768w, https:\/\/sanremofestival.info\/wp-content\/uploads\/2013\/08\/sanremo-festival-2017-1024x512.jpg 1024w, https:\/\/sanremofestival.info\/wp-content\/uploads\/2013\/08\/sanremo-festival-2017-950x475.jpg 950w, https:\/\/sanremofestival.info\/wp-content\/uploads\/2013\/08\/sanremo-festival-2017.jpg 1200w\" sizes=\"(max-width: 500px) 100vw, 500px\" \/><\/a><\/p>\n<p>&nbsp;<\/p>\n<h3>TAPIS ROUGE<\/h3>\n<p>Le tapis rouge du Festival de San Remo sera organis\u00e9 par le RAI dans la zone devant le Th\u00e9\u00e2tre Ariston et accueillera pour toute la journ\u00e9e, les \u00e9missions de T\u00c9L\u00c9VISION et des interviews.<\/p>\n<p>&nbsp;<\/p>\n<h3>LES EMISSIONS DE\u00a0RADIO<\/h3>\n<p>La base de la station de radio RAI sera \u00e0 la place Borea d&rsquo;Olmo, \u00e0 quelques m\u00e8tres du th\u00e9\u00e2tre Ariston, tandis que de nombreuses autres stations radios seront pr\u00e9sentes pendant cette semaine avec leurs stations mobiles ou en louant des magasins dans le centre.<br \/>Naturellement, il y aura beaucoup de va-et-vient des artistes du Festival qui participeront \u00e0 des \u00e9missions de radio en direct.<\/p>\n<p>&nbsp;<\/p>\n<h3>STUDIO SAN REMO &amp; RADIO ITALIA<\/h3>\n<p>Le Palafiori h\u00e9berge un carr\u00e9 VIP pour les pr\u00e9sentations et les vitrines et il abrite des studios de radio et de t\u00e9l\u00e9vision de Radio Italia et Video Italia.<\/p>\n<p>&nbsp;<\/p>\n<h3>LES NUITS D&rsquo;APR\u00c8S-FESTIVAL<\/h3>\n<p>Les nuits \u00e0 San Remo pendant le Festival seront riches d&rsquo;\u00e9v\u00e9nements et d&rsquo;activit\u00e9s th\u00e9matiques.<br \/>Les endroits les plus populaires sont les pubs et les restaurants de la place Bresca.<br \/>Pour danser et \u00e9couter de la bonne musique jusqu&rsquo;\u00e0 l&rsquo;aube, nous recommandons la Victory Morgana Bay et le Rolling Stones Caf\u00e8.<\/p>\n<p>[\/et_pb_text][\/et_pb_column_inner][\/et_pb_row_inner][\/et_pb_column][et_pb_column type=\u00a0\u00bb1_4&Prime; _builder_version=\u00a0\u00bb3.25&Prime; custom_padding=\u00a0\u00bb|||\u00a0\u00bb global_colors_info=\u00a0\u00bb{}\u00a0\u00bb custom_padding__hover=\u00a0\u00bb|||\u00a0\u00bb][et_pb_sidebar orientation=\u00a0\u00bbright\u00a0\u00bb module_class=\u00a0\u00bbsidebar-main\u00a0\u00bb _builder_version=\u00a0\u00bb4.5.1&Prime; _module_preset=\u00a0\u00bbdefault\u00a0\u00bb global_colors_info=\u00a0\u00bb{}\u00a0\u00bb][\/et_pb_sidebar][\/et_pb_column][\/et_pb_section]<\/p>\n","protected":false},"excerpt":{"rendered":"<p>Passer une semaine \u00e0 San Remo lors du Festival de la Chanson italienne 2023 est l&rsquo;occasion id\u00e9ale pour une immersion totale dans la musique et le divertissement. Les activit\u00e9s parall\u00e8les au Festival de San Remo 2023 Nous tenions \u00e0 vous indiquer quelques endroits o\u00f9 garder un oeil pour une fructueuse chasse d&rsquo;autographe. &nbsp; TAPIS ROUGE [&hellip;]<\/p>\n","protected":false},"author":1,"featured_media":0,"parent":0,"menu_order":0,"comment_status":"closed","ping_status":"closed","template":"","meta":{"_et_pb_use_builder":"on","_et_pb_old_content":"<h3>Passer une semaine \u00e0 San Remo lors du Festival de la Chanson italienne 2018 est l'occasion id\u00e9ale pour une immersion totale dans la musique et le divertissement.<\/h3>\r\n<h3>Les activit\u00e9s parall\u00e8les au Festival de San Remo 2018<\/h3>\r\nNous tenions \u00e0 vous indiquer quelques endroits o\u00f9 garder un oeil pour une fructueuse chasse d'autographe.\r\n\r\n\r\n<a href=\"http:\/\/sanremofestival.info\/wp-content\/uploads\/2013\/08\/sanremo-festival-2017.jpg\"><img class=\"aligncenter size-medium wp-image-244892\" src=\"http:\/\/sanremofestival.info\/wp-content\/uploads\/2013\/08\/sanremo-festival-2017-300x150.jpg\" alt=\"Stampa\" width=\"500\" height=\"250\" \/><\/a>\r\n\r\n\u00a0\r\n<h3>TAPIS ROUGE<\/h3>\r\nLe tapis rouge du Festival de San Remo sera organis\u00e9 par le RAI dans la zone devant le Th\u00e9\u00e2tre Ariston et accueillera pour toute la journ\u00e9e, les \u00e9missions de T\u00c9L\u00c9VISION et des interviews.\r\n\r\n\u00a0\r\n<h3>LES EMISSIONS DE\u00a0RADIO<\/h3>\r\nLa base de la station de radio RAI sera \u00e0 la place Borea d'Olmo, \u00e0 quelques m\u00e8tres du th\u00e9\u00e2tre Ariston, tandis que de nombreuses autres stations radios seront pr\u00e9sentes pendant cette semaine avec leurs stations mobiles ou en louant des magasins dans le centre.\r\nNaturellement, il y aura beaucoup de va-et-vient des artistes du Festival qui participeront \u00e0 des \u00e9missions de radio en direct.\r\n\r\n\u00a0\r\n<h3>STUDIO SAN REMO & RADIO ITALIA<\/h3>\r\nLe Palafiori h\u00e9berge un carr\u00e9 VIP pour les pr\u00e9sentations et les vitrines et il abrite des studios de radio et de t\u00e9l\u00e9vision de Radio Italia et Video Italia.\r\n\r\n\u00a0\r\n<h3>LES NUITS D'APR\u00c8S-FESTIVAL<\/h3>\r\nLes nuits \u00e0 San Remo pendant le Festival seront riches d'\u00e9v\u00e9nements et d'activit\u00e9s th\u00e9matiques.\r\nLes endroits les plus populaires sont les pubs et les restaurants de la place Bresca.\r\nPour danser et \u00e9couter de la bonne musique jusqu'\u00e0 l'aube, nous recommandons la Victory Morgana Bay et le Rolling Stones Caf\u00e8.","_et_gb_content_width":"","footnotes":""},"class_list":["post-257396","page","type-page","status-publish","hentry"],"_links":{"self":[{"href":"https:\/\/sanremofestival.info\/fr\/wp-json\/wp\/v2\/pages\/257396","targetHints":{"allow":["GET"]}}],"collection":[{"href":"https:\/\/sanremofestival.info\/fr\/wp-json\/wp\/v2\/pages"}],"about":[{"href":"https:\/\/sanremofestival.info\/fr\/wp-json\/wp\/v2\/types\/page"}],"author":[{"embeddable":true,"href":"https:\/\/sanremofestival.info\/fr\/wp-json\/wp\/v2\/users\/1"}],"replies":[{"embeddable":true,"href":"https:\/\/sanremofestival.info\/fr\/wp-json\/wp\/v2\/comments?post=257396"}],"version-history":[{"count":11,"href":"https:\/\/sanremofestival.info\/fr\/wp-json\/wp\/v2\/pages\/257396\/revisions"}],"predecessor-version":[{"id":442592,"href":"https:\/\/sanremofestival.info\/fr\/wp-json\/wp\/v2\/pages\/257396\/revisions\/442592"}],"wp:attachment":[{"href":"https:\/\/sanremofestival.info\/fr\/wp-json\/wp\/v2\/media?parent=257396"}],"curies":[{"name":"wp","href":"https:\/\/api.w.org\/{rel}","templated":true}]}}