{"id":257442,"date":"2017-09-06T11:44:19","date_gmt":"2017-09-06T11:44:19","guid":{"rendered":"http:\/\/sanremofestival.info\/fr\/festival-de-la-chanson-italienne-de-san-remo\/"},"modified":"2020-10-20T06:03:49","modified_gmt":"2020-10-20T06:03:49","slug":"festival-de-la-chanson-italienne-de-san-remo","status":"publish","type":"page","link":"https:\/\/sanremofestival.info\/fr\/festival-de-la-chanson-italienne-de-san-remo\/","title":{"rendered":"Festival de la Chanson italienne de San Remo"},"content":{"rendered":"<p>[et_pb_section fb_built=\u00a0\u00bb1&Prime; specialty=\u00a0\u00bbon\u00a0\u00bb module_class=\u00a0\u00bball_pages_section\u00a0\u00bb _builder_version=\u00a0\u00bb4.5.1&Prime; _module_preset=\u00a0\u00bbdefault\u00a0\u00bb][et_pb_column type=\u00a0\u00bb3_4&Prime; specialty_columns=\u00a0\u00bb3&Prime; _builder_version=\u00a0\u00bb3.25&Prime; custom_padding=\u00a0\u00bb|||\u00a0\u00bb custom_padding__hover=\u00a0\u00bb|||\u00a0\u00bb][et_pb_row_inner _builder_version=\u00a0\u00bb4.5.1&Prime; _module_preset=\u00a0\u00bbdefault\u00a0\u00bb][et_pb_column_inner saved_specialty_column_type=\u00a0\u00bb3_4&Prime; module_class=\u00a0\u00bbcontent_col\u00a0\u00bb _builder_version=\u00a0\u00bb4.5.1&Prime; _module_preset=\u00a0\u00bbdefault\u00a0\u00bb][et_pb_text admin_label=\u00a0\u00bbText\u00a0\u00bb _builder_version=\u00a0\u00bb4.5.1&Prime; background_size=\u00a0\u00bbinitial\u00a0\u00bb background_position=\u00a0\u00bbtop_left\u00a0\u00bb background_repeat=\u00a0\u00bbrepeat\u00a0\u00bb hover_enabled=\u00a0\u00bb0&Prime;]<\/p>\n<h3><strong>Le Festival de la Chanson italienne de San Remo, n\u00e9 en 1950, au fil des ans est devenu l\u2019un des \u00e9v\u00e9nements les plus importants de la tradition italienne.<\/strong><\/h3>\n<p>Les origines de la f\u00eate de San Remo remontent \u00e0 la premi\u00e8re p\u00e9riode de l\u2019apr\u00e8s-guerre, lorsque la n\u00e9cessit\u00e9 de reconstruire le pays d\u00e9truit par la Premi\u00e8re Guerre mondiale, a conduit les dirigeants de San Remo \u00e0 penser \u00e0 la relance touristique de la ville. En particulier, le besoin principal \u00e9tait la r\u00e9ouverture du Casin\u00f2 et la relance de la saison hivernale, qui a fait la fortune de la station baln\u00e9aire de la Riviera.<\/p>\n<p>Ainsi, en 1950, la premi\u00e8re \u00e9dition du Festival de la Chanson italienne, a \u00e9t\u00e9 diffus\u00e9 via la radio depuis la salle de bal r\u00e9nov\u00e9e du Casin\u00f2 de San Remo o\u00f9 les clients habituels du Casin\u00f2 n&rsquo;avaient pas saisi l&rsquo;historique des proportions de l&rsquo;\u00e9v\u00e9nement. C&rsquo;est la t\u00e9l\u00e9vision en 1954 qui a chang\u00e9 l&rsquo;impact de l&rsquo;\u00e9v\u00e9nement, en le transformant au cours des ans non seulement un ph\u00e9nom\u00e8ne musical, mais aussi un ph\u00e9nom\u00e8ne culturel.<\/p>\n<p>L&rsquo;histoire du Festival est intimement li\u00e9e \u00e0 l&rsquo;histoire de la t\u00e9l\u00e9vision italienne : depuis la prise de vues en noir et blanc des p\u00e8res de la musique italienne \u00e0 l&rsquo;av\u00e8nement de la T\u00c9L\u00c9VISION en couleur dans les ann\u00e9es soixante-dix jusqu&rsquo;au triomphe technologique des paysages \u00e9lectroniques et de la T\u00c9L\u00c9VISION en haute d\u00e9finition. Mais plus que la technologie, le Festival a \u00e9t\u00e9 pendant des d\u00e9cennies, un miroir de la soci\u00e9t\u00e9 r\u00e9elle italienne, y compris non seulement pour le genre de musique et paroles, mais aussi pour la mode et de style de vie.<\/p>\n<p>Donc, il ne fait aucun doute que, \u00e0 une \u00e9poque de fragmentation du public t\u00e9l\u00e9vis\u00e9, le Festival de San Remo, comparable uniquement aux matches de football nationaux, est un \u00e9v\u00e9nement capable de catalyser l&rsquo;attention des m\u00e9dias italiens, de scotcher des millions de t\u00e9l\u00e9spectateurs, de faire \u00e9crire un d\u00e9luge de mots dans la presse \u00e9crite et, r\u00e9cemment, sur Internet et sur les m\u00e9dias sociaux.<\/p>\n<p>La renomm\u00e9e du Festival de San Remo traverse la fronti\u00e8re nationale et elle est particuli\u00e8rement populaire dans tous les pays o\u00f9 la chanson italienne a prosp\u00e9r\u00e9 : depuis les pays d&rsquo;\u00e9migration d&rsquo;Italiens, des nations de culture latine jusqu&rsquo;aux anciens pays du bloc sovi\u00e9tique o\u00f9 la passion de San Remo d\u00e9passe \u00e9galement passion des citoyens italiens.<\/p>\n<p><strong>Comme cela se produit souvent, le Festival de la Chanson italienne est certainement un \u00e9v\u00e9nement qui m\u00e9rite d&rsquo;\u00eatre suivi par la t\u00e9l\u00e9vision et par Internet , mais si vous avez <span style=\"color: #ff0000;\">l&rsquo;occasion d&rsquo;assister en personne \u00e0 l&rsquo;\u00e9v\u00e9nement et de vivre en direct l&rsquo;atmosph\u00e8re de la ville pendant cette semaine, c&rsquo;est une exp\u00e9rience qu&rsquo;un vrai fan de la chanson italienne doit vivre au moins une fois dans sa vie. Nous sommes ici juste pour cela : afin de vous aider \u00e0 r\u00e9aliser votre r\u00eave de San Remo.<\/span><\/strong><\/p>\n<p>&nbsp;<\/p>\n<p>[\/et_pb_text][\/et_pb_column_inner][\/et_pb_row_inner][\/et_pb_column][et_pb_column type=\u00a0\u00bb1_4&Prime; _builder_version=\u00a0\u00bb3.25&Prime; custom_padding=\u00a0\u00bb|||\u00a0\u00bb custom_padding__hover=\u00a0\u00bb|||\u00a0\u00bb][et_pb_sidebar orientation=\u00a0\u00bbright\u00a0\u00bb module_class=\u00a0\u00bbsidebar-main\u00a0\u00bb _builder_version=\u00a0\u00bb4.5.1&Prime; _module_preset=\u00a0\u00bbdefault\u00a0\u00bb][\/et_pb_sidebar][\/et_pb_column][\/et_pb_section]<\/p>\n","protected":false},"excerpt":{"rendered":"<p>Le Festival de la Chanson italienne de San Remo, n\u00e9 en 1950, au fil des ans est devenu l\u2019un des \u00e9v\u00e9nements les plus importants de la tradition italienne. Les origines de la f\u00eate de San Remo remontent \u00e0 la premi\u00e8re p\u00e9riode de l\u2019apr\u00e8s-guerre, lorsque la n\u00e9cessit\u00e9 de reconstruire le pays d\u00e9truit par la Premi\u00e8re Guerre [&hellip;]<\/p>\n","protected":false},"author":1,"featured_media":0,"parent":0,"menu_order":0,"comment_status":"closed","ping_status":"closed","template":"","meta":{"_et_pb_use_builder":"on","_et_pb_old_content":"<h3>Le Festival de la Chanson italienne de San Remo, n\u00e9 en 1950, au fil des ans est devenu l\u2019un des \u00e9v\u00e9nements les plus importants de la tradition italienne.<\/h3>\r\nLes origines de la f\u00eate de San Remo remontent \u00e0 la premi\u00e8re p\u00e9riode de l\u2019apr\u00e8s-guerre, lorsque la n\u00e9cessit\u00e9 de reconstruire le pays d\u00e9truit par la Premi\u00e8re Guerre mondiale, a conduit les dirigeants de San Remo \u00e0 penser \u00e0 la relance touristique de la ville. En particulier, le besoin principal \u00e9tait la r\u00e9ouverture du Casin\u00f2 et la relance de la saison hivernale, qui a fait la fortune de la station baln\u00e9aire de la Riviera.\r\n\r\nAinsi, en 1950, la premi\u00e8re \u00e9dition du Festival de la Chanson italienne, a \u00e9t\u00e9 diffus\u00e9 via la radio depuis la salle de bal r\u00e9nov\u00e9e du Casin\u00f2 de San Remo o\u00f9 les clients habituels du Casin\u00f2 n'avaient pas saisi l'historique des proportions de l'\u00e9v\u00e9nement. C'est la t\u00e9l\u00e9vision en 1954 qui a chang\u00e9 l'impact de l'\u00e9v\u00e9nement, en le transformant au cours des ans non seulement un ph\u00e9nom\u00e8ne musical, mais aussi un ph\u00e9nom\u00e8ne culturel.\r\n\r\nL'histoire du Festival est intimement li\u00e9e \u00e0 l'histoire de la t\u00e9l\u00e9vision italienne : depuis la prise de vues en noir et blanc des p\u00e8res de la musique italienne \u00e0 l'av\u00e8nement de la T\u00c9L\u00c9VISION en couleur dans les ann\u00e9es soixante-dix jusqu'au triomphe technologique des paysages \u00e9lectroniques et de la T\u00c9L\u00c9VISION en haute d\u00e9finition. Mais plus que la technologie, le Festival a \u00e9t\u00e9 pendant des d\u00e9cennies, un miroir de la soci\u00e9t\u00e9 r\u00e9elle italienne, y compris non seulement pour le genre de musique et paroles, mais aussi pour la mode et de style de vie.\r\n\r\nDonc, il ne fait aucun doute que, \u00e0 une \u00e9poque de fragmentation du public t\u00e9l\u00e9vis\u00e9, le Festival de San Remo, comparable uniquement aux matches de football nationaux, est un \u00e9v\u00e9nement capable de catalyser l'attention des m\u00e9dias italiens, de scotcher des millions de t\u00e9l\u00e9spectateurs, de faire \u00e9crire un d\u00e9luge de mots dans la presse \u00e9crite et, r\u00e9cemment, sur Internet et sur les m\u00e9dias sociaux.\r\n\r\nLa renomm\u00e9e du Festival de San Remo traverse la fronti\u00e8re nationale et elle est particuli\u00e8rement populaire dans tous les pays o\u00f9 la chanson italienne a prosp\u00e9r\u00e9 : depuis les pays d'\u00e9migration d'Italiens, des nations de culture latine jusqu'aux anciens pays du bloc sovi\u00e9tique o\u00f9 la passion de San Remo d\u00e9passe \u00e9galement passion des citoyens italiens.\r\n\r\n<strong>Comme cela se produit souvent, le Festival de la Chanson italienne est certainement un \u00e9v\u00e9nement qui m\u00e9rite d'\u00eatre suivi par la t\u00e9l\u00e9vision et par Internet , mais si vous avez <span style=\"color: #ff0000;\">l'occasion d'assister en personne \u00e0 l'\u00e9v\u00e9nement et de vivre en direct l'atmosph\u00e8re de la ville pendant cette semaine, c'est une exp\u00e9rience qu'un vrai fan de la chanson italienne doit vivre au moins une fois dans sa vie. Nous sommes ici juste pour cela : afin de vous aider \u00e0 r\u00e9aliser votre r\u00eave de San Remo.<\/span><\/strong>\r\n\r\n\u00a0","_et_gb_content_width":"","footnotes":""},"class_list":["post-257442","page","type-page","status-publish","hentry"],"_links":{"self":[{"href":"https:\/\/sanremofestival.info\/fr\/wp-json\/wp\/v2\/pages\/257442","targetHints":{"allow":["GET"]}}],"collection":[{"href":"https:\/\/sanremofestival.info\/fr\/wp-json\/wp\/v2\/pages"}],"about":[{"href":"https:\/\/sanremofestival.info\/fr\/wp-json\/wp\/v2\/types\/page"}],"author":[{"embeddable":true,"href":"https:\/\/sanremofestival.info\/fr\/wp-json\/wp\/v2\/users\/1"}],"replies":[{"embeddable":true,"href":"https:\/\/sanremofestival.info\/fr\/wp-json\/wp\/v2\/comments?post=257442"}],"version-history":[{"count":4,"href":"https:\/\/sanremofestival.info\/fr\/wp-json\/wp\/v2\/pages\/257442\/revisions"}],"predecessor-version":[{"id":433907,"href":"https:\/\/sanremofestival.info\/fr\/wp-json\/wp\/v2\/pages\/257442\/revisions\/433907"}],"wp:attachment":[{"href":"https:\/\/sanremofestival.info\/fr\/wp-json\/wp\/v2\/media?parent=257442"}],"curies":[{"name":"wp","href":"https:\/\/api.w.org\/{rel}","templated":true}]}}