{"id":257579,"date":"2017-09-07T09:53:21","date_gmt":"2017-09-07T09:53:21","guid":{"rendered":"http:\/\/sanremofestival.info\/fr\/les-vacances-a-san-remo\/"},"modified":"2023-07-31T17:30:33","modified_gmt":"2023-07-31T17:30:33","slug":"les-vacances-a-san-remo","status":"publish","type":"page","link":"https:\/\/sanremofestival.info\/fr\/les-vacances-a-san-remo\/","title":{"rendered":"LES VACANCES \u00c0 SAN REMO"},"content":{"rendered":"<p>[et_pb_section fb_built=\u00a0\u00bb1&Prime; specialty=\u00a0\u00bbon\u00a0\u00bb module_class=\u00a0\u00bball_pages_section\u00a0\u00bb _builder_version=\u00a0\u00bb4.16&Prime; _module_preset=\u00a0\u00bbdefault\u00a0\u00bb global_colors_info=\u00a0\u00bb{}\u00a0\u00bb][et_pb_column type=\u00a0\u00bb3_4&Prime; specialty_columns=\u00a0\u00bb3&Prime; _builder_version=\u00a0\u00bb4.16&Prime; custom_padding=\u00a0\u00bb|||\u00a0\u00bb global_colors_info=\u00a0\u00bb{}\u00a0\u00bb custom_padding__hover=\u00a0\u00bb|||\u00a0\u00bb][et_pb_row_inner _builder_version=\u00a0\u00bb4.16&Prime; _module_preset=\u00a0\u00bbdefault\u00a0\u00bb global_colors_info=\u00a0\u00bb{}\u00a0\u00bb][et_pb_column_inner saved_specialty_column_type=\u00a0\u00bb3_4&Prime; module_class=\u00a0\u00bbcontent_col\u00a0\u00bb _builder_version=\u00a0\u00bb4.16&Prime; _module_preset=\u00a0\u00bbdefault\u00a0\u00bb global_colors_info=\u00a0\u00bb{}\u00a0\u00bb][et_pb_text admin_label=\u00a0\u00bbText\u00a0\u00bb _builder_version=\u00a0\u00bb4.19.5&Prime; background_size=\u00a0\u00bbinitial\u00a0\u00bb background_position=\u00a0\u00bbtop_left\u00a0\u00bb background_repeat=\u00a0\u00bbrepeat\u00a0\u00bb hover_enabled=\u00a0\u00bb0&Prime; global_colors_info=\u00a0\u00bb{}\u00a0\u00bb sticky_enabled=\u00a0\u00bb0&Prime;]<\/p>\n<h3><strong>\u00c0 l\u2019occasion du Festival de San Remo 2024, nous sommes \u00e0 votre disposition pour organiser de la meilleure mani\u00e8re possible vos vacances \u00e0 San Remo pour les passionn\u00e9s de la chanson italienne et pour le personnel autoris\u00e9.<\/strong><\/h3>\n<p>&nbsp;<\/p>\n<p>S\u00e9lectionnez dans le menu les services qui r\u00e9pondent \u00e0 vos besoins :<\/p>\n<p>Forfaits avec<\/p>\n<ul>\n<li>Les billets pour le Festival<\/li>\n<li>H\u00e9bergement dans un h\u00f4tel 3-5 \u00e9toiles<\/li>\n<\/ul>\n<p>R\u00e9servations d&rsquo;h\u00f4tel<\/p>\n<ul>\n<li>pour le tourisme des particuliers<\/li>\n<li>pour le personnel autoris\u00e9<\/li>\n<\/ul>\n<p>Demandez des services touristiques suppl\u00e9mentaires :<\/p>\n<ul>\n<li>transfert depuis les a\u00e9roports de Nice et G\u00eanes<\/li>\n<li>location de voiture<\/li>\n<li>r\u00e9servation de vols et bateaux-ferries<\/li>\n<\/ul>\n<p>&nbsp;<\/p>\n<p>Organisation :<br \/><strong>Nyala Wonder Travel<\/strong><br \/>Via Solaro 134 &#8211; 18038 San Remo<br \/><strong>Tel. 0184 666 986\u00a0<\/strong><br \/>(Lun-Ven 9:30-17:30 \/ Sam 9:30-13:00)<\/p>\n<p>[\/et_pb_text][\/et_pb_column_inner][\/et_pb_row_inner][\/et_pb_column][et_pb_column type=\u00a0\u00bb1_4&Prime; _builder_version=\u00a0\u00bb4.16&Prime; custom_padding=\u00a0\u00bb|||\u00a0\u00bb global_colors_info=\u00a0\u00bb{}\u00a0\u00bb custom_padding__hover=\u00a0\u00bb|||\u00a0\u00bb][et_pb_sidebar orientation=\u00a0\u00bbright\u00a0\u00bb module_class=\u00a0\u00bbsidebar-main\u00a0\u00bb _builder_version=\u00a0\u00bb4.16&Prime; _module_preset=\u00a0\u00bbdefault\u00a0\u00bb global_colors_info=\u00a0\u00bb{}\u00a0\u00bb][\/et_pb_sidebar][\/et_pb_column][\/et_pb_section]<\/p>\n","protected":false},"excerpt":{"rendered":"<p>\u00c0 l\u2019occasion du Festival de San Remo 2024, nous sommes \u00e0 votre disposition pour organiser de la meilleure mani\u00e8re possible vos vacances \u00e0 San Remo pour les passionn\u00e9s de la chanson italienne et pour le personnel autoris\u00e9. &nbsp; S\u00e9lectionnez dans le menu les services qui r\u00e9pondent \u00e0 vos besoins : Forfaits avec Les billets pour [&hellip;]<\/p>\n","protected":false},"author":1,"featured_media":0,"parent":0,"menu_order":0,"comment_status":"closed","ping_status":"closed","template":"","meta":{"_et_pb_use_builder":"on","_et_pb_old_content":"<h3>\u00c0 l\u2019occasion du Festival de San Remo 2020, nous sommes \u00e0 votre disposition pour organiser de la meilleure mani\u00e8re possible vos vacances \u00e0 San Remo pour les passionn\u00e9s de la chanson italienne et pour le personnel autoris\u00e9.<\/h3>\r\n\u00a0\r\n\r\nS\u00e9lectionnez dans le menu les services qui r\u00e9pondent \u00e0 vos besoins :\r\n\r\nForfaits avec\r\n<ul>\r\n \t<li>Les billets pour le Festival<\/li>\r\n \t<li>H\u00e9bergement dans un h\u00f4tel 3-5 \u00e9toiles<\/li>\r\n<\/ul>\r\nR\u00e9servations d'h\u00f4tel\r\n<ul>\r\n \t<li>pour le tourisme des particuliers<\/li>\r\n \t<li>pour le personnel autoris\u00e9<\/li>\r\n<\/ul>\r\nDemandez des services touristiques suppl\u00e9mentaires :\r\n<ul>\r\n \t<li>transfert depuis les a\u00e9roports de Nice et G\u00eanes<\/li>\r\n \t<li>location de voiture<\/li>\r\n \t<li>r\u00e9servation de vols et bateaux-ferries<\/li>\r\n<\/ul>\r\n\u00a0\r\n\r\nOrganisation :\r\n<strong>Nyala Wonder Travel<\/strong>\r\nVia Solaro 134 - 18038 San Remo\r\n<strong>Tel. 0184 666 986\u00a0<\/strong>\r\n(Lun-Ven 9:30-17:30 \/ Sam 9:30-13:00)","_et_gb_content_width":"","footnotes":""},"class_list":["post-257579","page","type-page","status-publish","hentry"],"_links":{"self":[{"href":"https:\/\/sanremofestival.info\/fr\/wp-json\/wp\/v2\/pages\/257579","targetHints":{"allow":["GET"]}}],"collection":[{"href":"https:\/\/sanremofestival.info\/fr\/wp-json\/wp\/v2\/pages"}],"about":[{"href":"https:\/\/sanremofestival.info\/fr\/wp-json\/wp\/v2\/types\/page"}],"author":[{"embeddable":true,"href":"https:\/\/sanremofestival.info\/fr\/wp-json\/wp\/v2\/users\/1"}],"replies":[{"embeddable":true,"href":"https:\/\/sanremofestival.info\/fr\/wp-json\/wp\/v2\/comments?post=257579"}],"version-history":[{"count":9,"href":"https:\/\/sanremofestival.info\/fr\/wp-json\/wp\/v2\/pages\/257579\/revisions"}],"predecessor-version":[{"id":443778,"href":"https:\/\/sanremofestival.info\/fr\/wp-json\/wp\/v2\/pages\/257579\/revisions\/443778"}],"wp:attachment":[{"href":"https:\/\/sanremofestival.info\/fr\/wp-json\/wp\/v2\/media?parent=257579"}],"curies":[{"name":"wp","href":"https:\/\/api.w.org\/{rel}","templated":true}]}}