{"id":257910,"date":"2017-09-11T22:26:19","date_gmt":"2017-09-11T22:26:19","guid":{"rendered":"http:\/\/sanremofestival.info\/fr\/les-billets-pour-le-festival-de-san-remo-2017\/"},"modified":"2025-02-19T11:22:12","modified_gmt":"2025-02-19T11:22:12","slug":"les-billets-pour-le-festival-de-san-remo","status":"publish","type":"page","link":"https:\/\/sanremofestival.info\/fr\/les-billets-pour-le-festival-de-san-remo\/","title":{"rendered":"Les Billets pour le Festival de San Remo"},"content":{"rendered":"<p>[et_pb_section fb_built=\u00a0\u00bb1&Prime; _builder_version=\u00a0\u00bb4.16&Prime; _module_preset=\u00a0\u00bbdefault\u00a0\u00bb global_colors_info=\u00a0\u00bb{}\u00a0\u00bb][et_pb_row column_structure=\u00a0\u00bb3_5,2_5&Prime; _builder_version=\u00a0\u00bb4.16&Prime; _module_preset=\u00a0\u00bbdefault\u00a0\u00bb global_colors_info=\u00a0\u00bb{}\u00a0\u00bb][et_pb_column type=\u00a0\u00bb3_5&Prime; _builder_version=\u00a0\u00bb4.16&Prime; _module_preset=\u00a0\u00bbdefault\u00a0\u00bb global_colors_info=\u00a0\u00bb{}\u00a0\u00bb][et_pb_text _builder_version=\u00a0\u00bb4.19.5&Prime; background_size=\u00a0\u00bbinitial\u00a0\u00bb background_position=\u00a0\u00bbtop_left\u00a0\u00bb background_repeat=\u00a0\u00bbrepeat\u00a0\u00bb global_colors_info=\u00a0\u00bb{}\u00a0\u00bb]<\/p>\n<h3><strong>Toutes les informations dont vous avez besoin pour acheter des billets pour le festival de Sanremo 2024 afin d&rsquo;assister aux soir\u00e9es du festival de la chanson italienne.<\/strong><\/h3>\n<p>La billetterie du festival de Sanremo est g\u00e9r\u00e9e par la RAI, radio et t\u00e9l\u00e9vision italienne, qui organise l&rsquo;\u00e9v\u00e9nement.<\/p>\n<p>Les places du Th\u00e9\u00e2tre Ariston disponibles pour le public sont extr\u00eamement limit\u00e9es, \u00e9tant donn\u00e9 que la capacit\u00e9 est r\u00e9duite par la conception imposante de la sc\u00e8ne et aussi par le fait qu&rsquo;une grande partie des places disponibles sont r\u00e9serv\u00e9es \u00e0 l&rsquo;hospitalit\u00e9 institutionnelle de la t\u00e9l\u00e9vision d&rsquo;\u00c9tat et de la municipalit\u00e9 de Sanremo.<\/p>\n<p><strong>Seuls les abonnements aux 5 soir\u00e9es sont disponibles au stade de la pr\u00e9vente.<\/strong><\/p>\n<h3>\u00a0<\/h3>\n<h3>APR\u00c8S-VENTE EXCLUSIVE (octobre &#8211; d\u00e9cembre)<\/h3>\n<p>Un nombre limit\u00e9 d&rsquo;abonnements est r\u00e9serv\u00e9 aux clients s\u00e9journant dans des h\u00f4tels de la ville et r\u00e9serv\u00e9 \u00e0 ceux qui ach\u00e8tent un forfait d&rsquo;h\u00e9bergement complet pour l&rsquo;\u00e9v\u00e9nement.<\/p>\n<p>Notre agence propose diff\u00e9rentes solutions de forfaits d&rsquo;h\u00e9bergement, comprenant des h\u00f4tels et des billets pour les 5 soir\u00e9es du Festival. Les r\u00e9servations de forfaits sont normalement disponibles de d\u00e9but octobre, lorsque les dates du festival sont officiellement annonc\u00e9es, \u00e0 la mi-d\u00e9cembre.<\/p>\n<p><strong><span style=\"color: #ff0000;\">Contactez-nous via le <a title=\"Contacts\" href=\"http:\/\/sanremofestival.info\/contact\/\">Formulaire de contact<\/a> du site web pour obtenir des informations sur la disponibilit\u00e9 des forfaits d&rsquo;h\u00e9bergement, y compris l&rsquo;h\u00e9bergement \u00e0 l&rsquo;h\u00f4tel et les billets pour le Festival.<\/span><\/strong><\/p>\n<h3>BUREAU OFFICIEL DES BILLETS RAI-ARISTON (janvier)<\/h3>\n<p>Dans les premiers jours de janvier, la RAI active la billetterie pour la r\u00e9servation des abonnements restants.<br \/>Les abonnements sont ensuite g\u00e9n\u00e9ralement tir\u00e9s au sort parmi ceux qui en ont fait la demande.<br \/>Il faut tenir compte du fait que la demande de billets d\u00e9passe largement les disponibilit\u00e9s du th\u00e9\u00e2tre.<br \/>Ces derni\u00e8res ann\u00e9es, la disponibilit\u00e9 des abonnements \u00e0 ce stade s&rsquo;est limit\u00e9e \u00e0 la galerie du th\u00e9\u00e2tre.<\/p>\n<h3>BILLETS POUR LES SOIR\u00c9ES UNIQUES<\/h3>\n<p>Dans les jours qui pr\u00e9c\u00e8dent l&rsquo;\u00e9v\u00e9nement, les quelques billets r\u00e9serv\u00e9s qui n&rsquo;ont pas \u00e9t\u00e9 retir\u00e9s \u00e0 temps sont \u00e0 nouveau en vente.<br \/>Ce n&rsquo;est qu&rsquo;\u00e0 ce stade qu&rsquo;il est possible d&rsquo;acheter des billets pour les diff\u00e9rentes soir\u00e9es de l&rsquo;\u00e9v\u00e9nement.<br \/>Ici aussi, la demande de billets d\u00e9passe largement la disponibilit\u00e9 des billets, de sorte qu&rsquo;il est souvent impossible d&rsquo;acheter un billet.<\/p>\n<p><strong><span style=\"color: #ff0000;\">Si vous \u00eates un vrai fan de la chanson italienne, notre conseil est de r\u00e9server un forfait \u00e0 l&rsquo;avance. Contactez-nous via le <a title=\"Contacts\" href=\"http:\/\/sanremofestival.info\/contact\/\">formulaire de contact<\/a> du site web et nous serons heureux de vous aider.<\/span><\/strong><\/p>\n<h3>Les endroits disponibles<\/h3>\n<p>L&rsquo;attribution des places est \u00e0 la seule discr\u00e9tion du RAI.<br \/>Vous trouverez ci-dessous un r\u00e9sum\u00e9 des places effectivement disponibles \u00e0 l&rsquo;avance.<\/p>\n<p>[\/et_pb_text][et_pb_text _builder_version=\u00a0\u00bb4.16&Prime; background_size=\u00a0\u00bbinitial\u00a0\u00bb background_position=\u00a0\u00bbtop_left\u00a0\u00bb background_repeat=\u00a0\u00bbrepeat\u00a0\u00bb global_colors_info=\u00a0\u00bb{}\u00a0\u00bb]<\/p>\n<table style=\"border-collapse: collapse; width: 100%;\" border=\"1\">\n<caption>THEATRE ARISTON<\/caption>\n<tbody>\n<tr>\n<td style=\"width: 20%;\">\u00a0<\/td>\n<td style=\"width: 30%;\">SECTEUR<\/td>\n<td style=\"width: 70%;\">DISPONIBILITE<\/td>\n<\/tr>\n<tr>\n<td style=\"width: 20%;\">\u00e9tals<\/td>\n<td style=\"width: 30%;\">1\u00e8me secteur<\/td>\n<td style=\"width: 70%;\">hospitalit\u00e9 institutionnelle uniquement<\/td>\n<\/tr>\n<tr>\n<td style=\"width: 20%;\">\u00e9tals<\/td>\n<td style=\"width: 30%;\">2\u00e8me secteur<\/td>\n<td style=\"width: 70%;\">partiellement disponibles \u00e0 l&rsquo;avance<\/td>\n<\/tr>\n<tr>\n<td style=\"width: 20%;\">galerie<\/td>\n<td style=\"width: 30%;\">secteur unique<\/td>\n<td style=\"width: 70%;\">en partie disponible \u00e0 l&rsquo;avance<\/td>\n<\/tr>\n<\/tbody>\n<\/table>\n<p>[\/et_pb_text][et_pb_text _builder_version=\u00a0\u00bb4.19.5&Prime; background_size=\u00a0\u00bbinitial\u00a0\u00bb background_position=\u00a0\u00bbtop_left\u00a0\u00bb background_repeat=\u00a0\u00bbrepeat\u00a0\u00bb global_colors_info=\u00a0\u00bb{}\u00a0\u00bb]<\/p>\n<h3>MESURES DE S\u00c9CURIT\u00c9<\/h3>\n<p>Les billets pour les \u00e9v\u00e9nements sont nominatifs, il est donc n\u00e9cessaire de fournir des informations personnelles compl\u00e8tes lors de l&rsquo;achat.<\/p>\n<p>En achetant un forfait aupr\u00e8s de notre agence, vous n&rsquo;avez pas \u00e0 vous soucier de toutes les formalit\u00e9s administratives.<\/p>\n<p>[\/et_pb_text][\/et_pb_column][et_pb_column type=\u00a0\u00bb2_5&Prime; _builder_version=\u00a0\u00bb4.16&Prime; _module_preset=\u00a0\u00bbdefault\u00a0\u00bb global_colors_info=\u00a0\u00bb{}\u00a0\u00bb][et_pb_text _builder_version=\u00a0\u00bb4.27.4&Prime; _module_preset=\u00a0\u00bbdefault\u00a0\u00bb hover_enabled=\u00a0\u00bb0&Prime; global_colors_info=\u00a0\u00bb{}\u00a0\u00bb locked=\u00a0\u00bboff\u00a0\u00bb sticky_enabled=\u00a0\u00bb0&Prime;]<\/p>\n<h3>DEMANDEZ DES INFORMATIONS SUR LES FORFAITS AVEC LES BILLETS DU FESTIVAL DE SANREMO<\/h3>\n\n<div class=\"wpcf7 no-js\" id=\"wpcf7-f443896-o1\" lang=\"it-IT\" dir=\"ltr\" data-wpcf7-id=\"443896\">\n<div class=\"screen-reader-response\"><p role=\"status\" aria-live=\"polite\" aria-atomic=\"true\"><\/p> <ul><\/ul><\/div>\n<form action=\"\/fr\/wp-json\/wp\/v2\/pages\/257910#wpcf7-f443896-o1\" method=\"post\" class=\"wpcf7-form init\" aria-label=\"Modulo di contatto\" novalidate=\"novalidate\" data-status=\"init\">\n<div style=\"display: none;\">\n<input type=\"hidden\" name=\"_wpcf7\" value=\"443896\" \/>\n<input type=\"hidden\" name=\"_wpcf7_version\" value=\"6.0.3\" \/>\n<input type=\"hidden\" name=\"_wpcf7_locale\" value=\"it_IT\" \/>\n<input type=\"hidden\" name=\"_wpcf7_unit_tag\" value=\"wpcf7-f443896-o1\" \/>\n<input type=\"hidden\" name=\"_wpcf7_container_post\" value=\"0\" \/>\n<input type=\"hidden\" name=\"_wpcf7_posted_data_hash\" value=\"\" \/>\n<input type=\"hidden\" name=\"_wpcf7_recaptcha_response\" value=\"\" \/>\n<\/div>\n<p>\t\t<div id=\"cf7md-form\" class=\"cf7md-form\">\n\t\t\t<div class=\"mdc-layout-grid\">\n\t\t\t\t<div class=\"mdc-layout-grid__inner\">\n\t\t\t\t\t\t\t\t\t\t\n<\/p>\n\t\t\n\t\t<div class=\"cf7md-item cf7md-text mdc-layout-grid__cell mdc-layout-grid__cell--span-12\">\n\t\t\t<br \/>\n<span class=\"wpcf7-form-control-wrap\" data-name=\"your-name\"><input size=\"40\" maxlength=\"400\" class=\"wpcf7-form-control wpcf7-text wpcf7-validates-as-required\" aria-required=\"true\" aria-invalid=\"false\" value=\"\" type=\"text\" name=\"your-name\" \/><\/span><br \/>\n\t\t\t\t\t\t<div style=\"display: none;\" class=\"cf7md-text-html\">\n\t\t\t\t<div class=\"mdc-text-field \">\n\t\t\t\t\t\n\t\t\t\t\t\t\t\t\t\t\t<label class=\"mdc-floating-label\">Votre Nom<\/label>\n\t\t\t\t\t\t<div class=\"mdc-line-ripple\"><\/div>\n\t\t\t\t\t\t\t\t\t<\/div>\n\t\t\t<\/div>\n\t\t<\/div>\n\t\t\n\t\t\n\t\t<div class=\"cf7md-item cf7md-text mdc-layout-grid__cell mdc-layout-grid__cell--span-12\">\n\t\t\t<br \/>\n<span class=\"wpcf7-form-control-wrap\" data-name=\"your-email\"><input size=\"40\" maxlength=\"400\" class=\"wpcf7-form-control wpcf7-email wpcf7-validates-as-required wpcf7-text wpcf7-validates-as-email\" aria-required=\"true\" aria-invalid=\"false\" value=\"\" type=\"email\" name=\"your-email\" \/><\/span><br \/>\n\t\t\t\t\t\t<div style=\"display: none;\" class=\"cf7md-text-html\">\n\t\t\t\t<div class=\"mdc-text-field \">\n\t\t\t\t\t\n\t\t\t\t\t\t\t\t\t\t\t<label class=\"mdc-floating-label\">E-mail<\/label>\n\t\t\t\t\t\t<div class=\"mdc-line-ripple\"><\/div>\n\t\t\t\t\t\t\t\t\t<\/div>\n\t\t\t<\/div>\n\t\t<\/div>\n\t\t\n\t\t\n\t\t<div class=\"cf7md-item cf7md-text mdc-layout-grid__cell mdc-layout-grid__cell--span-12\">\n\t\t\t<br \/>\n<span class=\"wpcf7-form-control-wrap\" data-name=\"your-phone\"><input size=\"40\" maxlength=\"400\" class=\"wpcf7-form-control wpcf7-text wpcf7-validates-as-required\" aria-required=\"true\" aria-invalid=\"false\" value=\"\" type=\"text\" name=\"your-phone\" \/><\/span><br \/>\n\t\t\t\t\t\t<div style=\"display: none;\" class=\"cf7md-text-html\">\n\t\t\t\t<div class=\"mdc-text-field \">\n\t\t\t\t\t\n\t\t\t\t\t\t\t\t\t\t\t<label class=\"mdc-floating-label\">Num\u00e9ro de portable<\/label>\n\t\t\t\t\t\t<div class=\"mdc-line-ripple\"><\/div>\n\t\t\t\t\t\t\t\t\t<\/div>\n\t\t\t<\/div>\n\t\t<\/div>\n\t\t\n\t\t\n\t\t<div class=\"cf7md-item cf7md-text mdc-layout-grid__cell mdc-layout-grid__cell--span-12\">\n\t\t\t<br \/>\n<span class=\"wpcf7-form-control-wrap\" data-name=\"your-country\"><input size=\"40\" maxlength=\"400\" class=\"wpcf7-form-control wpcf7-text wpcf7-validates-as-required\" aria-required=\"true\" aria-invalid=\"false\" value=\"\" type=\"text\" name=\"your-country\" \/><\/span><br \/>\n\t\t\t\t\t\t<div style=\"display: none;\" class=\"cf7md-text-html\">\n\t\t\t\t<div class=\"mdc-text-field \">\n\t\t\t\t\t\n\t\t\t\t\t\t\t\t\t\t\t<label class=\"mdc-floating-label\">Votre Nation<\/label>\n\t\t\t\t\t\t<div class=\"mdc-line-ripple\"><\/div>\n\t\t\t\t\t\t\t\t\t<\/div>\n\t\t\t<\/div>\n\t\t<\/div>\n\t\t\n\t\t<div class=\"cf7md-item cf7md-radio mdc-layout-grid__cell mdc-layout-grid__cell--span-12 cf7md-list cf7md-list__stacked\">\n\t\t\t\t\t\t\t<label class=\"cf7md-label cf7md-label--static\">Veuillez s\u00e9lectionner le produit qui vous int\u00e9resse<\/label>\n\t\t\t\t\t\t<br \/>\n<span class=\"wpcf7-form-control-wrap\" data-name=\"radio-671\"><span class=\"wpcf7-form-control wpcf7-radio\"><span class=\"wpcf7-list-item first\"><input type=\"radio\" name=\"radio-671\" value=\"Forfait comprenant les billets pour les 5 soir\u00e9es et un s\u00e9jour de 5 nuits \u00e0 l&#039;h\u00f4tel\" checked=\"checked\" \/><span class=\"wpcf7-list-item-label\">Forfait comprenant les billets pour les 5 soir\u00e9es et un s\u00e9jour de 5 nuits \u00e0 l&#039;h\u00f4tel<\/span><\/span><span class=\"wpcf7-list-item\"><input type=\"radio\" name=\"radio-671\" value=\"R\u00e9server uniquement le s\u00e9jour \u00e0 l&#039;h\u00f4tel - sans billets\" \/><span class=\"wpcf7-list-item-label\">R\u00e9server uniquement le s\u00e9jour \u00e0 l&#039;h\u00f4tel - sans billets<\/span><\/span><span class=\"wpcf7-list-item\"><input type=\"radio\" name=\"radio-671\" value=\"Location d&#039;un appartement - sans billets\" \/><span class=\"wpcf7-list-item-label\">Location d&#039;un appartement - sans billets<\/span><\/span><span class=\"wpcf7-list-item\"><input type=\"radio\" name=\"radio-671\" value=\"Louer une villa - sans billets\" \/><span class=\"wpcf7-list-item-label\">Louer une villa - sans billets<\/span><\/span><span class=\"wpcf7-list-item\"><input type=\"radio\" name=\"radio-671\" value=\"R\u00e9server le service de transfert de l&#039;a\u00e9roport\" \/><span class=\"wpcf7-list-item-label\">R\u00e9server le service de transfert de l&#039;a\u00e9roport<\/span><\/span><span class=\"wpcf7-list-item last\"><input type=\"radio\" name=\"radio-671\" value=\"Forfait touristique avec billets pour des soir\u00e9es individuelles\" \/><span class=\"wpcf7-list-item-label\">Forfait touristique avec billets pour des soir\u00e9es individuelles<\/span><\/span><\/span><\/span><br \/>\n\t\t\t<div style=\"display: none;\" class=\"cf7md-radio-html\">\n\t\t\t\t<div class=\"mdc-radio__background\">\n\t\t\t\t\t<div class=\"mdc-radio__outer-circle\"><\/div>\n\t\t\t\t\t<div class=\"mdc-radio__inner-circle\"><\/div>\n\t\t\t\t<\/div>\n\t\t\t<\/div>\n\t\t\t\t\t<\/div>\n\t\t\n\n\t\t<div class=\"cf7md-item cf7md-textarea mdc-layout-grid__cell mdc-layout-grid__cell--span-12 cf7md-textarea-autosize\">\n\t\t\t<br \/>\n<span class=\"wpcf7-form-control-wrap\" data-name=\"your-message\"><textarea cols=\"40\" rows=\"10\" maxlength=\"2000\" class=\"wpcf7-form-control wpcf7-textarea wpcf7-validates-as-required\" aria-required=\"true\" aria-invalid=\"false\" name=\"your-message\"><\/textarea><\/span><br \/>\n\t\t\t\t\t\t<div style=\"display: none;\" class=\"cf7md-text-html\">\n\t\t\t\t<div class=\"mdc-text-field  mdc-text-field--textarea\">\n\t\t\t\t\t\t\t\t\t\t<div class=\"mdc-notched-outline\">\n\t\t\t\t\t\t<div class=\"mdc-notched-outline__leading\"><\/div>\n\t\t\t\t\t\t<div class=\"mdc-notched-outline__notch\">\n\t\t\t\t\t\t\t<label class=\"mdc-floating-label\">Nombre de personnes et demandes sp\u00e9cifiques<\/label>\n\t\t\t\t\t\t<\/div>\n\t\t\t\t\t\t<div class=\"mdc-notched-outline__trailing\"><\/div>\n\t\t\t\t\t<\/div>\n\t\t\t\t<\/div>\n\t\t\t<\/div>\n\t\t<\/div>\n\t\t\n<p><span class=\"wpcf7-form-control-wrap\" data-name=\"acceptance-345\"><span class=\"wpcf7-form-control wpcf7-acceptance\"><span class=\"wpcf7-list-item\"><input type=\"checkbox\" name=\"acceptance-345\" value=\"1\" aria-invalid=\"false\" \/><\/span><\/span><\/span> Je d\u00e9clare que j'ai lu et j'accepte la Politique de confidentialit\u00e9 \u00e0 <a href=\"http:\/\/www.nyalatravel.com\/fr\/respect-de-la-vie-privee\/\" target=\"_blank\">cette page<\/a>\n<\/p>\n\t\t<div class=\"cf7md-item cf7md-submit mdc-layout-grid__cell mdc-layout-grid__cell--span-12\" data-button-style=\"raised\">\n\t\t\t<br \/>\n<input class=\"wpcf7-form-control wpcf7-submit has-spinner\" type=\"submit\" value=\"Envoyer\" \/><br \/>\n\t\t\t<svg class=\"cf7md-spinner\" width=\"25px\" height=\"25px\" viewBox=\"0 0 66 66\" xmlns=\"http:\/\/www.w3.org\/2000\/svg\">\n\t\t\t\t<circle class=\"cf7md-spinner-path\" fill=\"none\" stroke-width=\"6\" stroke-linecap=\"round\" cx=\"33\" cy=\"33\" r=\"30\"><\/circle>\n\t\t\t<\/svg>\n\t\t<\/div>\n\t\t\n\t\t\t\t\t\t\t\t\t<\/div>\n\t\t\t<\/div>\n\t\t<\/div>\n\t\t\n<\/p><p style=\"display: none !important;\" class=\"akismet-fields-container\" data-prefix=\"_wpcf7_ak_\"><label>&#916;<textarea name=\"_wpcf7_ak_hp_textarea\" cols=\"45\" rows=\"8\" maxlength=\"100\"><\/textarea><\/label><input type=\"hidden\" id=\"ak_js_1\" name=\"_wpcf7_ak_js\" value=\"146\"\/><script>document.getElementById( \"ak_js_1\" ).setAttribute( \"value\", ( new Date() ).getTime() );<\/script><\/p><div class=\"wpcf7-response-output\" aria-hidden=\"true\"><\/div>\n<\/form>\n<\/div>\n\n<p>[\/et_pb_text][et_pb_sidebar orientation=\u00a0\u00bbright\u00a0\u00bb module_class=\u00a0\u00bbsidebar-main\u00a0\u00bb _builder_version=\u00a0\u00bb4.16&Prime; _module_preset=\u00a0\u00bbdefault\u00a0\u00bb global_colors_info=\u00a0\u00bb{}\u00a0\u00bb][\/et_pb_sidebar][\/et_pb_column][\/et_pb_row][\/et_pb_section]<\/p>\n","protected":false},"excerpt":{"rendered":"<p>Toutes les informations dont vous avez besoin pour acheter des billets pour le festival de Sanremo 2024 afin d&rsquo;assister aux soir\u00e9es du festival de la chanson italienne. La billetterie du festival de Sanremo est g\u00e9r\u00e9e par la RAI, radio et t\u00e9l\u00e9vision italienne, qui organise l&rsquo;\u00e9v\u00e9nement. Les places du Th\u00e9\u00e2tre Ariston disponibles pour le public sont [&hellip;]<\/p>\n","protected":false},"author":1,"featured_media":0,"parent":0,"menu_order":0,"comment_status":"closed","ping_status":"closed","template":"","meta":{"_et_pb_use_builder":"on","_et_pb_old_content":"","_et_gb_content_width":"","footnotes":""},"class_list":["post-257910","page","type-page","status-publish","hentry"],"_links":{"self":[{"href":"https:\/\/sanremofestival.info\/fr\/wp-json\/wp\/v2\/pages\/257910","targetHints":{"allow":["GET"]}}],"collection":[{"href":"https:\/\/sanremofestival.info\/fr\/wp-json\/wp\/v2\/pages"}],"about":[{"href":"https:\/\/sanremofestival.info\/fr\/wp-json\/wp\/v2\/types\/page"}],"author":[{"embeddable":true,"href":"https:\/\/sanremofestival.info\/fr\/wp-json\/wp\/v2\/users\/1"}],"replies":[{"embeddable":true,"href":"https:\/\/sanremofestival.info\/fr\/wp-json\/wp\/v2\/comments?post=257910"}],"version-history":[{"count":20,"href":"https:\/\/sanremofestival.info\/fr\/wp-json\/wp\/v2\/pages\/257910\/revisions"}],"predecessor-version":[{"id":444289,"href":"https:\/\/sanremofestival.info\/fr\/wp-json\/wp\/v2\/pages\/257910\/revisions\/444289"}],"wp:attachment":[{"href":"https:\/\/sanremofestival.info\/fr\/wp-json\/wp\/v2\/media?parent=257910"}],"curies":[{"name":"wp","href":"https:\/\/api.w.org\/{rel}","templated":true}]}}