{"id":291213,"date":"2019-01-08T10:13:12","date_gmt":"2019-01-08T10:13:12","guid":{"rendered":"http:\/\/sanremofestival.info\/?page_id=291213"},"modified":"2025-02-19T11:09:34","modified_gmt":"2025-02-19T11:09:34","slug":"waiting-list-festival-de-san-remo","status":"publish","type":"page","link":"https:\/\/sanremofestival.info\/fr\/waiting-list-festival-de-san-remo\/","title":{"rendered":"Waiting List Festival di Sanremo 2026"},"content":{"rendered":"<p>[et_pb_section fb_built=\u00a0\u00bb1&Prime; specialty=\u00a0\u00bbon\u00a0\u00bb module_class=\u00a0\u00bball_pages_section\u00a0\u00bb _builder_version=\u00a0\u00bb4.16&Prime; _module_preset=\u00a0\u00bbdefault\u00a0\u00bb global_colors_info=\u00a0\u00bb{}\u00a0\u00bb][et_pb_column type=\u00a0\u00bb3_4&Prime; specialty_columns=\u00a0\u00bb3&Prime; _builder_version=\u00a0\u00bb4.16&Prime; custom_padding=\u00a0\u00bb|||\u00a0\u00bb global_colors_info=\u00a0\u00bb{}\u00a0\u00bb custom_padding__hover=\u00a0\u00bb|||\u00a0\u00bb][et_pb_row_inner _builder_version=\u00a0\u00bb4.16&Prime; _module_preset=\u00a0\u00bbdefault\u00a0\u00bb global_colors_info=\u00a0\u00bb{}\u00a0\u00bb][et_pb_column_inner saved_specialty_column_type=\u00a0\u00bb3_4&Prime; module_class=\u00a0\u00bbcontent_col\u00a0\u00bb _builder_version=\u00a0\u00bb4.16&Prime; _module_preset=\u00a0\u00bbdefault\u00a0\u00bb global_colors_info=\u00a0\u00bb{}\u00a0\u00bb][et_pb_text _builder_version=\u00a0\u00bb4.27.4&Prime; background_size=\u00a0\u00bbinitial\u00a0\u00bb background_position=\u00a0\u00bbtop_left\u00a0\u00bb background_repeat=\u00a0\u00bbrepeat\u00a0\u00bb hover_enabled=\u00a0\u00bb0&Prime; global_colors_info=\u00a0\u00bb{}\u00a0\u00bb sticky_enabled=\u00a0\u00bb0&Prime;]<\/p>\n<h2><strong>Inscrivez-vous sur notre liste d&rsquo;attente pour le Festival de Sanremo 2026 et vous serez averti d\u00e8s que les nouveaux forfaits s\u00e9jour et billets seront disponibles. <\/strong><\/h2>\n<p>&nbsp;<\/p>\n\n<div class=\"wpcf7 no-js\" id=\"wpcf7-f443901-o1\" lang=\"it-IT\" dir=\"ltr\" data-wpcf7-id=\"443901\">\n<div class=\"screen-reader-response\"><p role=\"status\" aria-live=\"polite\" aria-atomic=\"true\"><\/p> <ul><\/ul><\/div>\n<form action=\"\/fr\/wp-json\/wp\/v2\/pages\/291213#wpcf7-f443901-o1\" method=\"post\" class=\"wpcf7-form init\" aria-label=\"Modulo di contatto\" novalidate=\"novalidate\" data-status=\"init\">\n<div style=\"display: none;\">\n<input type=\"hidden\" name=\"_wpcf7\" value=\"443901\" \/>\n<input type=\"hidden\" name=\"_wpcf7_version\" value=\"6.0.3\" \/>\n<input type=\"hidden\" name=\"_wpcf7_locale\" value=\"it_IT\" \/>\n<input type=\"hidden\" name=\"_wpcf7_unit_tag\" value=\"wpcf7-f443901-o1\" \/>\n<input type=\"hidden\" name=\"_wpcf7_container_post\" value=\"0\" \/>\n<input type=\"hidden\" name=\"_wpcf7_posted_data_hash\" value=\"\" \/>\n<input type=\"hidden\" name=\"_wpcf7_recaptcha_response\" value=\"\" \/>\n<\/div>\n<p>\t\t<div id=\"cf7md-form\" class=\"cf7md-form\">\n\t\t\t<div class=\"mdc-layout-grid\">\n\t\t\t\t<div class=\"mdc-layout-grid__inner\">\n\t\t\t\t\t\t\t\t\t\t\n<\/p>\n\t\t\n\t\t<div class=\"cf7md-item cf7md-text mdc-layout-grid__cell mdc-layout-grid__cell--span-12\">\n\t\t\t<br \/>\n<span class=\"wpcf7-form-control-wrap\" data-name=\"your-name\"><input size=\"40\" maxlength=\"400\" class=\"wpcf7-form-control wpcf7-text wpcf7-validates-as-required\" aria-required=\"true\" aria-invalid=\"false\" value=\"\" type=\"text\" name=\"your-name\" \/><\/span><br \/>\n\t\t\t\t\t\t<div style=\"display: none;\" class=\"cf7md-text-html\">\n\t\t\t\t<div class=\"mdc-text-field \">\n\t\t\t\t\t\n\t\t\t\t\t\t\t\t\t\t\t<label class=\"mdc-floating-label\">Votre Nom<\/label>\n\t\t\t\t\t\t<div class=\"mdc-line-ripple\"><\/div>\n\t\t\t\t\t\t\t\t\t<\/div>\n\t\t\t<\/div>\n\t\t<\/div>\n\t\t\n\t\t\n\t\t<div class=\"cf7md-item cf7md-text mdc-layout-grid__cell mdc-layout-grid__cell--span-12\">\n\t\t\t<br \/>\n<span class=\"wpcf7-form-control-wrap\" data-name=\"your-email\"><input size=\"40\" maxlength=\"400\" class=\"wpcf7-form-control wpcf7-email wpcf7-validates-as-required wpcf7-text wpcf7-validates-as-email\" aria-required=\"true\" aria-invalid=\"false\" value=\"\" type=\"email\" name=\"your-email\" \/><\/span><br \/>\n\t\t\t\t\t\t<div style=\"display: none;\" class=\"cf7md-text-html\">\n\t\t\t\t<div class=\"mdc-text-field \">\n\t\t\t\t\t\n\t\t\t\t\t\t\t\t\t\t\t<label class=\"mdc-floating-label\">Votre E-mail<\/label>\n\t\t\t\t\t\t<div class=\"mdc-line-ripple\"><\/div>\n\t\t\t\t\t\t\t\t\t<\/div>\n\t\t\t<\/div>\n\t\t<\/div>\n\t\t\n\t\t\n\t\t<div class=\"cf7md-item cf7md-text mdc-layout-grid__cell mdc-layout-grid__cell--span-12\">\n\t\t\t<br \/>\n<span class=\"wpcf7-form-control-wrap\" data-name=\"your-phone\"><input size=\"40\" maxlength=\"400\" class=\"wpcf7-form-control wpcf7-text wpcf7-validates-as-required\" aria-required=\"true\" aria-invalid=\"false\" value=\"\" type=\"text\" name=\"your-phone\" \/><\/span><br \/>\n\t\t\t\t\t\t<div style=\"display: none;\" class=\"cf7md-text-html\">\n\t\t\t\t<div class=\"mdc-text-field \">\n\t\t\t\t\t\n\t\t\t\t\t\t\t\t\t\t\t<label class=\"mdc-floating-label\">Votre num\u00e9ro de t\u00e9l\u00e9phone mobile avec l'indicatif du pays<\/label>\n\t\t\t\t\t\t<div class=\"mdc-line-ripple\"><\/div>\n\t\t\t\t\t\t\t\t\t<\/div>\n\t\t\t<\/div>\n\t\t<\/div>\n\t\t\n\t\t\n\t\t<div class=\"cf7md-item cf7md-text mdc-layout-grid__cell mdc-layout-grid__cell--span-12\">\n\t\t\t<br \/>\n<span class=\"wpcf7-form-control-wrap\" data-name=\"your-country\"><input size=\"40\" maxlength=\"400\" class=\"wpcf7-form-control wpcf7-text wpcf7-validates-as-required\" aria-required=\"true\" aria-invalid=\"false\" value=\"\" type=\"text\" name=\"your-country\" \/><\/span><br \/>\n\t\t\t\t\t\t<div style=\"display: none;\" class=\"cf7md-text-html\">\n\t\t\t\t<div class=\"mdc-text-field \">\n\t\t\t\t\t\n\t\t\t\t\t\t\t\t\t\t\t<label class=\"mdc-floating-label\">Votre Nation<\/label>\n\t\t\t\t\t\t<div class=\"mdc-line-ripple\"><\/div>\n\t\t\t\t\t\t\t\t\t<\/div>\n\t\t\t<\/div>\n\t\t<\/div>\n\t\t\n\t\t<div class=\"cf7md-item cf7md-radio mdc-layout-grid__cell mdc-layout-grid__cell--span-12 cf7md-list cf7md-list__stacked\">\n\t\t\t\t\t\t\t<label class=\"cf7md-label cf7md-label--static\">S\u00e9lectionnez le produit que vous souhaitez<\/label>\n\t\t\t\t\t\t<br \/>\n<span class=\"wpcf7-form-control-wrap\" data-name=\"radio-671\"><span class=\"wpcf7-form-control wpcf7-radio\"><span class=\"wpcf7-list-item first\"><input type=\"radio\" name=\"radio-671\" value=\"Forfaits 5 soir\u00e9es avec h\u00f4tel\" checked=\"checked\" \/><span class=\"wpcf7-list-item-label\">Forfaits 5 soir\u00e9es avec h\u00f4tel<\/span><\/span><span class=\"wpcf7-list-item\"><input type=\"radio\" name=\"radio-671\" value=\"Forfaits 1 soir\u00e9e avec h\u00f4tel\" \/><span class=\"wpcf7-list-item-label\">Forfaits 1 soir\u00e9e avec h\u00f4tel<\/span><\/span><span class=\"wpcf7-list-item last\"><input type=\"radio\" name=\"radio-671\" value=\"S\u00e9jour h\u00f4tel seulement\" \/><span class=\"wpcf7-list-item-label\">S\u00e9jour h\u00f4tel seulement<\/span><\/span><\/span><\/span><br \/>\n\t\t\t<div style=\"display: none;\" class=\"cf7md-radio-html\">\n\t\t\t\t<div class=\"mdc-radio__background\">\n\t\t\t\t\t<div class=\"mdc-radio__outer-circle\"><\/div>\n\t\t\t\t\t<div class=\"mdc-radio__inner-circle\"><\/div>\n\t\t\t\t<\/div>\n\t\t\t<\/div>\n\t\t\t\t\t<\/div>\n\t\t\n\t\t<div class=\"cf7md-item cf7md-accept cf7md-is-wpcf7v5 mdc-layout-grid__cell mdc-layout-grid__cell--span-12\">\n\t\t\t\t\t\t<br \/>\n<span class=\"wpcf7-form-control-wrap\" data-name=\"acceptance-345\"><span class=\"wpcf7-form-control wpcf7-acceptance\"><span class=\"wpcf7-list-item\"><input type=\"checkbox\" name=\"acceptance-345\" value=\"1\" aria-invalid=\"false\" \/><\/span><\/span><\/span><br \/>\n\t\t\t<label class=\"cf7md-accept-label\">Je d\u00e9clare que j'ai lu et j'accepte la <a href=https:\/\/nyalatravel.com\/fr\/respect-de-la-vie-privee\/ target=_blank>Politique de confidentialit\u00e9<\/a><\/label>\n\t\t\t<div style=\"display: none;\" class=\"cf7md-checkbox-html\">\n\t\t\t\t<div class=\"mdc-checkbox__background\">\n\t\t\t\t\t<svg class=\"mdc-checkbox__checkmark\" viewBox=\"0 0 24 24\">\n\t\t\t\t\t\t<path class=\"mdc-checkbox__checkmark-path\" fill=\"none\" d=\"M1.73,12.91 8.1,19.28 22.79,4.59\"\/>\n\t\t\t\t\t<\/svg>\n\t\t\t\t\t<div class=\"mdc-checkbox__mixedmark\"><\/div>\n\t\t\t\t<\/div>\n\t\t\t<\/div>\n\t\t\t\t\t<\/div>\n\t\t\n\n\t\t<div class=\"cf7md-item cf7md-submit mdc-layout-grid__cell mdc-layout-grid__cell--span-12\" data-button-style=\"raised\">\n\t\t\t<br \/>\n<input class=\"wpcf7-form-control wpcf7-submit has-spinner\" type=\"submit\" value=\"S&#039;INSCRIRE SUR LA LISTE D&#039;ATTENTE\" \/><br \/>\n\t\t\t<svg class=\"cf7md-spinner\" width=\"25px\" height=\"25px\" viewBox=\"0 0 66 66\" xmlns=\"http:\/\/www.w3.org\/2000\/svg\">\n\t\t\t\t<circle class=\"cf7md-spinner-path\" fill=\"none\" stroke-width=\"6\" stroke-linecap=\"round\" cx=\"33\" cy=\"33\" r=\"30\"><\/circle>\n\t\t\t<\/svg>\n\t\t<\/div>\n\t\t\n\t\t\t\t\t\t\t\t\t<\/div>\n\t\t\t<\/div>\n\t\t<\/div>\n\t\t\n<\/p><p style=\"display: none !important;\" class=\"akismet-fields-container\" data-prefix=\"_wpcf7_ak_\"><label>&#916;<textarea name=\"_wpcf7_ak_hp_textarea\" cols=\"45\" rows=\"8\" maxlength=\"100\"><\/textarea><\/label><input type=\"hidden\" id=\"ak_js_1\" name=\"_wpcf7_ak_js\" value=\"221\"\/><script>document.getElementById( \"ak_js_1\" ).setAttribute( \"value\", ( new Date() ).getTime() );<\/script><\/p><div class=\"wpcf7-response-output\" aria-hidden=\"true\"><\/div>\n<\/form>\n<\/div>\n\n<p>[\/et_pb_text][\/et_pb_column_inner][\/et_pb_row_inner][\/et_pb_column][et_pb_column type=\u00a0\u00bb1_4&Prime; _builder_version=\u00a0\u00bb4.16&Prime; custom_padding=\u00a0\u00bb|||\u00a0\u00bb global_colors_info=\u00a0\u00bb{}\u00a0\u00bb custom_padding__hover=\u00a0\u00bb|||\u00a0\u00bb][et_pb_sidebar orientation=\u00a0\u00bbright\u00a0\u00bb module_class=\u00a0\u00bbsidebar-main\u00a0\u00bb _builder_version=\u00a0\u00bb4.27.4&Prime; _module_preset=\u00a0\u00bbdefault\u00a0\u00bb global_colors_info=\u00a0\u00bb{}\u00a0\u00bb][\/et_pb_sidebar][\/et_pb_column][\/et_pb_section]<\/p>\n","protected":false},"excerpt":{"rendered":"<p>Inscrivez-vous sur notre liste d&rsquo;attente pour le Festival de Sanremo 2026 et vous serez averti d\u00e8s que les nouveaux forfaits s\u00e9jour et billets seront disponibles. &nbsp; \n<div class=\"wpcf7 no-js\" id=\"wpcf7-f443901-o2\" lang=\"it-IT\" dir=\"ltr\" data-wpcf7-id=\"443901\">\n<div class=\"screen-reader-response\"><p role=\"status\" aria-live=\"polite\" aria-atomic=\"true\"><\/p> <ul><\/ul><\/div>\n<form action=\"\/fr\/wp-json\/wp\/v2\/pages\/291213#wpcf7-f443901-o2\" method=\"post\" class=\"wpcf7-form init\" aria-label=\"Modulo di contatto\" novalidate=\"novalidate\" data-status=\"init\">\n<div style=\"display: none;\">\n<input type=\"hidden\" name=\"_wpcf7\" value=\"443901\" \/>\n<input type=\"hidden\" name=\"_wpcf7_version\" value=\"6.0.3\" \/>\n<input type=\"hidden\" name=\"_wpcf7_locale\" value=\"it_IT\" \/>\n<input type=\"hidden\" name=\"_wpcf7_unit_tag\" value=\"wpcf7-f443901-o2\" \/>\n<input type=\"hidden\" name=\"_wpcf7_container_post\" value=\"0\" \/>\n<input type=\"hidden\" name=\"_wpcf7_posted_data_hash\" value=\"\" \/>\n<input type=\"hidden\" name=\"_wpcf7_recaptcha_response\" value=\"\" \/>\n<\/div>\n<p>\t\t<div id=\"cf7md-form\" class=\"cf7md-form\">\n\t\t\t<div class=\"mdc-layout-grid\">\n\t\t\t\t<div class=\"mdc-layout-grid__inner\">\n\t\t\t\t\t\t\t\t\t\t\n<\/p>\n\t\t\n\t\t<div class=\"cf7md-item cf7md-text mdc-layout-grid__cell mdc-layout-grid__cell--span-12\">\n\t\t\t<br \/>\n<span class=\"wpcf7-form-control-wrap\" data-name=\"your-name\"><input size=\"40\" maxlength=\"400\" class=\"wpcf7-form-control wpcf7-text wpcf7-validates-as-required\" aria-required=\"true\" aria-invalid=\"false\" value=\"\" type=\"text\" name=\"your-name\" \/><\/span><br \/>\n\t\t\t\t\t\t<div style=\"display: none;\" class=\"cf7md-text-html\">\n\t\t\t\t<div class=\"mdc-text-field \">\n\t\t\t\t\t\n\t\t\t\t\t\t\t\t\t\t\t<label class=\"mdc-floating-label\">Votre Nom<\/label>\n\t\t\t\t\t\t<div class=\"mdc-line-ripple\"><\/div>\n\t\t\t\t\t\t\t\t\t<\/div>\n\t\t\t<\/div>\n\t\t<\/div>\n\t\t\n\t\t\n\t\t<div class=\"cf7md-item cf7md-text mdc-layout-grid__cell mdc-layout-grid__cell--span-12\">\n\t\t\t<br \/>\n<span class=\"wpcf7-form-control-wrap\" data-name=\"your-email\"><input size=\"40\" maxlength=\"400\" class=\"wpcf7-form-control wpcf7-email wpcf7-validates-as-required wpcf7-text wpcf7-validates-as-email\" aria-required=\"true\" aria-invalid=\"false\" value=\"\" type=\"email\" name=\"your-email\" \/><\/span><br \/>\n\t\t\t\t\t\t<div style=\"display: none;\" class=\"cf7md-text-html\">\n\t\t\t\t<div class=\"mdc-text-field \">\n\t\t\t\t\t\n\t\t\t\t\t\t\t\t\t\t\t<label class=\"mdc-floating-label\">Votre E-mail<\/label>\n\t\t\t\t\t\t<div class=\"mdc-line-ripple\"><\/div>\n\t\t\t\t\t\t\t\t\t<\/div>\n\t\t\t<\/div>\n\t\t<\/div>\n\t\t\n\t\t\n\t\t<div class=\"cf7md-item cf7md-text mdc-layout-grid__cell mdc-layout-grid__cell--span-12\">\n\t\t\t<br \/>\n<span class=\"wpcf7-form-control-wrap\" data-name=\"your-phone\"><input size=\"40\" maxlength=\"400\" class=\"wpcf7-form-control wpcf7-text wpcf7-validates-as-required\" aria-required=\"true\" aria-invalid=\"false\" value=\"\" type=\"text\" name=\"your-phone\" \/><\/span><br \/>\n\t\t\t\t\t\t<div style=\"display: none;\" class=\"cf7md-text-html\">\n\t\t\t\t<div class=\"mdc-text-field \">\n\t\t\t\t\t\n\t\t\t\t\t\t\t\t\t\t\t<label class=\"mdc-floating-label\">Votre num\u00e9ro de t\u00e9l\u00e9phone mobile avec l'indicatif du pays<\/label>\n\t\t\t\t\t\t<div class=\"mdc-line-ripple\"><\/div>\n\t\t\t\t\t\t\t\t\t<\/div>\n\t\t\t<\/div>\n\t\t<\/div>\n\t\t\n\t\t\n\t\t<div class=\"cf7md-item cf7md-text mdc-layout-grid__cell mdc-layout-grid__cell--span-12\">\n\t\t\t<br \/>\n<span class=\"wpcf7-form-control-wrap\" data-name=\"your-country\"><input size=\"40\" maxlength=\"400\" class=\"wpcf7-form-control wpcf7-text wpcf7-validates-as-required\" aria-required=\"true\" aria-invalid=\"false\" value=\"\" type=\"text\" name=\"your-country\" \/><\/span><br \/>\n\t\t\t\t\t\t<div style=\"display: none;\" class=\"cf7md-text-html\">\n\t\t\t\t<div class=\"mdc-text-field \">\n\t\t\t\t\t\n\t\t\t\t\t\t\t\t\t\t\t<label class=\"mdc-floating-label\">Votre Nation<\/label>\n\t\t\t\t\t\t<div class=\"mdc-line-ripple\"><\/div>\n\t\t\t\t\t\t\t\t\t<\/div>\n\t\t\t<\/div>\n\t\t<\/div>\n\t\t\n\t\t<div class=\"cf7md-item cf7md-radio mdc-layout-grid__cell mdc-layout-grid__cell--span-12 cf7md-list cf7md-list__stacked\">\n\t\t\t\t\t\t\t<label class=\"cf7md-label cf7md-label--static\">S\u00e9lectionnez le produit que vous souhaitez<\/label>\n\t\t\t\t\t\t<br \/>\n<span class=\"wpcf7-form-control-wrap\" data-name=\"radio-671\"><span class=\"wpcf7-form-control wpcf7-radio\"><span class=\"wpcf7-list-item first\"><input type=\"radio\" name=\"radio-671\" value=\"Forfaits 5 soir\u00e9es avec h\u00f4tel\" checked=\"checked\" \/><span class=\"wpcf7-list-item-label\">Forfaits 5 soir\u00e9es avec h\u00f4tel<\/span><\/span><span class=\"wpcf7-list-item\"><input type=\"radio\" name=\"radio-671\" value=\"Forfaits 1 soir\u00e9e avec h\u00f4tel\" \/><span class=\"wpcf7-list-item-label\">Forfaits 1 soir\u00e9e avec h\u00f4tel<\/span><\/span><span class=\"wpcf7-list-item last\"><input type=\"radio\" name=\"radio-671\" value=\"S\u00e9jour h\u00f4tel seulement\" \/><span class=\"wpcf7-list-item-label\">S\u00e9jour h\u00f4tel seulement<\/span><\/span><\/span><\/span><br \/>\n\t\t\t<div style=\"display: none;\" class=\"cf7md-radio-html\">\n\t\t\t\t<div class=\"mdc-radio__background\">\n\t\t\t\t\t<div class=\"mdc-radio__outer-circle\"><\/div>\n\t\t\t\t\t<div class=\"mdc-radio__inner-circle\"><\/div>\n\t\t\t\t<\/div>\n\t\t\t<\/div>\n\t\t\t\t\t<\/div>\n\t\t\n\t\t<div class=\"cf7md-item cf7md-accept cf7md-is-wpcf7v5 mdc-layout-grid__cell mdc-layout-grid__cell--span-12\">\n\t\t\t\t\t\t<br \/>\n<span class=\"wpcf7-form-control-wrap\" data-name=\"acceptance-345\"><span class=\"wpcf7-form-control wpcf7-acceptance\"><span class=\"wpcf7-list-item\"><input type=\"checkbox\" name=\"acceptance-345\" value=\"1\" aria-invalid=\"false\" \/><\/span><\/span><\/span><br \/>\n\t\t\t<label class=\"cf7md-accept-label\">Je d\u00e9clare que j'ai lu et j'accepte la <a href=https:\/\/nyalatravel.com\/fr\/respect-de-la-vie-privee\/ target=_blank>Politique de confidentialit\u00e9<\/a><\/label>\n\t\t\t<div style=\"display: none;\" class=\"cf7md-checkbox-html\">\n\t\t\t\t<div class=\"mdc-checkbox__background\">\n\t\t\t\t\t<svg class=\"mdc-checkbox__checkmark\" viewBox=\"0 0 24 24\">\n\t\t\t\t\t\t<path class=\"mdc-checkbox__checkmark-path\" fill=\"none\" d=\"M1.73,12.91 8.1,19.28 22.79,4.59\"\/>\n\t\t\t\t\t<\/svg>\n\t\t\t\t\t<div class=\"mdc-checkbox__mixedmark\"><\/div>\n\t\t\t\t<\/div>\n\t\t\t<\/div>\n\t\t\t\t\t<\/div>\n\t\t\n\n\t\t<div class=\"cf7md-item cf7md-submit mdc-layout-grid__cell mdc-layout-grid__cell--span-12\" data-button-style=\"raised\">\n\t\t\t<br \/>\n<input class=\"wpcf7-form-control wpcf7-submit has-spinner\" type=\"submit\" value=\"S&#039;INSCRIRE SUR LA LISTE D&#039;ATTENTE\" \/><br \/>\n\t\t\t<svg class=\"cf7md-spinner\" width=\"25px\" height=\"25px\" viewBox=\"0 0 66 66\" xmlns=\"http:\/\/www.w3.org\/2000\/svg\">\n\t\t\t\t<circle class=\"cf7md-spinner-path\" fill=\"none\" stroke-width=\"6\" stroke-linecap=\"round\" cx=\"33\" cy=\"33\" r=\"30\"><\/circle>\n\t\t\t<\/svg>\n\t\t<\/div>\n\t\t\n\t\t\t\t\t\t\t\t\t<\/div>\n\t\t\t<\/div>\n\t\t<\/div>\n\t\t\n<\/p><p style=\"display: none !important;\" class=\"akismet-fields-container\" data-prefix=\"_wpcf7_ak_\"><label>&#916;<textarea name=\"_wpcf7_ak_hp_textarea\" cols=\"45\" rows=\"8\" maxlength=\"100\"><\/textarea><\/label><input type=\"hidden\" id=\"ak_js_2\" name=\"_wpcf7_ak_js\" value=\"127\"\/><script>document.getElementById( \"ak_js_2\" ).setAttribute( \"value\", ( new Date() ).getTime() );<\/script><\/p><div class=\"wpcf7-response-output\" aria-hidden=\"true\"><\/div>\n<\/form>\n<\/div>\n<\/p>\n","protected":false},"author":1,"featured_media":0,"parent":0,"menu_order":0,"comment_status":"closed","ping_status":"closed","template":"","meta":{"_et_pb_use_builder":"on","_et_pb_old_content":"<h2>Enregistrez-vous \u00e0 notre waiting list du Festival de San Remo pour recevoir des nouvelles \u00e0 propos de nouveaux forfaits de sejour et les billets.<\/h2>\r\n\u00a0\r\n\r\n[contact-form-7 id=\"266115\" title=\"Waiting List FR\"]","_et_gb_content_width":"","footnotes":""},"class_list":["post-291213","page","type-page","status-publish","hentry"],"_links":{"self":[{"href":"https:\/\/sanremofestival.info\/fr\/wp-json\/wp\/v2\/pages\/291213","targetHints":{"allow":["GET"]}}],"collection":[{"href":"https:\/\/sanremofestival.info\/fr\/wp-json\/wp\/v2\/pages"}],"about":[{"href":"https:\/\/sanremofestival.info\/fr\/wp-json\/wp\/v2\/types\/page"}],"author":[{"embeddable":true,"href":"https:\/\/sanremofestival.info\/fr\/wp-json\/wp\/v2\/users\/1"}],"replies":[{"embeddable":true,"href":"https:\/\/sanremofestival.info\/fr\/wp-json\/wp\/v2\/comments?post=291213"}],"version-history":[{"count":18,"href":"https:\/\/sanremofestival.info\/fr\/wp-json\/wp\/v2\/pages\/291213\/revisions"}],"predecessor-version":[{"id":444276,"href":"https:\/\/sanremofestival.info\/fr\/wp-json\/wp\/v2\/pages\/291213\/revisions\/444276"}],"wp:attachment":[{"href":"https:\/\/sanremofestival.info\/fr\/wp-json\/wp\/v2\/media?parent=291213"}],"curies":[{"name":"wp","href":"https:\/\/api.w.org\/{rel}","templated":true}]}}