{"id":444005,"date":"2024-09-10T11:50:19","date_gmt":"2024-09-10T11:50:19","guid":{"rendered":"https:\/\/sanremofestival.info\/le-prix-tenco\/"},"modified":"2024-09-10T11:50:19","modified_gmt":"2024-09-10T11:50:19","slug":"le-prix-tenco","status":"publish","type":"page","link":"https:\/\/sanremofestival.info\/fr\/le-prix-tenco\/","title":{"rendered":"Le Prix Tenco"},"content":{"rendered":"\n<p>Le Prix Tenco, qui c\u00e9l\u00e8bre cette ann\u00e9e son cinquanti\u00e8me anniversaire, se d\u00e9roulera du 17 au 19 octobre 2024 au Th\u00e9\u00e2tre Ariston de Sanremo. Cet \u00e9v\u00e9nement, l&rsquo;un des festivals les plus prestigieux consacr\u00e9s \u00e0 la chanson d\u2019auteur, offre une plateforme unique aux artistes de renomm\u00e9e mondiale.<\/p>\n\n<p>Depuis 1974, la manifestation annuelle met en lumi\u00e8re l&rsquo;excellence artistique et culturelle dans le domaine de la chanson d\u2019auteur, en pr\u00e9sentant des talents italiens et internationaux. Le Prix Tenco est d\u00e9cern\u00e9 par le Club Tenco aux artistes ayant eu un impact significatif sur la sc\u00e8ne musicale mondiale. Chaque ann\u00e9e, les laur\u00e9ats re\u00e7oivent le prix lors d&rsquo;un bref concert c\u00e9l\u00e9brant leur contribution \u00e0 la musique.<\/p>\n\n<p>En plus du Prix Tenco, le Club attribue \u00e9galement le Prix Tenco \u00e0 l&rsquo;Op\u00e9rateur Culturel, pour honorer ceux qui ont soutenu et promu la culture musicale, et le Prix Yorum. Ce dernier, en collaboration avec Amnesty International Italie, est d\u00e9cern\u00e9 aux artistes qui luttent pour les droits humains et la libert\u00e9 d\u2019expression, souvent au risque de leur s\u00e9curit\u00e9 personnelle.<\/p>\n\n<p>Le Prix Tenco repr\u00e9sente non seulement une c\u00e9l\u00e9bration de la chanson d\u2019auteur, mais aussi une opportunit\u00e9 importante de r\u00e9seautage entre artistes et professionnels du secteur. La manifestation est un moment de rencontre, d\u2019\u00e9change et d\u2019amiti\u00e9 qui enrichit l\u2019exp\u00e9rience de tous les participants et renforce le paysage musical international.<\/p>\n\n<p><\/p>\n\n<p><p>Si vous \u00eates int\u00e9ress\u00e9 par l&rsquo;achat de billets pour les soir\u00e9es du Festival de Sanremo et l&rsquo;h\u00e9bergement \u00e0 l&rsquo;h\u00f4tel, nous vous invitons \u00e0 consulter <strong><a href=\"https:\/\/sanremofestival.info\/fr\/forfaits-du-festival-de-san-remo\/\" target=\"_blank\" rel=\"noopener\">nos forfaits<\/a><\/strong>.<\/p><\/p>\n","protected":false},"excerpt":{"rendered":"<p>Le Prix Tenco, l&rsquo;un des festivals les plus prestigieux consacr\u00e9s \u00e0 la chanson d\u2019auteur, offre une plateforme unique aux artistes de renomm\u00e9e mondiale.<\/p>\n","protected":false},"author":68,"featured_media":435593,"parent":0,"menu_order":0,"comment_status":"closed","ping_status":"closed","template":"","meta":{"_et_pb_use_builder":"off","_et_pb_old_content":"","_et_gb_content_width":"","footnotes":""},"class_list":["post-444005","page","type-page","status-publish","has-post-thumbnail","hentry"],"_links":{"self":[{"href":"https:\/\/sanremofestival.info\/fr\/wp-json\/wp\/v2\/pages\/444005","targetHints":{"allow":["GET"]}}],"collection":[{"href":"https:\/\/sanremofestival.info\/fr\/wp-json\/wp\/v2\/pages"}],"about":[{"href":"https:\/\/sanremofestival.info\/fr\/wp-json\/wp\/v2\/types\/page"}],"author":[{"embeddable":true,"href":"https:\/\/sanremofestival.info\/fr\/wp-json\/wp\/v2\/users\/68"}],"replies":[{"embeddable":true,"href":"https:\/\/sanremofestival.info\/fr\/wp-json\/wp\/v2\/comments?post=444005"}],"version-history":[{"count":1,"href":"https:\/\/sanremofestival.info\/fr\/wp-json\/wp\/v2\/pages\/444005\/revisions"}],"predecessor-version":[{"id":444006,"href":"https:\/\/sanremofestival.info\/fr\/wp-json\/wp\/v2\/pages\/444005\/revisions\/444006"}],"wp:featuredmedia":[{"embeddable":true,"href":"https:\/\/sanremofestival.info\/fr\/wp-json\/wp\/v2\/media\/435593"}],"wp:attachment":[{"href":"https:\/\/sanremofestival.info\/fr\/wp-json\/wp\/v2\/media?parent=444005"}],"curies":[{"name":"wp","href":"https:\/\/api.w.org\/{rel}","templated":true}]}}